{"id":11,"date":"2018-05-22T08:37:22","date_gmt":"2018-05-22T08:37:22","guid":{"rendered":"https:\/\/dourox1.com\/?page_id=11"},"modified":"2019-08-02T12:07:24","modified_gmt":"2019-08-02T12:07:24","slug":"contacts","status":"publish","type":"page","link":"https:\/\/dourox1.com\/pt\/contacts\/","title":{"rendered":"Contactos"},"content":{"rendered":"<div id=\"contact-form\">\n<p>Contacte-nos atrav\u00e9s do formul\u00e1rio:<br \/>\n\n<div class=\"wpcf7 no-js\" id=\"wpcf7-f332-o1\" lang=\"en-US\" dir=\"ltr\" data-wpcf7-id=\"332\">\n<div class=\"screen-reader-response\"><p role=\"status\" aria-live=\"polite\" aria-atomic=\"true\"><\/p> <ul><\/ul><\/div>\n<form action=\"\/pt\/wp-json\/wp\/v2\/pages\/11#wpcf7-f332-o1\" method=\"post\" class=\"wpcf7-form init\" aria-label=\"Contact form\" novalidate=\"novalidate\" data-status=\"init\">\n<div style=\"display: none;\">\n<input type=\"hidden\" name=\"_wpcf7\" value=\"332\" \/>\n<input type=\"hidden\" name=\"_wpcf7_version\" value=\"6.0.6\" \/>\n<input type=\"hidden\" name=\"_wpcf7_locale\" value=\"en_US\" \/>\n<input type=\"hidden\" name=\"_wpcf7_unit_tag\" value=\"wpcf7-f332-o1\" \/>\n<input type=\"hidden\" name=\"_wpcf7_container_post\" value=\"0\" \/>\n<input type=\"hidden\" name=\"_wpcf7_posted_data_hash\" value=\"\" \/>\n<\/div>\n<p><label> Nome (obrigat\u00f3rio)<br \/>\n<span class=\"wpcf7-form-control-wrap\" data-name=\"your-name\"><input size=\"40\" maxlength=\"400\" class=\"wpcf7-form-control wpcf7-text wpcf7-validates-as-required\" aria-required=\"true\" aria-invalid=\"false\" value=\"\" type=\"text\" name=\"your-name\" \/><\/span> <\/label>\n<\/p>\n<p><label> Email (obrigat\u00f3rio)<br \/>\n<span class=\"wpcf7-form-control-wrap\" data-name=\"your-email\"><input size=\"40\" maxlength=\"400\" class=\"wpcf7-form-control wpcf7-email wpcf7-validates-as-required wpcf7-text wpcf7-validates-as-email\" aria-required=\"true\" aria-invalid=\"false\" value=\"\" type=\"email\" name=\"your-email\" \/><\/span> <\/label>\n<\/p>\n<p><label> Assunto<br \/>\n<span class=\"wpcf7-form-control-wrap\" data-name=\"your-subject\"><input size=\"40\" maxlength=\"400\" class=\"wpcf7-form-control wpcf7-text\" aria-invalid=\"false\" value=\"\" type=\"text\" name=\"your-subject\" \/><\/span> <\/label>\n<\/p>\n<p><label> Mensagem<br \/>\n<span class=\"wpcf7-form-control-wrap\" data-name=\"your-message\"><textarea cols=\"40\" rows=\"10\" maxlength=\"2000\" class=\"wpcf7-form-control wpcf7-textarea\" aria-invalid=\"false\" name=\"your-message\"><\/textarea><\/span> <\/label><br \/>\n<span id=\"wpcf7-69f3c2fd2f7ef-wrapper\" class=\"wpcf7-form-control-wrap honeypot-705-wrap\" style=\"display:none !important; visibility:hidden !important;\"><label for=\"wpcf7-69f3c2fd2f7ef-field\" class=\"hp-message\">Please leave this field empty.<\/label><input id=\"wpcf7-69f3c2fd2f7ef-field\"class=\"wpcf7-form-control wpcf7-text\"  type=\"text\" name=\"honeypot-705\" value=\"\" size=\"40\" tabindex=\"-1\" autocomplete=\"new-password\" \/><\/span><br \/>\n<input class=\"wpcf7-form-control wpcf7-submit has-spinner\" type=\"submit\" value=\"Enviar\" \/>\n<\/p><div class=\"wpcf7-response-output\" aria-hidden=\"true\"><\/div>\n<\/form>\n<\/div>\n<\/p>\n<\/div>\n<div id=\"contact-info\">\n<p>Ou atrav\u00e9s de:<\/p>\n<p><strong>Telefone:<\/strong> <a href=\"tel:+351917066263\">(+351) 91 706 62 63<\/a><\/p>\n<p><strong>Email:<\/strong> <a href=\"mailto:dourox1@gmail.com\">dourox1@gmail.com<\/a> (geral ou reservas)<\/p>\n<p><strong>Endere\u00e7o:<\/strong> Costa do Vale<br \/>\nUni\u00e3o de Freguesias de Peso da R\u00e9gua e Godim<br \/>\n5050-091, Peso da R\u00e9gua<br \/>\nVila Real<\/p>\n<p><iframe loading=\"lazy\" style=\"border: 0;\" src=\"https:\/\/www.google.com\/maps\/embed?pb=!1m18!1m12!1m3!1d12012.48110949449!2d-7.808315178420608!3d41.175543750367495!2m3!1f0!2f0!3f0!3m2!1i1024!2i768!4f13.1!3m3!1m2!1s0xd24b2a78fcdd83d%3A0x5974df372faf8b88!2s5050-091+Godim!5e0!3m2!1spt-PT!2spt!4v1528360510223\" width=\"600\" height=\"450\" frameborder=\"0\" allowfullscreen=\"allowfullscreen\"><\/iframe><\/p>\n<\/div>\n","protected":false},"excerpt":{"rendered":"<p>Contacte-nos atrav\u00e9s do formul\u00e1rio: Ou atrav\u00e9s de: Telefone: (+351) 91 706 62 63 Email: dourox1@gmail.com (geral ou reservas) Endere\u00e7o: Costa do Vale Uni\u00e3o de Freguesias de Peso da R\u00e9gua e Godim 5050-091, Peso da R\u00e9gua Vila Real<\/p>\n","protected":false},"author":3,"featured_media":0,"parent":0,"menu_order":0,"comment_status":"closed","ping_status":"closed","template":"","meta":{"footnotes":""},"class_list":["post-11","page","type-page","status-publish","hentry"],"translation":{"provider":"WPGlobus","version":"2.7.1","language":"pt","enabled_languages":["en","pt"],"languages":{"en":{"title":true,"content":true,"excerpt":false},"pt":{"title":true,"content":true,"excerpt":false}}},"yoast_head":"<!-- This site is optimized with the Yoast SEO plugin v26.9 - https:\/\/yoast.com\/product\/yoast-seo-wordpress\/ -->\n<title>Contactos - Douro X1<\/title>\n<meta name=\"description\" content=\"Estamos \u00e0 espera da sua mensagem. Contacte-nos atrav\u00e9s do formul\u00e1rio, telefone ou email. Pode tamb\u00e9m visitar-nos na Costa do Vale, Peso da R\u00e9gua (Portugal).\" \/>\n<meta name=\"robots\" content=\"index, follow, max-snippet:-1, max-image-preview:large, max-video-preview:-1\" \/>\n<link rel=\"canonical\" href=\"https:\/\/dourox1.com\/contacts\/\" \/>\n<meta property=\"og:locale\" content=\"pt_PT\" \/>\n<meta property=\"og:type\" content=\"article\" \/>\n<meta property=\"og:title\" content=\"Contactos - Douro X1\" \/>\n<meta property=\"og:description\" content=\"Estamos \u00e0 espera da sua mensagem. Contacte-nos atrav\u00e9s do formul\u00e1rio, telefone ou email. Pode tamb\u00e9m visitar-nos na Costa do Vale, Peso da R\u00e9gua (Portugal).\" \/>\n<meta property=\"og:url\" content=\"https:\/\/dourox1.com\/contacts\/\" \/>\n<meta property=\"og:site_name\" content=\"Douro X1\" \/>\n<meta property=\"article:modified_time\" content=\"2019-08-02T12:07:24+00:00\" \/>\n<meta name=\"twitter:card\" content=\"summary_large_image\" \/>\n<script type=\"application\/ld+json\" class=\"yoast-schema-graph\">{\"@context\":\"https:\/\/schema.org\",\"@graph\":[{\"@type\":\"WebPage\",\"@id\":\"https:\/\/dourox1.com\/contacts\/\",\"url\":\"https:\/\/dourox1.com\/contacts\/\",\"name\":\"Contactos - Douro X1\",\"isPartOf\":{\"@id\":\"https:\/\/dourox1.com\/#website\"},\"datePublished\":\"2018-05-22T08:37:22+00:00\",\"dateModified\":\"2019-08-02T12:07:24+00:00\",\"description\":\"Estamos \u00e0 espera da sua mensagem. Contacte-nos atrav\u00e9s do formul\u00e1rio, telefone ou email. Pode tamb\u00e9m visitar-nos na Costa do Vale, Peso da R\u00e9gua (Portugal).\",\"breadcrumb\":{\"@id\":\"https:\/\/dourox1.com\/contacts\/#breadcrumb\"},\"inLanguage\":\"pt-PT\",\"potentialAction\":[{\"@type\":\"ReadAction\",\"target\":[\"https:\/\/dourox1.com\/contacts\/\"]}]},{\"@type\":\"BreadcrumbList\",\"@id\":\"https:\/\/dourox1.com\/contacts\/#breadcrumb\",\"itemListElement\":[{\"@type\":\"ListItem\",\"position\":1,\"name\":\"Home\",\"item\":\"https:\/\/dourox1.com\/\"},{\"@type\":\"ListItem\",\"position\":2,\"name\":\"Contacts\"}]},{\"@type\":\"WebSite\",\"@id\":\"https:\/\/dourox1.com\/#website\",\"url\":\"https:\/\/dourox1.com\/\",\"name\":\"Douro X1\",\"description\":\"Venha e descubra os tesouros escondidos do Douro\",\"publisher\":{\"@id\":\"https:\/\/dourox1.com\/#organization\"},\"potentialAction\":[{\"@type\":\"SearchAction\",\"target\":{\"@type\":\"EntryPoint\",\"urlTemplate\":\"https:\/\/dourox1.com\/?s={search_term_string}\"},\"query-input\":{\"@type\":\"PropertyValueSpecification\",\"valueRequired\":true,\"valueName\":\"search_term_string\"}}],\"inLanguage\":\"pt-PT\"},{\"@type\":\"Organization\",\"@id\":\"https:\/\/dourox1.com\/#organization\",\"name\":\"Douro X1\",\"url\":\"https:\/\/dourox1.com\/\",\"logo\":{\"@type\":\"ImageObject\",\"inLanguage\":\"pt-PT\",\"@id\":\"https:\/\/dourox1.com\/#\/schema\/logo\/image\/\",\"url\":\"https:\/\/dourox1.com\/wp-content\/uploads\/2018\/06\/logo250.png\",\"contentUrl\":\"https:\/\/dourox1.com\/wp-content\/uploads\/2018\/06\/logo250.png\",\"width\":250,\"height\":250,\"caption\":\"Douro X1\"},\"image\":{\"@id\":\"https:\/\/dourox1.com\/#\/schema\/logo\/image\/\"}}]}<\/script>\n<!-- \/ Yoast SEO plugin. -->","yoast_head_json":{"title":"Contactos - Douro X1","description":"Estamos \u00e0 espera da sua mensagem. Contacte-nos atrav\u00e9s do formul\u00e1rio, telefone ou email. Pode tamb\u00e9m visitar-nos na Costa do Vale, Peso da R\u00e9gua (Portugal).","robots":{"index":"index","follow":"follow","max-snippet":"max-snippet:-1","max-image-preview":"max-image-preview:large","max-video-preview":"max-video-preview:-1"},"canonical":"https:\/\/dourox1.com\/contacts\/","og_locale":"pt_PT","og_type":"article","og_title":"Contactos - Douro X1","og_description":"Estamos \u00e0 espera da sua mensagem. Contacte-nos atrav\u00e9s do formul\u00e1rio, telefone ou email. Pode tamb\u00e9m visitar-nos na Costa do Vale, Peso da R\u00e9gua (Portugal).","og_url":"https:\/\/dourox1.com\/contacts\/","og_site_name":"Douro X1","article_modified_time":"2019-08-02T12:07:24+00:00","twitter_card":"summary_large_image","schema":{"@context":"https:\/\/schema.org","@graph":[{"@type":"WebPage","@id":"https:\/\/dourox1.com\/contacts\/","url":"https:\/\/dourox1.com\/contacts\/","name":"Contactos - Douro X1","isPartOf":{"@id":"https:\/\/dourox1.com\/#website"},"datePublished":"2018-05-22T08:37:22+00:00","dateModified":"2019-08-02T12:07:24+00:00","description":"Estamos \u00e0 espera da sua mensagem. Contacte-nos atrav\u00e9s do formul\u00e1rio, telefone ou email. Pode tamb\u00e9m visitar-nos na Costa do Vale, Peso da R\u00e9gua (Portugal).","breadcrumb":{"@id":"https:\/\/dourox1.com\/contacts\/#breadcrumb"},"inLanguage":"pt-PT","potentialAction":[{"@type":"ReadAction","target":["https:\/\/dourox1.com\/contacts\/"]}]},{"@type":"BreadcrumbList","@id":"https:\/\/dourox1.com\/contacts\/#breadcrumb","itemListElement":[{"@type":"ListItem","position":1,"name":"Home","item":"https:\/\/dourox1.com\/"},{"@type":"ListItem","position":2,"name":"Contacts"}]},{"@type":"WebSite","@id":"https:\/\/dourox1.com\/#website","url":"https:\/\/dourox1.com\/","name":"Douro X1","description":"Venha e descubra os tesouros escondidos do Douro","publisher":{"@id":"https:\/\/dourox1.com\/#organization"},"potentialAction":[{"@type":"SearchAction","target":{"@type":"EntryPoint","urlTemplate":"https:\/\/dourox1.com\/?s={search_term_string}"},"query-input":{"@type":"PropertyValueSpecification","valueRequired":true,"valueName":"search_term_string"}}],"inLanguage":"pt-PT"},{"@type":"Organization","@id":"https:\/\/dourox1.com\/#organization","name":"Douro X1","url":"https:\/\/dourox1.com\/","logo":{"@type":"ImageObject","inLanguage":"pt-PT","@id":"https:\/\/dourox1.com\/#\/schema\/logo\/image\/","url":"https:\/\/dourox1.com\/wp-content\/uploads\/2018\/06\/logo250.png","contentUrl":"https:\/\/dourox1.com\/wp-content\/uploads\/2018\/06\/logo250.png","width":250,"height":250,"caption":"Douro X1"},"image":{"@id":"https:\/\/dourox1.com\/#\/schema\/logo\/image\/"}}]}},"jetpack_sharing_enabled":true,"jetpack_shortlink":"https:\/\/wp.me\/P9ZEo4-b","_links":{"self":[{"href":"https:\/\/dourox1.com\/pt\/wp-json\/wp\/v2\/pages\/11","targetHints":{"allow":["GET"]}}],"collection":[{"href":"https:\/\/dourox1.com\/pt\/wp-json\/wp\/v2\/pages"}],"about":[{"href":"https:\/\/dourox1.com\/pt\/wp-json\/wp\/v2\/types\/page"}],"author":[{"embeddable":true,"href":"https:\/\/dourox1.com\/pt\/wp-json\/wp\/v2\/users\/3"}],"replies":[{"embeddable":true,"href":"https:\/\/dourox1.com\/pt\/wp-json\/wp\/v2\/comments?post=11"}],"version-history":[{"count":5,"href":"https:\/\/dourox1.com\/pt\/wp-json\/wp\/v2\/pages\/11\/revisions"}],"predecessor-version":[{"id":1209,"href":"https:\/\/dourox1.com\/pt\/wp-json\/wp\/v2\/pages\/11\/revisions\/1209"}],"wp:attachment":[{"href":"https:\/\/dourox1.com\/pt\/wp-json\/wp\/v2\/media?parent=11"}],"curies":[{"name":"wp","href":"https:\/\/api.w.org\/{rel}","templated":true}]}}