{"id":1187,"date":"2019-08-02T10:56:23","date_gmt":"2019-08-02T10:56:23","guid":{"rendered":"https:\/\/dourox1.com\/?page_id=1187"},"modified":"2019-08-09T09:28:32","modified_gmt":"2019-08-09T09:28:32","slug":"douro-tours","status":"publish","type":"page","link":"https:\/\/dourox1.com\/pt\/douro-tours\/","title":{"rendered":"Douro Tours"},"content":{"rendered":"<p><a class=\"house-image\" href=\"https:\/\/dourox1.com\/douro-tours\/\"><\/a><\/p>\n<p><a class=\"house-image\" href=\"https:\/\/dourox1.com\/douro-tours\/\"><\/p>\n<figure id=\"attachment_57\" aria-describedby=\"caption-attachment-57\" style=\"width: 1920px\" class=\"wp-caption aligncenter\"><img loading=\"lazy\" decoding=\"async\" src=\"https:\/\/dourox1.com\/wp-content\/uploads\/2019\/08\/douro-tours-new.jpg\" alt=\"Douro Tours\" class=\"size-full wp-image-606\" width=\"1920\" height=\"1280\"><figcaption id=\"caption-attachment-57\" class=\"wp-caption-text\">Douro Tours<\/figcaption><\/figure>\n<p><\/a><a class=\"house-image\" href=\"https:\/\/dourox1.com\/douro-tours\/\"><\/a><\/p>\n<p><a href=\"https:\/\/dourox1.com\/douro-tours\/\"><strong>Douro Tours<\/strong><\/a><\/p>\n<p>Em cada viagem pelo nosso Douro de carro, a cavalo, numa charrete, num carro cl\u00e1ssico ou simplesmente a p\u00e9, poder\u00e1 sentir o perfume emanado pelos nossos vinhedos que aos poucos nos extasiam, aumentando o desejo ardente de conhecer o sentir e viver do nosso Povo.<br \/>\nProporcion\u00e1mos um belo passeio pelo Douro na mais perfeita combina\u00e7\u00e3o paisag\u00edstica, v\u00ednica e cozinha de assinatura rural, desfrutando de provas de vinho numa Quinta exclusiva incluindo almo\u00e7o inesquec\u00edvel pela harmoniza\u00e7\u00e3o perfeita entre o vinho e gastronomia.<\/p>\n","protected":false},"excerpt":{"rendered":"<p>Douro Tours Em cada viagem pelo nosso Douro de carro, a cavalo, numa charrete, num carro cl\u00e1ssico ou simplesmente a p\u00e9, poder\u00e1 sentir o perfume emanado pelos nossos vinhedos que aos poucos nos extasiam, aumentando o desejo ardente de conhecer o sentir e viver do nosso Povo. Proporcion\u00e1mos um belo passeio pelo Douro na mais &hellip; <\/p>\n<p class=\"link-more\"><a href=\"https:\/\/dourox1.com\/pt\/douro-tours\/\" class=\"more-link\">Continuar a ler <span class=\"screen-reader-text\">&#8220;Douro Tours&#8221;<\/span><\/a><\/p>\n","protected":false},"author":3,"featured_media":0,"parent":0,"menu_order":0,"comment_status":"closed","ping_status":"closed","template":"","meta":{"footnotes":""},"categories":[35],"class_list":["post-1187","page","type-page","status-publish","hentry","category-programas"],"translation":{"provider":"WPGlobus","version":"2.7.1","language":"pt","enabled_languages":["en","pt"],"languages":{"en":{"title":true,"content":true,"excerpt":false},"pt":{"title":true,"content":true,"excerpt":false}}},"yoast_head":"<!-- This site is optimized with the Yoast SEO plugin v26.9 - https:\/\/yoast.com\/product\/yoast-seo-wordpress\/ -->\n<title>Douro Tours - Douro X1<\/title>\n<meta name=\"robots\" content=\"index, follow, max-snippet:-1, max-image-preview:large, max-video-preview:-1\" \/>\n<link rel=\"canonical\" href=\"https:\/\/dourox1.com\/douro-tours\/\" \/>\n<meta property=\"og:locale\" content=\"pt_PT\" \/>\n<meta property=\"og:type\" content=\"article\" \/>\n<meta property=\"og:title\" content=\"Douro Tours - Douro X1\" \/>\n<meta property=\"og:url\" content=\"https:\/\/dourox1.com\/douro-tours\/\" \/>\n<meta property=\"og:site_name\" content=\"Douro X1\" \/>\n<meta property=\"article:modified_time\" content=\"2019-08-09T09:28:32+00:00\" \/>\n<meta property=\"og:image\" content=\"https:\/\/dourox1.com\/wp-content\/uploads\/2019\/08\/douro-tours-new.jpg\" \/>\n<meta name=\"twitter:card\" content=\"summary_large_image\" \/>\n<meta name=\"twitter:label1\" content=\"Tempo estimado de leitura\" \/>\n\t<meta name=\"twitter:data1\" content=\"1 minuto\" \/>\n<script type=\"application\/ld+json\" class=\"yoast-schema-graph\">{\"@context\":\"https:\/\/schema.org\",\"@graph\":[{\"@type\":\"WebPage\",\"@id\":\"https:\/\/dourox1.com\/douro-tours\/\",\"url\":\"https:\/\/dourox1.com\/douro-tours\/\",\"name\":\"Douro Tours - Douro X1\",\"isPartOf\":{\"@id\":\"https:\/\/dourox1.com\/#website\"},\"primaryImageOfPage\":{\"@id\":\"https:\/\/dourox1.com\/douro-tours\/#primaryimage\"},\"image\":{\"@id\":\"https:\/\/dourox1.com\/douro-tours\/#primaryimage\"},\"thumbnailUrl\":\"https:\/\/dourox1.com\/wp-content\/uploads\/2019\/08\/douro-tours-new.jpg\",\"datePublished\":\"2019-08-02T10:56:23+00:00\",\"dateModified\":\"2019-08-09T09:28:32+00:00\",\"breadcrumb\":{\"@id\":\"https:\/\/dourox1.com\/douro-tours\/#breadcrumb\"},\"inLanguage\":\"pt-PT\",\"potentialAction\":[{\"@type\":\"ReadAction\",\"target\":[\"https:\/\/dourox1.com\/douro-tours\/\"]}]},{\"@type\":\"ImageObject\",\"inLanguage\":\"pt-PT\",\"@id\":\"https:\/\/dourox1.com\/douro-tours\/#primaryimage\",\"url\":\"https:\/\/dourox1.com\/wp-content\/uploads\/2019\/08\/douro-tours-new.jpg\",\"contentUrl\":\"https:\/\/dourox1.com\/wp-content\/uploads\/2019\/08\/douro-tours-new.jpg\"},{\"@type\":\"BreadcrumbList\",\"@id\":\"https:\/\/dourox1.com\/douro-tours\/#breadcrumb\",\"itemListElement\":[{\"@type\":\"ListItem\",\"position\":1,\"name\":\"Home\",\"item\":\"https:\/\/dourox1.com\/\"},{\"@type\":\"ListItem\",\"position\":2,\"name\":\"Douro Tours\"}]},{\"@type\":\"WebSite\",\"@id\":\"https:\/\/dourox1.com\/#website\",\"url\":\"https:\/\/dourox1.com\/\",\"name\":\"Douro X1\",\"description\":\"Venha e descubra os tesouros escondidos do Douro\",\"publisher\":{\"@id\":\"https:\/\/dourox1.com\/#organization\"},\"potentialAction\":[{\"@type\":\"SearchAction\",\"target\":{\"@type\":\"EntryPoint\",\"urlTemplate\":\"https:\/\/dourox1.com\/?s={search_term_string}\"},\"query-input\":{\"@type\":\"PropertyValueSpecification\",\"valueRequired\":true,\"valueName\":\"search_term_string\"}}],\"inLanguage\":\"pt-PT\"},{\"@type\":\"Organization\",\"@id\":\"https:\/\/dourox1.com\/#organization\",\"name\":\"Douro X1\",\"url\":\"https:\/\/dourox1.com\/\",\"logo\":{\"@type\":\"ImageObject\",\"inLanguage\":\"pt-PT\",\"@id\":\"https:\/\/dourox1.com\/#\/schema\/logo\/image\/\",\"url\":\"https:\/\/dourox1.com\/wp-content\/uploads\/2018\/06\/logo250.png\",\"contentUrl\":\"https:\/\/dourox1.com\/wp-content\/uploads\/2018\/06\/logo250.png\",\"width\":250,\"height\":250,\"caption\":\"Douro X1\"},\"image\":{\"@id\":\"https:\/\/dourox1.com\/#\/schema\/logo\/image\/\"}}]}<\/script>\n<!-- \/ Yoast SEO plugin. -->","yoast_head_json":{"title":"Douro Tours - Douro X1","robots":{"index":"index","follow":"follow","max-snippet":"max-snippet:-1","max-image-preview":"max-image-preview:large","max-video-preview":"max-video-preview:-1"},"canonical":"https:\/\/dourox1.com\/douro-tours\/","og_locale":"pt_PT","og_type":"article","og_title":"Douro Tours - Douro X1","og_url":"https:\/\/dourox1.com\/douro-tours\/","og_site_name":"Douro X1","article_modified_time":"2019-08-09T09:28:32+00:00","og_image":[{"url":"https:\/\/dourox1.com\/wp-content\/uploads\/2019\/08\/douro-tours-new.jpg","type":"","width":"","height":""}],"twitter_card":"summary_large_image","twitter_misc":{"Tempo estimado de leitura":"1 minuto"},"schema":{"@context":"https:\/\/schema.org","@graph":[{"@type":"WebPage","@id":"https:\/\/dourox1.com\/douro-tours\/","url":"https:\/\/dourox1.com\/douro-tours\/","name":"Douro Tours - Douro X1","isPartOf":{"@id":"https:\/\/dourox1.com\/#website"},"primaryImageOfPage":{"@id":"https:\/\/dourox1.com\/douro-tours\/#primaryimage"},"image":{"@id":"https:\/\/dourox1.com\/douro-tours\/#primaryimage"},"thumbnailUrl":"https:\/\/dourox1.com\/wp-content\/uploads\/2019\/08\/douro-tours-new.jpg","datePublished":"2019-08-02T10:56:23+00:00","dateModified":"2019-08-09T09:28:32+00:00","breadcrumb":{"@id":"https:\/\/dourox1.com\/douro-tours\/#breadcrumb"},"inLanguage":"pt-PT","potentialAction":[{"@type":"ReadAction","target":["https:\/\/dourox1.com\/douro-tours\/"]}]},{"@type":"ImageObject","inLanguage":"pt-PT","@id":"https:\/\/dourox1.com\/douro-tours\/#primaryimage","url":"https:\/\/dourox1.com\/wp-content\/uploads\/2019\/08\/douro-tours-new.jpg","contentUrl":"https:\/\/dourox1.com\/wp-content\/uploads\/2019\/08\/douro-tours-new.jpg"},{"@type":"BreadcrumbList","@id":"https:\/\/dourox1.com\/douro-tours\/#breadcrumb","itemListElement":[{"@type":"ListItem","position":1,"name":"Home","item":"https:\/\/dourox1.com\/"},{"@type":"ListItem","position":2,"name":"Douro Tours"}]},{"@type":"WebSite","@id":"https:\/\/dourox1.com\/#website","url":"https:\/\/dourox1.com\/","name":"Douro X1","description":"Venha e descubra os tesouros escondidos do Douro","publisher":{"@id":"https:\/\/dourox1.com\/#organization"},"potentialAction":[{"@type":"SearchAction","target":{"@type":"EntryPoint","urlTemplate":"https:\/\/dourox1.com\/?s={search_term_string}"},"query-input":{"@type":"PropertyValueSpecification","valueRequired":true,"valueName":"search_term_string"}}],"inLanguage":"pt-PT"},{"@type":"Organization","@id":"https:\/\/dourox1.com\/#organization","name":"Douro X1","url":"https:\/\/dourox1.com\/","logo":{"@type":"ImageObject","inLanguage":"pt-PT","@id":"https:\/\/dourox1.com\/#\/schema\/logo\/image\/","url":"https:\/\/dourox1.com\/wp-content\/uploads\/2018\/06\/logo250.png","contentUrl":"https:\/\/dourox1.com\/wp-content\/uploads\/2018\/06\/logo250.png","width":250,"height":250,"caption":"Douro X1"},"image":{"@id":"https:\/\/dourox1.com\/#\/schema\/logo\/image\/"}}]}},"jetpack_sharing_enabled":true,"jetpack_shortlink":"https:\/\/wp.me\/P9ZEo4-j9","_links":{"self":[{"href":"https:\/\/dourox1.com\/pt\/wp-json\/wp\/v2\/pages\/1187","targetHints":{"allow":["GET"]}}],"collection":[{"href":"https:\/\/dourox1.com\/pt\/wp-json\/wp\/v2\/pages"}],"about":[{"href":"https:\/\/dourox1.com\/pt\/wp-json\/wp\/v2\/types\/page"}],"author":[{"embeddable":true,"href":"https:\/\/dourox1.com\/pt\/wp-json\/wp\/v2\/users\/3"}],"replies":[{"embeddable":true,"href":"https:\/\/dourox1.com\/pt\/wp-json\/wp\/v2\/comments?post=1187"}],"version-history":[{"count":5,"href":"https:\/\/dourox1.com\/pt\/wp-json\/wp\/v2\/pages\/1187\/revisions"}],"predecessor-version":[{"id":1221,"href":"https:\/\/dourox1.com\/pt\/wp-json\/wp\/v2\/pages\/1187\/revisions\/1221"}],"wp:attachment":[{"href":"https:\/\/dourox1.com\/pt\/wp-json\/wp\/v2\/media?parent=1187"}],"wp:term":[{"taxonomy":"category","embeddable":true,"href":"https:\/\/dourox1.com\/pt\/wp-json\/wp\/v2\/categories?post=1187"}],"curies":[{"name":"wp","href":"https:\/\/api.w.org\/{rel}","templated":true}]}}