{"id":1192,"date":"2019-08-02T10:58:56","date_gmt":"2019-08-02T10:58:56","guid":{"rendered":"https:\/\/dourox1.com\/?page_id=1192"},"modified":"2019-08-09T09:29:54","modified_gmt":"2019-08-09T09:29:54","slug":"from-cup-to-plate","status":"publish","type":"page","link":"https:\/\/dourox1.com\/pt\/from-cup-to-plate\/","title":{"rendered":"Do Copo Ao Prato"},"content":{"rendered":"<p><a class=\"house-image\" href=\"https:\/\/dourox1.com\/from-cup-to-plate\/\"><\/a><\/p>\n<p><a class=\"house-image\" href=\"https:\/\/dourox1.com\/from-cup-to-plate\/\"><\/p>\n<figure id=\"attachment_57\" aria-describedby=\"caption-attachment-57\" style=\"width: 1920px\" class=\"wp-caption aligncenter\"><img loading=\"lazy\" decoding=\"async\" src=\"https:\/\/dourox1.com\/wp-content\/uploads\/2019\/08\/from-cup-to-plate-new.jpg\" alt=\"Do Copo Ao Prato\" class=\"size-full wp-image-606\" width=\"1920\" height=\"1280\"><figcaption id=\"caption-attachment-57\" class=\"wp-caption-text\">Do Copo Ao Prato<\/figcaption><\/figure>\n<p><\/a><a class=\"house-image\" href=\"https:\/\/dourox1.com\/from-cup-to-plate\/\"><\/a><\/p>\n<p><a href=\"https:\/\/dourox1.com\/from-cup-to-plate\/\"><strong>Do Copo Ao Prato<\/strong><\/a><\/p>\n<p>Ao final do dia, saboreie um Copo de Vinho junto \u00e1 piscina\u2026. Ao longe assistimos ao P\u00f4r do Sol na imensid\u00e3o dos vinhedos, seguido de uma harmoniza\u00e7\u00e3o perfeita entre o vinho e gastronomia duriense com os nossos menus de degusta\u00e7\u00e3o.<\/p>\n","protected":false},"excerpt":{"rendered":"<p>Do Copo Ao Prato Ao final do dia, saboreie um Copo de Vinho junto \u00e1 piscina\u2026. Ao longe assistimos ao P\u00f4r do Sol na imensid\u00e3o dos vinhedos, seguido de uma harmoniza\u00e7\u00e3o perfeita entre o vinho e gastronomia duriense com os nossos menus de degusta\u00e7\u00e3o.<\/p>\n","protected":false},"author":3,"featured_media":0,"parent":0,"menu_order":0,"comment_status":"closed","ping_status":"closed","template":"","meta":{"footnotes":""},"categories":[35],"class_list":["post-1192","page","type-page","status-publish","hentry","category-programas"],"translation":{"provider":"WPGlobus","version":"2.7.1","language":"pt","enabled_languages":["en","pt"],"languages":{"en":{"title":true,"content":true,"excerpt":false},"pt":{"title":true,"content":true,"excerpt":false}}},"yoast_head":"<!-- This site is optimized with the Yoast SEO plugin v26.9 - https:\/\/yoast.com\/product\/yoast-seo-wordpress\/ -->\n<title>Do Copo Ao Prato - Douro X1<\/title>\n<meta name=\"robots\" content=\"index, follow, max-snippet:-1, max-image-preview:large, max-video-preview:-1\" \/>\n<link rel=\"canonical\" href=\"https:\/\/dourox1.com\/from-cup-to-plate\/\" \/>\n<meta property=\"og:locale\" content=\"pt_PT\" \/>\n<meta property=\"og:type\" content=\"article\" \/>\n<meta property=\"og:title\" content=\"Do Copo Ao Prato - Douro X1\" \/>\n<meta property=\"og:url\" content=\"https:\/\/dourox1.com\/from-cup-to-plate\/\" \/>\n<meta property=\"og:site_name\" content=\"Douro X1\" \/>\n<meta property=\"article:modified_time\" content=\"2019-08-09T09:29:54+00:00\" \/>\n<meta property=\"og:image\" content=\"https:\/\/dourox1.com\/wp-content\/uploads\/2019\/08\/from-cup-to-plate-new.jpg\" \/>\n<meta name=\"twitter:card\" content=\"summary_large_image\" \/>\n<meta name=\"twitter:label1\" content=\"Tempo estimado de leitura\" \/>\n\t<meta name=\"twitter:data1\" content=\"1 minuto\" \/>\n<script type=\"application\/ld+json\" class=\"yoast-schema-graph\">{\"@context\":\"https:\/\/schema.org\",\"@graph\":[{\"@type\":\"WebPage\",\"@id\":\"https:\/\/dourox1.com\/from-cup-to-plate\/\",\"url\":\"https:\/\/dourox1.com\/from-cup-to-plate\/\",\"name\":\"Do Copo Ao Prato - Douro X1\",\"isPartOf\":{\"@id\":\"https:\/\/dourox1.com\/#website\"},\"primaryImageOfPage\":{\"@id\":\"https:\/\/dourox1.com\/from-cup-to-plate\/#primaryimage\"},\"image\":{\"@id\":\"https:\/\/dourox1.com\/from-cup-to-plate\/#primaryimage\"},\"thumbnailUrl\":\"https:\/\/dourox1.com\/wp-content\/uploads\/2019\/08\/from-cup-to-plate-new.jpg\",\"datePublished\":\"2019-08-02T10:58:56+00:00\",\"dateModified\":\"2019-08-09T09:29:54+00:00\",\"breadcrumb\":{\"@id\":\"https:\/\/dourox1.com\/from-cup-to-plate\/#breadcrumb\"},\"inLanguage\":\"pt-PT\",\"potentialAction\":[{\"@type\":\"ReadAction\",\"target\":[\"https:\/\/dourox1.com\/from-cup-to-plate\/\"]}]},{\"@type\":\"ImageObject\",\"inLanguage\":\"pt-PT\",\"@id\":\"https:\/\/dourox1.com\/from-cup-to-plate\/#primaryimage\",\"url\":\"https:\/\/dourox1.com\/wp-content\/uploads\/2019\/08\/from-cup-to-plate-new.jpg\",\"contentUrl\":\"https:\/\/dourox1.com\/wp-content\/uploads\/2019\/08\/from-cup-to-plate-new.jpg\"},{\"@type\":\"BreadcrumbList\",\"@id\":\"https:\/\/dourox1.com\/from-cup-to-plate\/#breadcrumb\",\"itemListElement\":[{\"@type\":\"ListItem\",\"position\":1,\"name\":\"Home\",\"item\":\"https:\/\/dourox1.com\/\"},{\"@type\":\"ListItem\",\"position\":2,\"name\":\"From Cup To Plate\"}]},{\"@type\":\"WebSite\",\"@id\":\"https:\/\/dourox1.com\/#website\",\"url\":\"https:\/\/dourox1.com\/\",\"name\":\"Douro X1\",\"description\":\"Venha e descubra os tesouros escondidos do Douro\",\"publisher\":{\"@id\":\"https:\/\/dourox1.com\/#organization\"},\"potentialAction\":[{\"@type\":\"SearchAction\",\"target\":{\"@type\":\"EntryPoint\",\"urlTemplate\":\"https:\/\/dourox1.com\/?s={search_term_string}\"},\"query-input\":{\"@type\":\"PropertyValueSpecification\",\"valueRequired\":true,\"valueName\":\"search_term_string\"}}],\"inLanguage\":\"pt-PT\"},{\"@type\":\"Organization\",\"@id\":\"https:\/\/dourox1.com\/#organization\",\"name\":\"Douro X1\",\"url\":\"https:\/\/dourox1.com\/\",\"logo\":{\"@type\":\"ImageObject\",\"inLanguage\":\"pt-PT\",\"@id\":\"https:\/\/dourox1.com\/#\/schema\/logo\/image\/\",\"url\":\"https:\/\/dourox1.com\/wp-content\/uploads\/2018\/06\/logo250.png\",\"contentUrl\":\"https:\/\/dourox1.com\/wp-content\/uploads\/2018\/06\/logo250.png\",\"width\":250,\"height\":250,\"caption\":\"Douro X1\"},\"image\":{\"@id\":\"https:\/\/dourox1.com\/#\/schema\/logo\/image\/\"}}]}<\/script>\n<!-- \/ Yoast SEO plugin. -->","yoast_head_json":{"title":"Do Copo Ao Prato - Douro X1","robots":{"index":"index","follow":"follow","max-snippet":"max-snippet:-1","max-image-preview":"max-image-preview:large","max-video-preview":"max-video-preview:-1"},"canonical":"https:\/\/dourox1.com\/from-cup-to-plate\/","og_locale":"pt_PT","og_type":"article","og_title":"Do Copo Ao Prato - Douro X1","og_url":"https:\/\/dourox1.com\/from-cup-to-plate\/","og_site_name":"Douro X1","article_modified_time":"2019-08-09T09:29:54+00:00","og_image":[{"url":"https:\/\/dourox1.com\/wp-content\/uploads\/2019\/08\/from-cup-to-plate-new.jpg","type":"","width":"","height":""}],"twitter_card":"summary_large_image","twitter_misc":{"Tempo estimado de leitura":"1 minuto"},"schema":{"@context":"https:\/\/schema.org","@graph":[{"@type":"WebPage","@id":"https:\/\/dourox1.com\/from-cup-to-plate\/","url":"https:\/\/dourox1.com\/from-cup-to-plate\/","name":"Do Copo Ao Prato - Douro X1","isPartOf":{"@id":"https:\/\/dourox1.com\/#website"},"primaryImageOfPage":{"@id":"https:\/\/dourox1.com\/from-cup-to-plate\/#primaryimage"},"image":{"@id":"https:\/\/dourox1.com\/from-cup-to-plate\/#primaryimage"},"thumbnailUrl":"https:\/\/dourox1.com\/wp-content\/uploads\/2019\/08\/from-cup-to-plate-new.jpg","datePublished":"2019-08-02T10:58:56+00:00","dateModified":"2019-08-09T09:29:54+00:00","breadcrumb":{"@id":"https:\/\/dourox1.com\/from-cup-to-plate\/#breadcrumb"},"inLanguage":"pt-PT","potentialAction":[{"@type":"ReadAction","target":["https:\/\/dourox1.com\/from-cup-to-plate\/"]}]},{"@type":"ImageObject","inLanguage":"pt-PT","@id":"https:\/\/dourox1.com\/from-cup-to-plate\/#primaryimage","url":"https:\/\/dourox1.com\/wp-content\/uploads\/2019\/08\/from-cup-to-plate-new.jpg","contentUrl":"https:\/\/dourox1.com\/wp-content\/uploads\/2019\/08\/from-cup-to-plate-new.jpg"},{"@type":"BreadcrumbList","@id":"https:\/\/dourox1.com\/from-cup-to-plate\/#breadcrumb","itemListElement":[{"@type":"ListItem","position":1,"name":"Home","item":"https:\/\/dourox1.com\/"},{"@type":"ListItem","position":2,"name":"From Cup To Plate"}]},{"@type":"WebSite","@id":"https:\/\/dourox1.com\/#website","url":"https:\/\/dourox1.com\/","name":"Douro X1","description":"Venha e descubra os tesouros escondidos do Douro","publisher":{"@id":"https:\/\/dourox1.com\/#organization"},"potentialAction":[{"@type":"SearchAction","target":{"@type":"EntryPoint","urlTemplate":"https:\/\/dourox1.com\/?s={search_term_string}"},"query-input":{"@type":"PropertyValueSpecification","valueRequired":true,"valueName":"search_term_string"}}],"inLanguage":"pt-PT"},{"@type":"Organization","@id":"https:\/\/dourox1.com\/#organization","name":"Douro X1","url":"https:\/\/dourox1.com\/","logo":{"@type":"ImageObject","inLanguage":"pt-PT","@id":"https:\/\/dourox1.com\/#\/schema\/logo\/image\/","url":"https:\/\/dourox1.com\/wp-content\/uploads\/2018\/06\/logo250.png","contentUrl":"https:\/\/dourox1.com\/wp-content\/uploads\/2018\/06\/logo250.png","width":250,"height":250,"caption":"Douro X1"},"image":{"@id":"https:\/\/dourox1.com\/#\/schema\/logo\/image\/"}}]}},"jetpack_sharing_enabled":true,"jetpack_shortlink":"https:\/\/wp.me\/P9ZEo4-je","_links":{"self":[{"href":"https:\/\/dourox1.com\/pt\/wp-json\/wp\/v2\/pages\/1192","targetHints":{"allow":["GET"]}}],"collection":[{"href":"https:\/\/dourox1.com\/pt\/wp-json\/wp\/v2\/pages"}],"about":[{"href":"https:\/\/dourox1.com\/pt\/wp-json\/wp\/v2\/types\/page"}],"author":[{"embeddable":true,"href":"https:\/\/dourox1.com\/pt\/wp-json\/wp\/v2\/users\/3"}],"replies":[{"embeddable":true,"href":"https:\/\/dourox1.com\/pt\/wp-json\/wp\/v2\/comments?post=1192"}],"version-history":[{"count":5,"href":"https:\/\/dourox1.com\/pt\/wp-json\/wp\/v2\/pages\/1192\/revisions"}],"predecessor-version":[{"id":1227,"href":"https:\/\/dourox1.com\/pt\/wp-json\/wp\/v2\/pages\/1192\/revisions\/1227"}],"wp:attachment":[{"href":"https:\/\/dourox1.com\/pt\/wp-json\/wp\/v2\/media?parent=1192"}],"wp:term":[{"taxonomy":"category","embeddable":true,"href":"https:\/\/dourox1.com\/pt\/wp-json\/wp\/v2\/categories?post=1192"}],"curies":[{"name":"wp","href":"https:\/\/api.w.org\/{rel}","templated":true}]}}