{"id":1197,"date":"2019-08-02T11:00:02","date_gmt":"2019-08-02T11:00:02","guid":{"rendered":"https:\/\/dourox1.com\/?page_id=1197"},"modified":"2019-08-09T14:25:16","modified_gmt":"2019-08-09T14:25:16","slug":"douro-vegan","status":"publish","type":"page","link":"https:\/\/dourox1.com\/pt\/douro-vegan\/","title":{"rendered":"Douro Vegan"},"content":{"rendered":"<p><a class=\"house-image\" href=\"https:\/\/dourox1.com\/douro-vegan\/\"><\/a><\/p>\n<p><a class=\"house-image\" href=\"https:\/\/dourox1.com\/douro-vegan\/\"><\/p>\n<figure id=\"attachment_57\" aria-describedby=\"caption-attachment-57\" style=\"width: 1920px\" class=\"wp-caption aligncenter\"><img loading=\"lazy\" decoding=\"async\" src=\"https:\/\/dourox1.com\/wp-content\/uploads\/2019\/08\/douro-vegan-new.jpg\" alt=\"Douro Vegan\" class=\"size-full wp-image-606\" width=\"1920\" height=\"1280\"><figcaption id=\"caption-attachment-57\" class=\"wp-caption-text\">Douro Vegan<\/figcaption><\/figure>\n<p><\/a><a class=\"house-image\" href=\"https:\/\/dourox1.com\/douro-vegan\/\"><\/a><\/p>\n<p><a href=\"https:\/\/dourox1.com\/douro-vegan\/\"><strong>Douro Vegan<\/strong><\/a><\/p>\n<p>Pelos direitos e o bem-estar dos animais temos dispon\u00edveis op\u00e7\u00f5es vegans e vegetarianas.<\/p>\n<p>Direitos de imagem:<a href=\"http:\/\/www.freepik.com\"> Designed by rawpixel.com \/ Freepik<\/a><\/p>\n","protected":false},"excerpt":{"rendered":"<p>Douro Vegan Pelos direitos e o bem-estar dos animais temos dispon\u00edveis op\u00e7\u00f5es vegans e vegetarianas. Direitos de imagem: Designed by rawpixel.com \/ Freepik<\/p>\n","protected":false},"author":3,"featured_media":0,"parent":0,"menu_order":0,"comment_status":"closed","ping_status":"closed","template":"","meta":{"footnotes":""},"categories":[35],"class_list":["post-1197","page","type-page","status-publish","hentry","category-programas"],"translation":{"provider":"WPGlobus","version":"2.7.1","language":"pt","enabled_languages":["en","pt"],"languages":{"en":{"title":true,"content":true,"excerpt":false},"pt":{"title":true,"content":true,"excerpt":false}}},"yoast_head":"<!-- This site is optimized with the Yoast SEO plugin v26.9 - https:\/\/yoast.com\/product\/yoast-seo-wordpress\/ -->\n<title>Douro Vegan - Douro X1<\/title>\n<meta name=\"robots\" content=\"index, follow, max-snippet:-1, max-image-preview:large, max-video-preview:-1\" \/>\n<link rel=\"canonical\" href=\"https:\/\/dourox1.com\/douro-vegan\/\" \/>\n<meta property=\"og:locale\" content=\"pt_PT\" \/>\n<meta property=\"og:type\" content=\"article\" \/>\n<meta property=\"og:title\" content=\"Douro Vegan - Douro X1\" \/>\n<meta property=\"og:url\" content=\"https:\/\/dourox1.com\/douro-vegan\/\" \/>\n<meta property=\"og:site_name\" content=\"Douro X1\" \/>\n<meta property=\"article:modified_time\" content=\"2019-08-09T14:25:16+00:00\" \/>\n<meta property=\"og:image\" content=\"https:\/\/dourox1.com\/wp-content\/uploads\/2019\/08\/douro-vegan-new.jpg\" \/>\n<meta name=\"twitter:card\" content=\"summary_large_image\" \/>\n<script type=\"application\/ld+json\" class=\"yoast-schema-graph\">{\"@context\":\"https:\/\/schema.org\",\"@graph\":[{\"@type\":\"WebPage\",\"@id\":\"https:\/\/dourox1.com\/douro-vegan\/\",\"url\":\"https:\/\/dourox1.com\/douro-vegan\/\",\"name\":\"Douro Vegan - Douro X1\",\"isPartOf\":{\"@id\":\"https:\/\/dourox1.com\/#website\"},\"primaryImageOfPage\":{\"@id\":\"https:\/\/dourox1.com\/douro-vegan\/#primaryimage\"},\"image\":{\"@id\":\"https:\/\/dourox1.com\/douro-vegan\/#primaryimage\"},\"thumbnailUrl\":\"https:\/\/dourox1.com\/wp-content\/uploads\/2019\/08\/douro-vegan-new.jpg\",\"datePublished\":\"2019-08-02T11:00:02+00:00\",\"dateModified\":\"2019-08-09T14:25:16+00:00\",\"breadcrumb\":{\"@id\":\"https:\/\/dourox1.com\/douro-vegan\/#breadcrumb\"},\"inLanguage\":\"pt-PT\",\"potentialAction\":[{\"@type\":\"ReadAction\",\"target\":[\"https:\/\/dourox1.com\/douro-vegan\/\"]}]},{\"@type\":\"ImageObject\",\"inLanguage\":\"pt-PT\",\"@id\":\"https:\/\/dourox1.com\/douro-vegan\/#primaryimage\",\"url\":\"https:\/\/dourox1.com\/wp-content\/uploads\/2019\/08\/douro-vegan-new.jpg\",\"contentUrl\":\"https:\/\/dourox1.com\/wp-content\/uploads\/2019\/08\/douro-vegan-new.jpg\"},{\"@type\":\"BreadcrumbList\",\"@id\":\"https:\/\/dourox1.com\/douro-vegan\/#breadcrumb\",\"itemListElement\":[{\"@type\":\"ListItem\",\"position\":1,\"name\":\"Home\",\"item\":\"https:\/\/dourox1.com\/\"},{\"@type\":\"ListItem\",\"position\":2,\"name\":\"Douro Vegan\"}]},{\"@type\":\"WebSite\",\"@id\":\"https:\/\/dourox1.com\/#website\",\"url\":\"https:\/\/dourox1.com\/\",\"name\":\"Douro X1\",\"description\":\"Venha e descubra os tesouros escondidos do Douro\",\"publisher\":{\"@id\":\"https:\/\/dourox1.com\/#organization\"},\"potentialAction\":[{\"@type\":\"SearchAction\",\"target\":{\"@type\":\"EntryPoint\",\"urlTemplate\":\"https:\/\/dourox1.com\/?s={search_term_string}\"},\"query-input\":{\"@type\":\"PropertyValueSpecification\",\"valueRequired\":true,\"valueName\":\"search_term_string\"}}],\"inLanguage\":\"pt-PT\"},{\"@type\":\"Organization\",\"@id\":\"https:\/\/dourox1.com\/#organization\",\"name\":\"Douro X1\",\"url\":\"https:\/\/dourox1.com\/\",\"logo\":{\"@type\":\"ImageObject\",\"inLanguage\":\"pt-PT\",\"@id\":\"https:\/\/dourox1.com\/#\/schema\/logo\/image\/\",\"url\":\"https:\/\/dourox1.com\/wp-content\/uploads\/2018\/06\/logo250.png\",\"contentUrl\":\"https:\/\/dourox1.com\/wp-content\/uploads\/2018\/06\/logo250.png\",\"width\":250,\"height\":250,\"caption\":\"Douro X1\"},\"image\":{\"@id\":\"https:\/\/dourox1.com\/#\/schema\/logo\/image\/\"}}]}<\/script>\n<!-- \/ Yoast SEO plugin. -->","yoast_head_json":{"title":"Douro Vegan - Douro X1","robots":{"index":"index","follow":"follow","max-snippet":"max-snippet:-1","max-image-preview":"max-image-preview:large","max-video-preview":"max-video-preview:-1"},"canonical":"https:\/\/dourox1.com\/douro-vegan\/","og_locale":"pt_PT","og_type":"article","og_title":"Douro Vegan - Douro X1","og_url":"https:\/\/dourox1.com\/douro-vegan\/","og_site_name":"Douro X1","article_modified_time":"2019-08-09T14:25:16+00:00","og_image":[{"url":"https:\/\/dourox1.com\/wp-content\/uploads\/2019\/08\/douro-vegan-new.jpg","type":"","width":"","height":""}],"twitter_card":"summary_large_image","schema":{"@context":"https:\/\/schema.org","@graph":[{"@type":"WebPage","@id":"https:\/\/dourox1.com\/douro-vegan\/","url":"https:\/\/dourox1.com\/douro-vegan\/","name":"Douro Vegan - Douro X1","isPartOf":{"@id":"https:\/\/dourox1.com\/#website"},"primaryImageOfPage":{"@id":"https:\/\/dourox1.com\/douro-vegan\/#primaryimage"},"image":{"@id":"https:\/\/dourox1.com\/douro-vegan\/#primaryimage"},"thumbnailUrl":"https:\/\/dourox1.com\/wp-content\/uploads\/2019\/08\/douro-vegan-new.jpg","datePublished":"2019-08-02T11:00:02+00:00","dateModified":"2019-08-09T14:25:16+00:00","breadcrumb":{"@id":"https:\/\/dourox1.com\/douro-vegan\/#breadcrumb"},"inLanguage":"pt-PT","potentialAction":[{"@type":"ReadAction","target":["https:\/\/dourox1.com\/douro-vegan\/"]}]},{"@type":"ImageObject","inLanguage":"pt-PT","@id":"https:\/\/dourox1.com\/douro-vegan\/#primaryimage","url":"https:\/\/dourox1.com\/wp-content\/uploads\/2019\/08\/douro-vegan-new.jpg","contentUrl":"https:\/\/dourox1.com\/wp-content\/uploads\/2019\/08\/douro-vegan-new.jpg"},{"@type":"BreadcrumbList","@id":"https:\/\/dourox1.com\/douro-vegan\/#breadcrumb","itemListElement":[{"@type":"ListItem","position":1,"name":"Home","item":"https:\/\/dourox1.com\/"},{"@type":"ListItem","position":2,"name":"Douro Vegan"}]},{"@type":"WebSite","@id":"https:\/\/dourox1.com\/#website","url":"https:\/\/dourox1.com\/","name":"Douro X1","description":"Venha e descubra os tesouros escondidos do Douro","publisher":{"@id":"https:\/\/dourox1.com\/#organization"},"potentialAction":[{"@type":"SearchAction","target":{"@type":"EntryPoint","urlTemplate":"https:\/\/dourox1.com\/?s={search_term_string}"},"query-input":{"@type":"PropertyValueSpecification","valueRequired":true,"valueName":"search_term_string"}}],"inLanguage":"pt-PT"},{"@type":"Organization","@id":"https:\/\/dourox1.com\/#organization","name":"Douro X1","url":"https:\/\/dourox1.com\/","logo":{"@type":"ImageObject","inLanguage":"pt-PT","@id":"https:\/\/dourox1.com\/#\/schema\/logo\/image\/","url":"https:\/\/dourox1.com\/wp-content\/uploads\/2018\/06\/logo250.png","contentUrl":"https:\/\/dourox1.com\/wp-content\/uploads\/2018\/06\/logo250.png","width":250,"height":250,"caption":"Douro X1"},"image":{"@id":"https:\/\/dourox1.com\/#\/schema\/logo\/image\/"}}]}},"jetpack_sharing_enabled":true,"jetpack_shortlink":"https:\/\/wp.me\/P9ZEo4-jj","_links":{"self":[{"href":"https:\/\/dourox1.com\/pt\/wp-json\/wp\/v2\/pages\/1197","targetHints":{"allow":["GET"]}}],"collection":[{"href":"https:\/\/dourox1.com\/pt\/wp-json\/wp\/v2\/pages"}],"about":[{"href":"https:\/\/dourox1.com\/pt\/wp-json\/wp\/v2\/types\/page"}],"author":[{"embeddable":true,"href":"https:\/\/dourox1.com\/pt\/wp-json\/wp\/v2\/users\/3"}],"replies":[{"embeddable":true,"href":"https:\/\/dourox1.com\/pt\/wp-json\/wp\/v2\/comments?post=1197"}],"version-history":[{"count":5,"href":"https:\/\/dourox1.com\/pt\/wp-json\/wp\/v2\/pages\/1197\/revisions"}],"predecessor-version":[{"id":1238,"href":"https:\/\/dourox1.com\/pt\/wp-json\/wp\/v2\/pages\/1197\/revisions\/1238"}],"wp:attachment":[{"href":"https:\/\/dourox1.com\/pt\/wp-json\/wp\/v2\/media?parent=1197"}],"wp:term":[{"taxonomy":"category","embeddable":true,"href":"https:\/\/dourox1.com\/pt\/wp-json\/wp\/v2\/categories?post=1197"}],"curies":[{"name":"wp","href":"https:\/\/api.w.org\/{rel}","templated":true}]}}