{"id":13,"date":"2018-05-22T08:37:25","date_gmt":"2018-05-22T08:37:25","guid":{"rendered":"https:\/\/dourox1.com\/?page_id=13"},"modified":"2019-08-12T15:40:26","modified_gmt":"2019-08-12T15:40:26","slug":"tourism","status":"publish","type":"page","link":"https:\/\/dourox1.com\/pt\/tourism\/","title":{"rendered":"Os Nossos Alojamentos"},"content":{"rendered":"<p><a class=\"house-image\" href=\"https:\/\/dourox1.com\/quinta-da-pousada\/\"><\/a><\/p>\n<p><a class=\"house-image\" href=\"https:\/\/dourox1.com\/quinta-da-pousada\/\"><\/p>\n<figure id=\"attachment_606\" aria-describedby=\"caption-attachment-606\" style=\"width: 1920px\" class=\"wp-caption aligncenter\"><img loading=\"lazy\" decoding=\"async\" src=\"https:\/\/dourox1.com\/wp-content\/uploads\/2018\/07\/quinta-da-pousada-1.jpg\" alt=\"Quinta da Pousada 1\" class=\"size-full wp-image-606\" width=\"1920\" height=\"1280\" srcset=\"https:\/\/dourox1.com\/wp-content\/uploads\/2018\/07\/quinta-da-pousada-1.jpg 1920w, https:\/\/dourox1.com\/wp-content\/uploads\/2018\/07\/quinta-da-pousada-1-300x200.jpg 300w, https:\/\/dourox1.com\/wp-content\/uploads\/2018\/07\/quinta-da-pousada-1-768x512.jpg 768w, https:\/\/dourox1.com\/wp-content\/uploads\/2018\/07\/quinta-da-pousada-1-1024x683.jpg 1024w\" sizes=\"auto, (max-width: 706px) 89vw, (max-width: 767px) 82vw, 740px\" \/><figcaption id=\"caption-attachment-606\" class=\"wp-caption-text\">Quinta da Pousada<\/figcaption><\/figure>\n<p><\/a><a class=\"house-image\" href=\"https:\/\/dourox1.com\/quinta-da-pousada\/\"><\/a><\/p>\n<p><a href=\"https:\/\/dourox1.com\/pt\/quinta-da-pousada\/\"><strong>Quinta da Pousada<\/strong><\/a> \u00e9 um lugar m\u00e1gico situado na mais antiga Regi\u00e3o Demarcada do mundo, o Douro, com uma localiza\u00e7\u00e3o que permite aos h\u00f3spedes um contacto \u00fanico com as vinhas da propriedade, num espa\u00e7o que respira tradi\u00e7\u00e3o, podendo desfrutar de uma experi\u00eancia \u00fanica.<\/p>\n<p>Os apreciadores de vinho, podem encontrar uma gama de atividades de enoturismo, podendo tamb\u00e9m degustar o tradicional vinho do Porto e outros tipos de vinhos da regi\u00e3o do Douro, al\u00e9m de poderem tamb\u00e9m deliciar-se com o azeite e os doces tradicionais do Douro.<\/p>\n<p><a class=\"house-image\" href=\"https:\/\/dourox1.com\/pt\/casa-do-rio\/\"><figure id=\"attachment_822\" aria-describedby=\"caption-attachment-822\" style=\"width: 1920px\" class=\"wp-caption aligncenter\"><img loading=\"lazy\" decoding=\"async\" src=\"https:\/\/dourox1.com\/wp-content\/uploads\/2018\/09\/casa-do-rio-0.jpg\" alt=\"Casa do Rio\" width=\"1920\" height=\"1200\" class=\"size-full wp-image-822\" \/><figcaption id=\"caption-attachment-822\" class=\"wp-caption-text\">Casa do Rio<\/figcaption><\/figure><\/a><\/p>\n<p><a href=\"https:\/\/dourox1.com\/pt\/casa-do-rio\/\"><strong>A casa do Rio<\/strong> <\/a>\u00e9 uma Casa com tra\u00e7a antiga, situada na marginal do Rio Douro, que permite uma estadia inesquec\u00edvel juntando tradi\u00e7\u00e3o e o charme num espa\u00e7o \u00fanico, possui uma localiza\u00e7\u00e3o prestigiada permitindo aos nossos h\u00f3spedes desfrutar de tudo o que est\u00e1 circundante.<\/p>\n<p>&nbsp;<\/p>\n<p><a class=\"house-image\" href=\"https:\/\/dourox1.com\/casas-do-vale\/\"><\/a><\/p>\n<p><a class=\"house-image\" href=\"https:\/\/dourox1.com\/casas-do-vale\/\"><\/p>\n<figure id=\"attachment_639\" aria-describedby=\"caption-attachment-639\" style=\"width: 1920px\" class=\"wp-caption aligncenter\"><img loading=\"lazy\" decoding=\"async\" src=\"https:\/\/dourox1.com\/wp-content\/uploads\/2018\/07\/casa-do-vale-1.jpg\" alt=\"Casa do Vale 1\" class=\"size-full wp-image-639\" width=\"1920\" height=\"1280\" srcset=\"https:\/\/dourox1.com\/wp-content\/uploads\/2018\/07\/casa-do-vale-1.jpg 1920w, https:\/\/dourox1.com\/wp-content\/uploads\/2018\/07\/casa-do-vale-1-300x200.jpg 300w, https:\/\/dourox1.com\/wp-content\/uploads\/2018\/07\/casa-do-vale-1-768x512.jpg 768w, https:\/\/dourox1.com\/wp-content\/uploads\/2018\/07\/casa-do-vale-1-1024x683.jpg 1024w\" sizes=\"auto, (max-width: 706px) 89vw, (max-width: 767px) 82vw, 740px\" \/><figcaption id=\"caption-attachment-639\" class=\"wp-caption-text\">Casas do Vale<\/figcaption><\/figure>\n<p><\/a><a class=\"house-image\" href=\"https:\/\/dourox1.com\/casas-do-vale\/\"><\/a><\/p>\n<p>Nas <a href=\"https:\/\/dourox1.com\/pt\/casas-do-vale\/\"><strong>Casas do Vale<\/strong><\/a> os h\u00f3spedes t\u00eam o privil\u00e9gio de ficar alojados num espa\u00e7o com mais de 100 anos de hist\u00f3ria vit\u00edcola, para onde se transportaram as uvas em cestos de vime e se pisaram as mesmas a p\u00e9, em lagares de granito, ainda vis\u00edveis no espa\u00e7o. Os h\u00f3spedes s\u00e3o recebidos com uma \u00fanica e inesquec\u00edvel prova de vinho de Porto com mais de 50 anos.<\/p>\n<p><strong>Quem aqui fica alojado vive e respira o Douro.<\/strong><\/p>\n<p><a class=\"house-image\" href=\"https:\/\/dourox1.com\/pt\/casas-do-peso\/\"><figure id=\"attachment_821\" aria-describedby=\"caption-attachment-821\" style=\"width: 1920px\" class=\"wp-caption aligncenter\"><img loading=\"lazy\" decoding=\"async\" src=\"https:\/\/dourox1.com\/wp-content\/uploads\/2018\/09\/casa-do-peso-0.jpg\" alt=\"Casa do Peso\" width=\"1920\" height=\"1200\" class=\"size-full wp-image-821\" \/><figcaption id=\"caption-attachment-821\" class=\"wp-caption-text\">Casa do Peso<\/figcaption><\/figure><\/a><\/p>\n<p><a href=\"https:\/\/dourox1.com\/pt\/casas-do-peso\/\"><strong>As casas do Peso<\/strong><\/a> est\u00e3o situadas na zona antiga do Peso da R\u00e9gua, com \u00f3timos acessos, numa zona tranquila e pr\u00f3ximo dos marcos hist\u00f3ricos da zona.<br \/>\nUm Lugar repleto de tradi\u00e7\u00e3o que lhe proporcionara uma experi\u00eancia inesquec\u00edvel.<\/p>\n","protected":false},"excerpt":{"rendered":"<p>A nossa oferta de Turismo Rural, Quinta da Pousada e as Casas do Vale, caracterizadas por um estilo vintage com tra\u00e7os modernos, onde a rece\u00e7\u00e3o de cada visitante \u00e9 informal e intimista.<\/p>\n<p><a href=\"http:\/\/dourox1.com\/quinta-da-pousada\/\"><strong>Quinta da Pousada<\/strong><\/a> \u00e9 um lugar m\u00e1gico situado na mais antiga Regi\u00e3o Demarcada do mundo, o Douro, com uma localiza\u00e7\u00e3o que permite aos h\u00f3spedes um contacto \u00fanico com as vinhas da propriedade, num espa\u00e7o que respira tradi\u00e7\u00e3o, podendo desfrutar de uma experi\u00eancia \u00fanica.<\/p>\n<p>Os apreciadores de vinho, podem encontrar uma gama de atividades de enoturismo, podendo tamb\u00e9m degustar o tradicional vinho do Porto e outros tipos de vinhos da regi\u00e3o do Douro, al\u00e9m de poderem tamb\u00e9m deliciar-se com o azeite e os doces tradicionais do Douro.<\/p>\n<p>Nas <a href=\"http:\/\/dourox1.com\/casas-do-vale\/\"><strong>Casas do Vale<\/strong><\/a> os h\u00f3spedes t\u00eam o privil\u00e9gio de ficar alojados num espa\u00e7o com mais de 100 anos de hist\u00f3ria vit\u00edcola, para onde se transportaram as uvas em cestos de vime e se pisaram as mesmas a p\u00e9, em lagares de granito, ainda vis\u00edveis no espa\u00e7o. Os h\u00f3spedes s\u00e3o recebidos com uma \u00fanica e inesquec\u00edvel prova de vinho de Porto com mais de 50 anos.<\/p>\n<p><strong>Quem aqui fica alojado vive e respira o Douro.<\/strong><\/p>\n","protected":false},"author":3,"featured_media":1077,"parent":0,"menu_order":0,"comment_status":"closed","ping_status":"closed","template":"","meta":{"footnotes":""},"categories":[],"class_list":["post-13","page","type-page","status-publish","has-post-thumbnail","hentry"],"translation":{"provider":"WPGlobus","version":"2.7.1","language":"pt","enabled_languages":["en","pt"],"languages":{"en":{"title":true,"content":true,"excerpt":true},"pt":{"title":true,"content":true,"excerpt":true}}},"yoast_head":"<!-- This site is optimized with the Yoast SEO plugin v26.9 - https:\/\/yoast.com\/product\/yoast-seo-wordpress\/ -->\n<title>Os Nossos Alojamentos - Douro X1<\/title>\n<meta name=\"description\" content=\"Na Quinta da Pousada e nas Casas do Vale, caracterizadas por um estilo vintage com tra\u00e7os modernos, a rece\u00e7\u00e3o de cada visitante \u00e9 informal e intimista.\" \/>\n<meta name=\"robots\" content=\"index, follow, max-snippet:-1, max-image-preview:large, max-video-preview:-1\" \/>\n<link rel=\"canonical\" href=\"https:\/\/dourox1.com\/pt\/tourism\/\" \/>\n<meta property=\"og:locale\" content=\"pt_PT\" \/>\n<meta property=\"og:type\" content=\"article\" \/>\n<meta property=\"og:title\" content=\"Os Nossos Alojamentos - Douro X1\" \/>\n<meta property=\"og:description\" content=\"Na Quinta da Pousada e nas Casas do Vale, caracterizadas por um estilo vintage com tra\u00e7os modernos, a rece\u00e7\u00e3o de cada visitante \u00e9 informal e intimista.\" \/>\n<meta property=\"og:url\" content=\"https:\/\/dourox1.com\/pt\/tourism\/\" \/>\n<meta property=\"og:site_name\" content=\"Douro X1\" \/>\n<meta property=\"article:modified_time\" content=\"2019-08-12T15:40:26+00:00\" \/>\n<meta property=\"og:image\" content=\"https:\/\/dourox1.com\/wp-content\/uploads\/2019\/04\/douro-x1-tourism.jpg\" \/>\n\t<meta property=\"og:image:width\" content=\"2000\" \/>\n\t<meta property=\"og:image:height\" content=\"1200\" \/>\n\t<meta property=\"og:image:type\" content=\"image\/jpeg\" \/>\n<meta name=\"twitter:card\" content=\"summary_large_image\" \/>\n<meta name=\"twitter:label1\" content=\"Tempo estimado de leitura\" \/>\n\t<meta name=\"twitter:data1\" content=\"3 minutos\" \/>\n<script type=\"application\/ld+json\" class=\"yoast-schema-graph\">{\"@context\":\"https:\/\/schema.org\",\"@graph\":[{\"@type\":\"WebPage\",\"@id\":\"https:\/\/dourox1.com\/pt\/tourism\/\",\"url\":\"https:\/\/dourox1.com\/pt\/tourism\/\",\"name\":\"Os Nossos Alojamentos - Douro X1\",\"isPartOf\":{\"@id\":\"https:\/\/dourox1.com\/#website\"},\"primaryImageOfPage\":{\"@id\":\"https:\/\/dourox1.com\/pt\/tourism\/#primaryimage\"},\"image\":{\"@id\":\"https:\/\/dourox1.com\/pt\/tourism\/#primaryimage\"},\"thumbnailUrl\":\"https:\/\/dourox1.com\/wp-content\/uploads\/2019\/04\/douro-x1-tourism.jpg\",\"datePublished\":\"2018-05-22T08:37:25+00:00\",\"dateModified\":\"2019-08-12T15:40:26+00:00\",\"description\":\"Na Quinta da Pousada e nas Casas do Vale, caracterizadas por um estilo vintage com tra\u00e7os modernos, a rece\u00e7\u00e3o de cada visitante \u00e9 informal e intimista.\",\"breadcrumb\":{\"@id\":\"https:\/\/dourox1.com\/pt\/tourism\/#breadcrumb\"},\"inLanguage\":\"pt-PT\",\"potentialAction\":[{\"@type\":\"ReadAction\",\"target\":[\"https:\/\/dourox1.com\/pt\/tourism\/\"]}]},{\"@type\":\"ImageObject\",\"inLanguage\":\"pt-PT\",\"@id\":\"https:\/\/dourox1.com\/pt\/tourism\/#primaryimage\",\"url\":\"https:\/\/dourox1.com\/wp-content\/uploads\/2019\/04\/douro-x1-tourism.jpg\",\"contentUrl\":\"https:\/\/dourox1.com\/wp-content\/uploads\/2019\/04\/douro-x1-tourism.jpg\",\"width\":2000,\"height\":1200,\"caption\":\"Douro X1 - Rural Tourism\"},{\"@type\":\"BreadcrumbList\",\"@id\":\"https:\/\/dourox1.com\/pt\/tourism\/#breadcrumb\",\"itemListElement\":[{\"@type\":\"ListItem\",\"position\":1,\"name\":\"Home\",\"item\":\"https:\/\/dourox1.com\/\"},{\"@type\":\"ListItem\",\"position\":2,\"name\":\"Os Nossos Alojamentos\"}]},{\"@type\":\"WebSite\",\"@id\":\"https:\/\/dourox1.com\/#website\",\"url\":\"https:\/\/dourox1.com\/\",\"name\":\"Douro X1\",\"description\":\"Venha e descubra os tesouros escondidos do Douro\",\"publisher\":{\"@id\":\"https:\/\/dourox1.com\/#organization\"},\"potentialAction\":[{\"@type\":\"SearchAction\",\"target\":{\"@type\":\"EntryPoint\",\"urlTemplate\":\"https:\/\/dourox1.com\/?s={search_term_string}\"},\"query-input\":{\"@type\":\"PropertyValueSpecification\",\"valueRequired\":true,\"valueName\":\"search_term_string\"}}],\"inLanguage\":\"pt-PT\"},{\"@type\":\"Organization\",\"@id\":\"https:\/\/dourox1.com\/#organization\",\"name\":\"Douro X1\",\"url\":\"https:\/\/dourox1.com\/\",\"logo\":{\"@type\":\"ImageObject\",\"inLanguage\":\"pt-PT\",\"@id\":\"https:\/\/dourox1.com\/#\/schema\/logo\/image\/\",\"url\":\"https:\/\/dourox1.com\/wp-content\/uploads\/2018\/06\/logo250.png\",\"contentUrl\":\"https:\/\/dourox1.com\/wp-content\/uploads\/2018\/06\/logo250.png\",\"width\":250,\"height\":250,\"caption\":\"Douro X1\"},\"image\":{\"@id\":\"https:\/\/dourox1.com\/#\/schema\/logo\/image\/\"}}]}<\/script>\n<!-- \/ Yoast SEO plugin. -->","yoast_head_json":{"title":"Os Nossos Alojamentos - Douro X1","description":"Na Quinta da Pousada e nas Casas do Vale, caracterizadas por um estilo vintage com tra\u00e7os modernos, a rece\u00e7\u00e3o de cada visitante \u00e9 informal e intimista.","robots":{"index":"index","follow":"follow","max-snippet":"max-snippet:-1","max-image-preview":"max-image-preview:large","max-video-preview":"max-video-preview:-1"},"canonical":"https:\/\/dourox1.com\/pt\/tourism\/","og_locale":"pt_PT","og_type":"article","og_title":"Os Nossos Alojamentos - Douro X1","og_description":"Na Quinta da Pousada e nas Casas do Vale, caracterizadas por um estilo vintage com tra\u00e7os modernos, a rece\u00e7\u00e3o de cada visitante \u00e9 informal e intimista.","og_url":"https:\/\/dourox1.com\/pt\/tourism\/","og_site_name":"Douro X1","article_modified_time":"2019-08-12T15:40:26+00:00","og_image":[{"width":2000,"height":1200,"url":"https:\/\/dourox1.com\/wp-content\/uploads\/2019\/04\/douro-x1-tourism.jpg","type":"image\/jpeg"}],"twitter_card":"summary_large_image","twitter_misc":{"Tempo estimado de leitura":"3 minutos"},"schema":{"@context":"https:\/\/schema.org","@graph":[{"@type":"WebPage","@id":"https:\/\/dourox1.com\/pt\/tourism\/","url":"https:\/\/dourox1.com\/pt\/tourism\/","name":"Os Nossos Alojamentos - Douro X1","isPartOf":{"@id":"https:\/\/dourox1.com\/#website"},"primaryImageOfPage":{"@id":"https:\/\/dourox1.com\/pt\/tourism\/#primaryimage"},"image":{"@id":"https:\/\/dourox1.com\/pt\/tourism\/#primaryimage"},"thumbnailUrl":"https:\/\/dourox1.com\/wp-content\/uploads\/2019\/04\/douro-x1-tourism.jpg","datePublished":"2018-05-22T08:37:25+00:00","dateModified":"2019-08-12T15:40:26+00:00","description":"Na Quinta da Pousada e nas Casas do Vale, caracterizadas por um estilo vintage com tra\u00e7os modernos, a rece\u00e7\u00e3o de cada visitante \u00e9 informal e intimista.","breadcrumb":{"@id":"https:\/\/dourox1.com\/pt\/tourism\/#breadcrumb"},"inLanguage":"pt-PT","potentialAction":[{"@type":"ReadAction","target":["https:\/\/dourox1.com\/pt\/tourism\/"]}]},{"@type":"ImageObject","inLanguage":"pt-PT","@id":"https:\/\/dourox1.com\/pt\/tourism\/#primaryimage","url":"https:\/\/dourox1.com\/wp-content\/uploads\/2019\/04\/douro-x1-tourism.jpg","contentUrl":"https:\/\/dourox1.com\/wp-content\/uploads\/2019\/04\/douro-x1-tourism.jpg","width":2000,"height":1200,"caption":"Douro X1 - Rural Tourism"},{"@type":"BreadcrumbList","@id":"https:\/\/dourox1.com\/pt\/tourism\/#breadcrumb","itemListElement":[{"@type":"ListItem","position":1,"name":"Home","item":"https:\/\/dourox1.com\/"},{"@type":"ListItem","position":2,"name":"Os Nossos Alojamentos"}]},{"@type":"WebSite","@id":"https:\/\/dourox1.com\/#website","url":"https:\/\/dourox1.com\/","name":"Douro X1","description":"Venha e descubra os tesouros escondidos do Douro","publisher":{"@id":"https:\/\/dourox1.com\/#organization"},"potentialAction":[{"@type":"SearchAction","target":{"@type":"EntryPoint","urlTemplate":"https:\/\/dourox1.com\/?s={search_term_string}"},"query-input":{"@type":"PropertyValueSpecification","valueRequired":true,"valueName":"search_term_string"}}],"inLanguage":"pt-PT"},{"@type":"Organization","@id":"https:\/\/dourox1.com\/#organization","name":"Douro X1","url":"https:\/\/dourox1.com\/","logo":{"@type":"ImageObject","inLanguage":"pt-PT","@id":"https:\/\/dourox1.com\/#\/schema\/logo\/image\/","url":"https:\/\/dourox1.com\/wp-content\/uploads\/2018\/06\/logo250.png","contentUrl":"https:\/\/dourox1.com\/wp-content\/uploads\/2018\/06\/logo250.png","width":250,"height":250,"caption":"Douro X1"},"image":{"@id":"https:\/\/dourox1.com\/#\/schema\/logo\/image\/"}}]}},"jetpack_sharing_enabled":true,"jetpack_shortlink":"https:\/\/wp.me\/P9ZEo4-d","_links":{"self":[{"href":"https:\/\/dourox1.com\/pt\/wp-json\/wp\/v2\/pages\/13","targetHints":{"allow":["GET"]}}],"collection":[{"href":"https:\/\/dourox1.com\/pt\/wp-json\/wp\/v2\/pages"}],"about":[{"href":"https:\/\/dourox1.com\/pt\/wp-json\/wp\/v2\/types\/page"}],"author":[{"embeddable":true,"href":"https:\/\/dourox1.com\/pt\/wp-json\/wp\/v2\/users\/3"}],"replies":[{"embeddable":true,"href":"https:\/\/dourox1.com\/pt\/wp-json\/wp\/v2\/comments?post=13"}],"version-history":[{"count":5,"href":"https:\/\/dourox1.com\/pt\/wp-json\/wp\/v2\/pages\/13\/revisions"}],"predecessor-version":[{"id":1151,"href":"https:\/\/dourox1.com\/pt\/wp-json\/wp\/v2\/pages\/13\/revisions\/1151"}],"wp:featuredmedia":[{"embeddable":true,"href":"https:\/\/dourox1.com\/pt\/wp-json\/wp\/v2\/media\/1077"}],"wp:attachment":[{"href":"https:\/\/dourox1.com\/pt\/wp-json\/wp\/v2\/media?parent=13"}],"wp:term":[{"taxonomy":"category","embeddable":true,"href":"https:\/\/dourox1.com\/pt\/wp-json\/wp\/v2\/categories?post=13"}],"curies":[{"name":"wp","href":"https:\/\/api.w.org\/{rel}","templated":true}]}}