{"id":1322,"date":"2020-06-08T07:01:55","date_gmt":"2020-06-08T07:01:55","guid":{"rendered":"https:\/\/dourox1.com\/?page_id=1322"},"modified":"2020-06-08T07:03:34","modified_gmt":"2020-06-08T07:03:34","slug":"covid-19","status":"publish","type":"page","link":"https:\/\/dourox1.com\/pt\/covid-19\/","title":{"rendered":"PROCEDIMENTO INTERNO COVID-19"},"content":{"rendered":"<p><strong>Bem-vindos<\/strong><\/p>\n<p><strong>Reservas <\/strong><\/p>\n<p>Existe um controlo de reservas para uma ocupa\u00e7\u00e3o m\u00e1xima de 75%, excepto reserva total da Quinta pelo mesmo h\u00f3spede.<\/p>\n<p>Solicita-se o envio dos dados de identifica\u00e7\u00e3o dos h\u00f3spedes via digital aquando da reserva, de forma a facilitar o processo de check-in e garantir os requisitos de estadia.<\/p>\n<p>Incentivamos todos os h\u00f3spedes que ponderem adiar a sua estadia no caso de apresentarem algum dos sintomas associados \u00e0 COVID-19, podendo ser feita uma altera\u00e7\u00e3o das datas da reserva directamente.<\/p>\n<p><strong>Na chegada \u00e0 Quinta da Pousada<\/strong><\/p>\n<p>Acesso exclusivo a h\u00f3spedes (visitantes\/passantes n\u00e3o ser\u00e3o permitidos).<\/p>\n<p>Medi\u00e7\u00e3o da temperatura de todos os h\u00f3spedes \u00e0 chegada. A quem apresentar uma temperatura superior a 37,8\u00baC, ser\u00e1 interdita a estadia\/perman\u00eancia e ser\u00e1 encaminhada para a nossa \u00e1rea de isolamento.<\/p>\n<p><strong>No decorrer da sua Estadia<\/strong><\/p>\n<p>Uso obrigat\u00f3rio de m\u00e1scara em todas as zonas comuns interiores.<\/p>\n<p>Dispensadores de \u00e1lcool gel dispon\u00edveis em todas as zonas comuns.<\/p>\n<p>O check-in, check-out e qualquer outra interac\u00e7\u00e3o que necessitem com a equipa de recep\u00e7\u00e3o ser\u00e1 feita em exclusivo, pedindo a todos os h\u00f3spedes que nos informem a sua chegada e sa\u00edda atempadamente.<\/p>\n<p>As equipas de cada departamento est\u00e3o devidamente equipadas com o material de protec\u00e7\u00e3o individual e espec\u00edfico.<\/p>\n<p>Disponibilidade de equipamento de protec\u00e7\u00e3o individual para todos os h\u00f3spedes em caso de necessidade, n\u00e3o sendo gratuito, excepto em algum caso suspeito.<strong>\u00a0<\/strong><\/p>\n<p><strong>Limpeza e Desinfe\u00e7\u00e3o <\/strong><\/p>\n<p>A limpeza e desinfec\u00e7\u00e3o de todas as \u00e1reas do alojamento, unidades e \u00e1reas comuns, t\u00eam um refor\u00e7o nos seus procedimentos, sendo a limpeza e desinfec\u00e7\u00e3o feitos ao longo do dia.<\/p>\n<p>Enfoque na limpeza e desinfec\u00e7\u00e3o, ao longo do dia, das v\u00e1rias superf\u00edcies nas \u00e1reas comuns interiores e, tamb\u00e9m, nos pontos de alto contacto de toda a Quinta.<\/p>\n<p>Espa\u00e7amento por um per\u00edodo m\u00ednimo de 24h entre reservas, de forma a garantir uma higieniza\u00e7\u00e3o e desinfec\u00e7\u00e3o mais adequada das unidades.<\/p>\n<p>Equipa de servi\u00e7os de limpeza e restantes colaboradores devidamente protegidos com equipamentos de protec\u00e7\u00e3o individual espec\u00edficos para cada departamento (m\u00e1scara e\/ou viseira, luvas e bata descart\u00e1vel).<\/p>\n<p>Cuidado refor\u00e7ado no manuseamento e lavagem dos t\u00eaxteis, nomeadamente len\u00e7\u00f3is e toalhas, seguindo todas as normas<\/p>\n<p>\u00c9 feito pela respons\u00e1vel da higieniza\u00e7\u00e3o e desinfec\u00e7\u00e3o um registo antes e depois da execu\u00e7\u00e3o da limpeza de cada \u00e1rea da Quinta.<strong>\u00a0<\/strong><\/p>\n<p><strong>Servi\u00e7o de Refei\u00e7\u00f5es<\/strong><\/p>\n<p>Sala de refei\u00e7\u00f5es preparada com a disposi\u00e7\u00e3o das mesas e das cadeiras de forma a garantir a dist\u00e2ncia de seguran\u00e7a.<\/p>\n<p>Agendamento de refei\u00e7\u00f5es, sempre que poss\u00edvel com 24h de anteced\u00eancia, para controlo do n\u00famero de clientes em simult\u00e2neo na sala.<\/p>\n<p>Equipa de cozinha e sala com servi\u00e7o adaptado e protegida com equipamentos de prote\u00e7\u00e3o individual espec\u00edfico, de forma a garantir uma higieniza\u00e7\u00e3o refor\u00e7ada dos utens\u00edlios, equipamentos e superf\u00edcies e o evitar ao m\u00e1ximo a manipula\u00e7\u00e3o direta dos alimentos.<\/p>\n<p>Servi\u00e7o individualizado \u00e0 mesa de pequenos-almo\u00e7os e outras refei\u00e7\u00f5es, sendo disponibilizado no espa\u00e7o as ementas das diferentes mesmas digitalmente para que haja uma escolha pr\u00e9via do que desejam.<\/p>\n<p>Entre cada utiliza\u00e7\u00e3o \u00e9 feita uma limpeza e desinfe\u00e7\u00e3o das zonas e superf\u00edcies (cadeiras, mesas, etc) utilizados pelos h\u00f3spedes na sua refei\u00e7\u00e3o.<\/p>\n<p><strong>Outros Espa\u00e7os (Comuns e exteriores) e Servi\u00e7os<\/strong><\/p>\n<p>Higieniza\u00e7\u00e3o di\u00e1ria, mais que uma vez, de todos os espa\u00e7os comuns.<\/p>\n<p>O tratamento da \u00e1gua da piscina \u00e9 o adequado com desinfetante espec\u00edfico, pelo que a sua utiliza\u00e7\u00e3o \u00e9 perfeitamente segura.\u00a0Aconselhamos a perman\u00eancia m\u00e1xima de 4 pessoas na piscina.<\/p>\n<p>Todos os outros servi\u00e7os dispon\u00edveis ter\u00e3o estritas regras de higiene e seguran\u00e7a de preven\u00e7\u00e3o.<\/p>\n<p><strong>Procedimento em caso de suspeita de COVID-19<\/strong><\/p>\n<p>O cliente pode e deve informar qualquer colaborador da nossa equipa pois esta est\u00e1 apta a apoiar os nossos h\u00f3spedes em situa\u00e7\u00f5es de suspeita ou confirma\u00e7\u00e3o de COVID-19.<\/p>\n<p>Est\u00e1 assegurada a zona de isolamento, bem como \u201ckit de apoio\u201d a todos os h\u00f3spedes que necessitem.<\/p>\n<p>Execu\u00e7\u00e3o de todas as medidas de desinfe\u00e7\u00e3o espec\u00edficas de todos os espa\u00e7os em caso de suspeita ou confirma\u00e7\u00e3o de um caso de COVID-19 em algum funcion\u00e1rio ou cliente.<\/p>\n<p><strong>Colaboradores<\/strong><\/p>\n<p>Forma\u00e7\u00e3o espec\u00edfica de todas as equipas das diferentes \u00e1reas sobre os novos procedimentos.<\/p>\n<p>Monitoriza\u00e7\u00e3o di\u00e1ria da temperatura para avalia\u00e7\u00e3o da febre e\/ou sintomas de todos os colaboradores, no inicio e no fim do hor\u00e1rio de trabalho<\/p>\n<p>Colaboradores disp\u00f5em de farda e kit de seguran\u00e7a individual de utiliza\u00e7\u00e3o obrigat\u00f3ria durante todo o hor\u00e1rio de trabalho.<\/p>\n<p>Conhecimento dos procedimentos de seguran\u00e7a aplicados no tratamento e armazenamento de todas as mercadorias entregues.<\/p>\n","protected":false},"excerpt":{"rendered":"<p>Bem-vindos Reservas Existe um controlo de reservas para uma ocupa\u00e7\u00e3o m\u00e1xima de 75%, excepto reserva total da Quinta pelo mesmo h\u00f3spede. Solicita-se o envio dos dados de identifica\u00e7\u00e3o dos h\u00f3spedes via digital aquando da reserva, de forma a facilitar o processo de check-in e garantir os requisitos de estadia. Incentivamos todos os h\u00f3spedes que ponderem &hellip; <\/p>\n<p class=\"link-more\"><a href=\"https:\/\/dourox1.com\/pt\/covid-19\/\" class=\"more-link\">Continuar a ler <span class=\"screen-reader-text\">&#8220;PROCEDIMENTO INTERNO COVID-19&#8221;<\/span><\/a><\/p>\n","protected":false},"author":3,"featured_media":0,"parent":0,"menu_order":0,"comment_status":"closed","ping_status":"closed","template":"","meta":{"footnotes":""},"categories":[],"class_list":["post-1322","page","type-page","status-publish","hentry"],"translation":{"provider":"WPGlobus","version":"2.7.1","language":"pt","enabled_languages":["en","pt"],"languages":{"en":{"title":true,"content":true,"excerpt":false},"pt":{"title":true,"content":true,"excerpt":false}}},"yoast_head":"<!-- This site is optimized with the Yoast SEO plugin v26.9 - https:\/\/yoast.com\/product\/yoast-seo-wordpress\/ -->\n<title>PROCEDIMENTO INTERNO COVID-19 - Douro X1<\/title>\n<meta name=\"robots\" content=\"index, follow, max-snippet:-1, max-image-preview:large, max-video-preview:-1\" \/>\n<link rel=\"canonical\" href=\"https:\/\/dourox1.com\/covid-19\/\" \/>\n<meta property=\"og:locale\" content=\"pt_PT\" \/>\n<meta property=\"og:type\" content=\"article\" \/>\n<meta property=\"og:title\" content=\"PROCEDIMENTO INTERNO COVID-19 - Douro X1\" \/>\n<meta property=\"og:url\" content=\"https:\/\/dourox1.com\/covid-19\/\" \/>\n<meta property=\"og:site_name\" content=\"Douro X1\" \/>\n<meta property=\"article:modified_time\" content=\"2020-06-08T07:03:34+00:00\" \/>\n<meta name=\"twitter:card\" content=\"summary_large_image\" \/>\n<meta name=\"twitter:label1\" content=\"Tempo estimado de leitura\" \/>\n\t<meta name=\"twitter:data1\" content=\"8 minutos\" \/>\n<script type=\"application\/ld+json\" class=\"yoast-schema-graph\">{\"@context\":\"https:\/\/schema.org\",\"@graph\":[{\"@type\":\"WebPage\",\"@id\":\"https:\/\/dourox1.com\/covid-19\/\",\"url\":\"https:\/\/dourox1.com\/covid-19\/\",\"name\":\"PROCEDIMENTO INTERNO COVID-19 - Douro X1\",\"isPartOf\":{\"@id\":\"https:\/\/dourox1.com\/#website\"},\"datePublished\":\"2020-06-08T07:01:55+00:00\",\"dateModified\":\"2020-06-08T07:03:34+00:00\",\"breadcrumb\":{\"@id\":\"https:\/\/dourox1.com\/covid-19\/#breadcrumb\"},\"inLanguage\":\"pt-PT\",\"potentialAction\":[{\"@type\":\"ReadAction\",\"target\":[\"https:\/\/dourox1.com\/covid-19\/\"]}]},{\"@type\":\"BreadcrumbList\",\"@id\":\"https:\/\/dourox1.com\/covid-19\/#breadcrumb\",\"itemListElement\":[{\"@type\":\"ListItem\",\"position\":1,\"name\":\"Home\",\"item\":\"https:\/\/dourox1.com\/\"},{\"@type\":\"ListItem\",\"position\":2,\"name\":\"COVID-19 Procedures\"}]},{\"@type\":\"WebSite\",\"@id\":\"https:\/\/dourox1.com\/#website\",\"url\":\"https:\/\/dourox1.com\/\",\"name\":\"Douro X1\",\"description\":\"Venha e descubra os tesouros escondidos do Douro\",\"publisher\":{\"@id\":\"https:\/\/dourox1.com\/#organization\"},\"potentialAction\":[{\"@type\":\"SearchAction\",\"target\":{\"@type\":\"EntryPoint\",\"urlTemplate\":\"https:\/\/dourox1.com\/?s={search_term_string}\"},\"query-input\":{\"@type\":\"PropertyValueSpecification\",\"valueRequired\":true,\"valueName\":\"search_term_string\"}}],\"inLanguage\":\"pt-PT\"},{\"@type\":\"Organization\",\"@id\":\"https:\/\/dourox1.com\/#organization\",\"name\":\"Douro X1\",\"url\":\"https:\/\/dourox1.com\/\",\"logo\":{\"@type\":\"ImageObject\",\"inLanguage\":\"pt-PT\",\"@id\":\"https:\/\/dourox1.com\/#\/schema\/logo\/image\/\",\"url\":\"https:\/\/dourox1.com\/wp-content\/uploads\/2018\/06\/logo250.png\",\"contentUrl\":\"https:\/\/dourox1.com\/wp-content\/uploads\/2018\/06\/logo250.png\",\"width\":250,\"height\":250,\"caption\":\"Douro X1\"},\"image\":{\"@id\":\"https:\/\/dourox1.com\/#\/schema\/logo\/image\/\"}}]}<\/script>\n<!-- \/ Yoast SEO plugin. -->","yoast_head_json":{"title":"PROCEDIMENTO INTERNO COVID-19 - Douro X1","robots":{"index":"index","follow":"follow","max-snippet":"max-snippet:-1","max-image-preview":"max-image-preview:large","max-video-preview":"max-video-preview:-1"},"canonical":"https:\/\/dourox1.com\/covid-19\/","og_locale":"pt_PT","og_type":"article","og_title":"PROCEDIMENTO INTERNO COVID-19 - Douro X1","og_url":"https:\/\/dourox1.com\/covid-19\/","og_site_name":"Douro X1","article_modified_time":"2020-06-08T07:03:34+00:00","twitter_card":"summary_large_image","twitter_misc":{"Tempo estimado de leitura":"8 minutos"},"schema":{"@context":"https:\/\/schema.org","@graph":[{"@type":"WebPage","@id":"https:\/\/dourox1.com\/covid-19\/","url":"https:\/\/dourox1.com\/covid-19\/","name":"PROCEDIMENTO INTERNO COVID-19 - Douro X1","isPartOf":{"@id":"https:\/\/dourox1.com\/#website"},"datePublished":"2020-06-08T07:01:55+00:00","dateModified":"2020-06-08T07:03:34+00:00","breadcrumb":{"@id":"https:\/\/dourox1.com\/covid-19\/#breadcrumb"},"inLanguage":"pt-PT","potentialAction":[{"@type":"ReadAction","target":["https:\/\/dourox1.com\/covid-19\/"]}]},{"@type":"BreadcrumbList","@id":"https:\/\/dourox1.com\/covid-19\/#breadcrumb","itemListElement":[{"@type":"ListItem","position":1,"name":"Home","item":"https:\/\/dourox1.com\/"},{"@type":"ListItem","position":2,"name":"COVID-19 Procedures"}]},{"@type":"WebSite","@id":"https:\/\/dourox1.com\/#website","url":"https:\/\/dourox1.com\/","name":"Douro X1","description":"Venha e descubra os tesouros escondidos do Douro","publisher":{"@id":"https:\/\/dourox1.com\/#organization"},"potentialAction":[{"@type":"SearchAction","target":{"@type":"EntryPoint","urlTemplate":"https:\/\/dourox1.com\/?s={search_term_string}"},"query-input":{"@type":"PropertyValueSpecification","valueRequired":true,"valueName":"search_term_string"}}],"inLanguage":"pt-PT"},{"@type":"Organization","@id":"https:\/\/dourox1.com\/#organization","name":"Douro X1","url":"https:\/\/dourox1.com\/","logo":{"@type":"ImageObject","inLanguage":"pt-PT","@id":"https:\/\/dourox1.com\/#\/schema\/logo\/image\/","url":"https:\/\/dourox1.com\/wp-content\/uploads\/2018\/06\/logo250.png","contentUrl":"https:\/\/dourox1.com\/wp-content\/uploads\/2018\/06\/logo250.png","width":250,"height":250,"caption":"Douro X1"},"image":{"@id":"https:\/\/dourox1.com\/#\/schema\/logo\/image\/"}}]}},"jetpack_sharing_enabled":true,"jetpack_shortlink":"https:\/\/wp.me\/P9ZEo4-lk","_links":{"self":[{"href":"https:\/\/dourox1.com\/pt\/wp-json\/wp\/v2\/pages\/1322","targetHints":{"allow":["GET"]}}],"collection":[{"href":"https:\/\/dourox1.com\/pt\/wp-json\/wp\/v2\/pages"}],"about":[{"href":"https:\/\/dourox1.com\/pt\/wp-json\/wp\/v2\/types\/page"}],"author":[{"embeddable":true,"href":"https:\/\/dourox1.com\/pt\/wp-json\/wp\/v2\/users\/3"}],"replies":[{"embeddable":true,"href":"https:\/\/dourox1.com\/pt\/wp-json\/wp\/v2\/comments?post=1322"}],"version-history":[{"count":4,"href":"https:\/\/dourox1.com\/pt\/wp-json\/wp\/v2\/pages\/1322\/revisions"}],"predecessor-version":[{"id":1326,"href":"https:\/\/dourox1.com\/pt\/wp-json\/wp\/v2\/pages\/1322\/revisions\/1326"}],"wp:attachment":[{"href":"https:\/\/dourox1.com\/pt\/wp-json\/wp\/v2\/media?parent=1322"}],"wp:term":[{"taxonomy":"category","embeddable":true,"href":"https:\/\/dourox1.com\/pt\/wp-json\/wp\/v2\/categories?post=1322"}],"curies":[{"name":"wp","href":"https:\/\/api.w.org\/{rel}","templated":true}]}}