{"id":255,"date":"2018-06-07T07:55:31","date_gmt":"2018-06-07T07:55:31","guid":{"rendered":"https:\/\/dourox1.com\/?page_id=255"},"modified":"2018-07-03T09:40:48","modified_gmt":"2018-07-03T09:40:48","slug":"privacy-policy","status":"publish","type":"page","link":"https:\/\/dourox1.com\/pt\/privacy-policy\/","title":{"rendered":"Pol\u00edtica de privacidade"},"content":{"rendered":"<p>Nesta declara\u00e7\u00e3o explicamos como recolhemos, usamos, partilhamos e protegemos as suas informa\u00e7\u00f5es pessoais, quando utiliza o nosso website.<\/p>\n<h2>Quem n\u00f3s somos<\/h2>\n<p>O endere\u00e7o do nosso site \u00e9 o <a href=\"http:\/\/www.dourox1.com\">www.dourox1.com<\/a>. Somos uma empresa ligada ao turismo urbano e rural, oferecendo experi\u00eancias \u00fanicas e estadias inesquec\u00edveis.<\/p>\n<h2>Que dados pessoais recolhemos e porque os recolhemos<\/h2>\n<h3>Coment\u00e1rios<\/h3>\n<p><span id=\"result_box\" class=\"\" lang=\"pt\"><span title=\"When visitors leave comments on the site we collect the data shown in the comments form, and also the visitor\u2019s IP address and browser user agent string to help spam detection. \">Quando os visitantes deixam coment\u00e1rios no site, recolhemos os dados exibidos no formul\u00e1rio de coment\u00e1rios e tamb\u00e9m o endere\u00e7o IP do visitante e a string do <em>user agent<\/em> do navegador para ajudar na detec\u00e7\u00e3o de spam.<\/span><\/span><\/p>\n<p><span title=\"An anonymized string created from your email address (also called a hash) may be provided to the Gravatar service to see if you are using it.\">Uma string anonimizada criada a partir do seu endere\u00e7o de e-mail (tamb\u00e9m chamada de hash) pode ser fornecida ao servi\u00e7o Gravatar para verificar se est\u00e1 a utilizar este servi\u00e7o. <\/span><span title=\"The Gravatar service privacy policy is available here: https:\/\/automattic.com\/privacy\/.\">A pol\u00edtica de privacidade do servi\u00e7o Gravatar est\u00e1 dispon\u00edvel <a href=\"https:\/\/automattic.com\/privacy\/\">aqui<\/a>. <\/span><span title=\"After approval of your comment, your profile picture is visible to the public in the context of your comment. \">Ap\u00f3s a aprova\u00e7\u00e3o do seu coment\u00e1rio, a foto do seu perfil ficar\u00e1 vis\u00edvel para o p\u00fablico no contexto do seu coment\u00e1rio.<\/span><\/p>\n<h3>Multim\u00e9dia<\/h3>\n<p><span id=\"result_box\" class=\"\" lang=\"pt\"><span title=\"If you upload images to the website, you should avoid uploading images with embedded location data (EXIF GPS) included.\">Caso fa\u00e7a upload de imagens para o site, evite o upload de imagens com dados de localiza\u00e7\u00e3o incorporados (EXIF GPS). <\/span><span title=\"Visitors to the website can download and extract any location data from images on the website. \">Os visitantes do site podem descarregar as imagens e extrair quaisquer dados de localiza\u00e7\u00e3o.<br \/>\n<\/span><\/span><\/p>\n<h3>Formul\u00e1rios de contacto<\/h3>\n<h3>Cookies<\/h3>\n<p><span id=\"result_box\" class=\"\" lang=\"pt\"><span title=\"If you leave a comment on our site you may opt-in to saving your name, email address and website in cookies.\">Caso deixe um coment\u00e1rio no nosso site, voc\u00ea pode optar por gravar o seu nome, endere\u00e7o de e-mail e site em cookies. <\/span><span title=\"These are for your convenience so that you do not have to fill in your details again when you leave another comment.\">Estes s\u00e3o para a sua conveni\u00eancia, para que n\u00e3o precise de preencher novamente os seus dados quando deixar um novo coment\u00e1rio. <\/span><span title=\"These cookies will last for one year. \">Esses cookies durar\u00e3o um ano.<br \/>\n<\/span><\/span><\/p>\n<h3><span id=\"result_box\" class=\"\" lang=\"pt\"><span title=\"Embedded content from other websites \">Conte\u00fado de outros sites<\/span><\/span><\/h3>\n<p><span id=\"result_box\" class=\"\" lang=\"pt\"><span title=\"Articles on this site may include embedded content (e.g. videos, images, articles, etc.).\">Os artigos neste site podem incluir conte\u00fado incorporado (por exemplo, v\u00eddeos, imagens, artigos, etc.). <\/span><span title=\"Embedded content from other websites behaves in the exact same way as if the visitor has visited the other website. \">O conte\u00fado incorporado de outros sites comporta-se exatamente da mesma maneira como se o visitante tivesse visitado o outro site.<\/span><\/span><\/p>\n<p><span title=\"These websites may collect data about you, use cookies, embed additional third-party tracking, and monitor your interaction with that embedded content, including tracing your interaction with the embedded content if you have an account and are logged in to that website. \">Esses sites podem recolher os seus dados, usar cookies, incorporar <em>tracking<\/em> adicional pela parte de terceiros e monitorizar a sua intera\u00e7\u00e3o com esse conte\u00fado, incluindo monitorizar a sua intera\u00e7\u00e3o com o conte\u00fado incorporado se voc\u00ea tiver uma conta e estiver ligado a esse site. No fundo, nestes casos prevalece a pol\u00edtica de privacidade dos sites de origem.<br \/>\n<\/span><\/p>\n<h3>Estat\u00edsticas<\/h3>\n<h2>Com quem partilhamos a nossa informa\u00e7\u00e3o<\/h2>\n<p>A Douro X1 n\u00e3o partilha quaisquer dados com terceiros.<\/p>\n<h2>Por quanto tempo retemos a nossa informa\u00e7\u00e3o<\/h2>\n<p>Caso deixe um coment\u00e1rio, <span id=\"result_box\" class=\"\" lang=\"pt\"><span title=\"If you leave a comment, the comment and its metadata are retained indefinitely.\">o coment\u00e1rio e os seus metadados ser\u00e3o retidos indefinitivamente. <\/span><span title=\"This is so we can recognize and approve any follow-up comments automatically instead of holding them in a moderation queue. \">Isso \u00e9 para que possamos reconhecer e aprovar quaisquer coment\u00e1rios subsequentes automaticamente, em vez de mant\u00ea-los em espera para modera\u00e7\u00e3o.<\/span><\/span><\/p>\n<h2>Que direitos tem sobre os seus dados<\/h2>\n<p><span id=\"result_box\" class=\"\" lang=\"pt\"><span title=\"If you have an account on this site, or have left comments, you can request to receive an exported file of the personal data we hold about you, including any data you have provided to us.\">Caso tenha deixado coment\u00e1rios, poder\u00e1 solicitar um arquivo exportado dos dados pessoais que mantemos sobre si, incluindo quaisquer dados que nos tenha fornecido. <\/span><span title=\"You can also request that we erase any personal data we hold about you.\">Adicionalmente, pode solicitar que sejam apagados quaisquer dados pessoais que tenhamos sobre si. Note-se que isto <\/span><span title=\"This does not include any data we are obliged to keep for administrative, legal, or security purposes. \">n\u00e3o inclui dados que somos obrigados a manter para fins administrativos, legais ou de seguran\u00e7a.<br \/>\n<\/span><\/span><\/p>\n<h2>Para onde enviamos os nossos dados<\/h2>\n<p><span id=\"result_box\" class=\"\" lang=\"pt\"><span title=\"Visitor comments may be checked through an automated spam detection service. \">Os coment\u00e1rios dos visitantes podem ser verificados atrav\u00e9s de um servi\u00e7o automatizado de detec\u00e7\u00e3o de spam.<\/span><\/span><\/p>\n<p><span id=\"result_box\" class=\"\" lang=\"pt\"><span title=\"Visitor comments may be checked through an automated spam detection service. \">As estat\u00edsticas de acesso e intera\u00e7\u00e3o com o website s\u00e3o obtidas atrav\u00e9s do servi\u00e7o Jetpack. Desta forma, e n\u00e3o enviando diretamente os seus dados, existe um tratamento por parte desta entidade. A sua pol\u00edtica de privacidade pode ser encontrada <a href=\"https:\/\/automattic.com\/privacy\/\">aqui<\/a>.<br \/>\n<\/span><\/span><\/p>\n<h2>Informa\u00e7\u00e3o adicional<\/h2>\n<h3>Como protegemos os seus dados<\/h3>\n<p>Temos implementada uma pol\u00edtica de <em>backups <\/em>regular<em>. <\/em>Os acessos ao website s\u00e3o restritos, e protegidos com credenciais seguras e mudadas regularmente. O website \u00e9 atualizado regularmente, de forma a que os potenciais problemas conhecidos sejam evitados.<\/p>\n<h3>Que procedimentos de viola\u00e7\u00e3o de dados temos em vigor<\/h3>\n<p>Qualquer viola\u00e7\u00e3o de dados ser\u00e1 comunicada atrav\u00e9s dos nossos diversos meios de comunica\u00e7\u00e3o. Para al\u00e9m disso, e para aqueles utilizadores para os quais temos um email ou telefone associado, ser\u00e3o comunicados em 24 horas.<\/p>\n<h3>De que terceiros n\u00f3s recebemos dados<\/h3>\n<p>O website \u00e9 hospedado pela Bluehost, podendo a sua pol\u00edtica de privacidade ser encontrada <a href=\"https:\/\/www.bluehost.com\/terms\/privacy-policy\">aqui<\/a>. Existe <span id=\"result_box\" class=\"\" lang=\"pt\"><span title=\"Visitor comments may be checked through an automated spam detection service. \">um tratamento de dados estat\u00edsticos por parte do servi\u00e7o Jetpack, podendo a sua pol\u00edtica de privacidade ser encontrada <a href=\"https:\/\/automattic.com\/privacy\/\">aqui<\/a>.<\/span><\/span><\/p>\n<h3>Decis\u00f5es automatizadas e perfis<\/h3>\n<p>N\u00e3o s\u00e3o criados perfis para os utilizadores que interagem com o website.<\/p>\n<h3>Altera\u00e7\u00f5es<\/h3>\n<p>Esta pol\u00edtica de privacidade poder\u00e1 ser atualizada com regularidade e, sempre que procedermos a altera\u00e7\u00f5es, estas ser\u00e3o publicadas no nosso website e ser\u00e1 alertado de que a mesma foi alterada.<\/p>\n<h3>Contactos<\/h3>\n<p>Se tiver perguntas sobre a nossa pol\u00edtica de privacidade contacte-nos pelo email <a href=\"mailto:dourox1@gmail.com\">dourox1@gmail.com.<\/a><\/p>\n","protected":false},"excerpt":{"rendered":"<p>Nesta declara\u00e7\u00e3o explicamos como recolhemos, usamos, partilhamos e protegemos as suas informa\u00e7\u00f5es pessoais, quando utiliza o nosso website. Quem n\u00f3s somos O endere\u00e7o do nosso site \u00e9 o www.dourox1.com. Somos uma empresa ligada ao turismo urbano e rural, oferecendo experi\u00eancias \u00fanicas e estadias inesquec\u00edveis. Que dados pessoais recolhemos e porque os recolhemos Coment\u00e1rios Quando os &hellip; <\/p>\n<p class=\"link-more\"><a href=\"https:\/\/dourox1.com\/pt\/privacy-policy\/\" class=\"more-link\">Continuar a ler <span class=\"screen-reader-text\">&#8220;Pol\u00edtica de privacidade&#8221;<\/span><\/a><\/p>\n","protected":false},"author":3,"featured_media":0,"parent":0,"menu_order":0,"comment_status":"closed","ping_status":"closed","template":"","meta":{"footnotes":""},"categories":[],"class_list":["post-255","page","type-page","status-publish","hentry"],"translation":{"provider":"WPGlobus","version":"2.7.1","language":"pt","enabled_languages":["en","pt"],"languages":{"en":{"title":true,"content":true,"excerpt":false},"pt":{"title":true,"content":true,"excerpt":false}}},"yoast_head":"<!-- This site is optimized with the Yoast SEO plugin v26.9 - https:\/\/yoast.com\/product\/yoast-seo-wordpress\/ -->\n<title>Pol\u00edtica de privacidade - Douro X1<\/title>\n<meta name=\"robots\" content=\"index, follow, max-snippet:-1, max-image-preview:large, max-video-preview:-1\" \/>\n<link rel=\"canonical\" href=\"https:\/\/dourox1.com\/privacy-policy\/\" \/>\n<meta property=\"og:locale\" content=\"pt_PT\" \/>\n<meta property=\"og:type\" content=\"article\" \/>\n<meta property=\"og:title\" content=\"Pol\u00edtica de privacidade - Douro X1\" \/>\n<meta property=\"og:url\" content=\"https:\/\/dourox1.com\/privacy-policy\/\" \/>\n<meta property=\"og:site_name\" content=\"Douro X1\" \/>\n<meta property=\"article:modified_time\" content=\"2018-07-03T09:40:48+00:00\" \/>\n<meta name=\"twitter:card\" content=\"summary_large_image\" \/>\n<meta name=\"twitter:label1\" content=\"Tempo estimado de leitura\" \/>\n\t<meta name=\"twitter:data1\" content=\"7 minutos\" \/>\n<script type=\"application\/ld+json\" class=\"yoast-schema-graph\">{\"@context\":\"https:\/\/schema.org\",\"@graph\":[{\"@type\":\"WebPage\",\"@id\":\"https:\/\/dourox1.com\/privacy-policy\/\",\"url\":\"https:\/\/dourox1.com\/privacy-policy\/\",\"name\":\"Pol\u00edtica de privacidade - Douro X1\",\"isPartOf\":{\"@id\":\"https:\/\/dourox1.com\/#website\"},\"datePublished\":\"2018-06-07T07:55:31+00:00\",\"dateModified\":\"2018-07-03T09:40:48+00:00\",\"breadcrumb\":{\"@id\":\"https:\/\/dourox1.com\/privacy-policy\/#breadcrumb\"},\"inLanguage\":\"pt-PT\",\"potentialAction\":[{\"@type\":\"ReadAction\",\"target\":[\"https:\/\/dourox1.com\/privacy-policy\/\"]}]},{\"@type\":\"BreadcrumbList\",\"@id\":\"https:\/\/dourox1.com\/privacy-policy\/#breadcrumb\",\"itemListElement\":[{\"@type\":\"ListItem\",\"position\":1,\"name\":\"Home\",\"item\":\"https:\/\/dourox1.com\/\"},{\"@type\":\"ListItem\",\"position\":2,\"name\":\"Privacy policy\"}]},{\"@type\":\"WebSite\",\"@id\":\"https:\/\/dourox1.com\/#website\",\"url\":\"https:\/\/dourox1.com\/\",\"name\":\"Douro X1\",\"description\":\"Venha e descubra os tesouros escondidos do Douro\",\"publisher\":{\"@id\":\"https:\/\/dourox1.com\/#organization\"},\"potentialAction\":[{\"@type\":\"SearchAction\",\"target\":{\"@type\":\"EntryPoint\",\"urlTemplate\":\"https:\/\/dourox1.com\/?s={search_term_string}\"},\"query-input\":{\"@type\":\"PropertyValueSpecification\",\"valueRequired\":true,\"valueName\":\"search_term_string\"}}],\"inLanguage\":\"pt-PT\"},{\"@type\":\"Organization\",\"@id\":\"https:\/\/dourox1.com\/#organization\",\"name\":\"Douro X1\",\"url\":\"https:\/\/dourox1.com\/\",\"logo\":{\"@type\":\"ImageObject\",\"inLanguage\":\"pt-PT\",\"@id\":\"https:\/\/dourox1.com\/#\/schema\/logo\/image\/\",\"url\":\"https:\/\/dourox1.com\/wp-content\/uploads\/2018\/06\/logo250.png\",\"contentUrl\":\"https:\/\/dourox1.com\/wp-content\/uploads\/2018\/06\/logo250.png\",\"width\":250,\"height\":250,\"caption\":\"Douro X1\"},\"image\":{\"@id\":\"https:\/\/dourox1.com\/#\/schema\/logo\/image\/\"}}]}<\/script>\n<!-- \/ Yoast SEO plugin. -->","yoast_head_json":{"title":"Pol\u00edtica de privacidade - Douro X1","robots":{"index":"index","follow":"follow","max-snippet":"max-snippet:-1","max-image-preview":"max-image-preview:large","max-video-preview":"max-video-preview:-1"},"canonical":"https:\/\/dourox1.com\/privacy-policy\/","og_locale":"pt_PT","og_type":"article","og_title":"Pol\u00edtica de privacidade - Douro X1","og_url":"https:\/\/dourox1.com\/privacy-policy\/","og_site_name":"Douro X1","article_modified_time":"2018-07-03T09:40:48+00:00","twitter_card":"summary_large_image","twitter_misc":{"Tempo estimado de leitura":"7 minutos"},"schema":{"@context":"https:\/\/schema.org","@graph":[{"@type":"WebPage","@id":"https:\/\/dourox1.com\/privacy-policy\/","url":"https:\/\/dourox1.com\/privacy-policy\/","name":"Pol\u00edtica de privacidade - Douro X1","isPartOf":{"@id":"https:\/\/dourox1.com\/#website"},"datePublished":"2018-06-07T07:55:31+00:00","dateModified":"2018-07-03T09:40:48+00:00","breadcrumb":{"@id":"https:\/\/dourox1.com\/privacy-policy\/#breadcrumb"},"inLanguage":"pt-PT","potentialAction":[{"@type":"ReadAction","target":["https:\/\/dourox1.com\/privacy-policy\/"]}]},{"@type":"BreadcrumbList","@id":"https:\/\/dourox1.com\/privacy-policy\/#breadcrumb","itemListElement":[{"@type":"ListItem","position":1,"name":"Home","item":"https:\/\/dourox1.com\/"},{"@type":"ListItem","position":2,"name":"Privacy policy"}]},{"@type":"WebSite","@id":"https:\/\/dourox1.com\/#website","url":"https:\/\/dourox1.com\/","name":"Douro X1","description":"Venha e descubra os tesouros escondidos do Douro","publisher":{"@id":"https:\/\/dourox1.com\/#organization"},"potentialAction":[{"@type":"SearchAction","target":{"@type":"EntryPoint","urlTemplate":"https:\/\/dourox1.com\/?s={search_term_string}"},"query-input":{"@type":"PropertyValueSpecification","valueRequired":true,"valueName":"search_term_string"}}],"inLanguage":"pt-PT"},{"@type":"Organization","@id":"https:\/\/dourox1.com\/#organization","name":"Douro X1","url":"https:\/\/dourox1.com\/","logo":{"@type":"ImageObject","inLanguage":"pt-PT","@id":"https:\/\/dourox1.com\/#\/schema\/logo\/image\/","url":"https:\/\/dourox1.com\/wp-content\/uploads\/2018\/06\/logo250.png","contentUrl":"https:\/\/dourox1.com\/wp-content\/uploads\/2018\/06\/logo250.png","width":250,"height":250,"caption":"Douro X1"},"image":{"@id":"https:\/\/dourox1.com\/#\/schema\/logo\/image\/"}}]}},"jetpack_sharing_enabled":true,"jetpack_shortlink":"https:\/\/wp.me\/P9ZEo4-47","_links":{"self":[{"href":"https:\/\/dourox1.com\/pt\/wp-json\/wp\/v2\/pages\/255","targetHints":{"allow":["GET"]}}],"collection":[{"href":"https:\/\/dourox1.com\/pt\/wp-json\/wp\/v2\/pages"}],"about":[{"href":"https:\/\/dourox1.com\/pt\/wp-json\/wp\/v2\/types\/page"}],"author":[{"embeddable":true,"href":"https:\/\/dourox1.com\/pt\/wp-json\/wp\/v2\/users\/3"}],"replies":[{"embeddable":true,"href":"https:\/\/dourox1.com\/pt\/wp-json\/wp\/v2\/comments?post=255"}],"version-history":[{"count":5,"href":"https:\/\/dourox1.com\/pt\/wp-json\/wp\/v2\/pages\/255\/revisions"}],"predecessor-version":[{"id":883,"href":"https:\/\/dourox1.com\/pt\/wp-json\/wp\/v2\/pages\/255\/revisions\/883"}],"wp:attachment":[{"href":"https:\/\/dourox1.com\/pt\/wp-json\/wp\/v2\/media?parent=255"}],"wp:term":[{"taxonomy":"category","embeddable":true,"href":"https:\/\/dourox1.com\/pt\/wp-json\/wp\/v2\/categories?post=255"}],"curies":[{"name":"wp","href":"https:\/\/api.w.org\/{rel}","templated":true}]}}