{"id":599,"date":"2018-07-05T09:39:08","date_gmt":"2018-07-05T09:39:08","guid":{"rendered":"https:\/\/dourox1.com\/?page_id=599"},"modified":"2019-08-12T15:54:02","modified_gmt":"2019-08-12T15:54:02","slug":"quinta-da-pousada","status":"publish","type":"page","link":"https:\/\/dourox1.com\/pt\/quinta-da-pousada\/","title":{"rendered":"Quinta da Pousada"},"content":{"rendered":"<p><strong>Quinta da Pousada<\/strong> \u00e9 um lugar m\u00e1gico situado na mais antiga Regi\u00e3o Demarcada do mundo, o Douro, com uma localiza\u00e7\u00e3o que permite aos h\u00f3spedes um contacto \u00fanico com as vinhas da propriedade, num espa\u00e7o que respira tradi\u00e7\u00e3o, podendo desfrutar de uma experi\u00eancia \u00fanica.<\/p>\n<p>Os apreciadores de vinho, podem encontrar uma gama de atividades de enoturismo, podendo tamb\u00e9m degustar o tradicional vinho do Porto e outros tipos de vinhos da regi\u00e3o do Douro, al\u00e9m de poderem tamb\u00e9m deliciar-se com o azeite e os doces tradicionais do Douro.<\/p>\n<p style=\"text-align: justify;\"><strong>Onde nos encontrar:<\/strong><\/p>\n<p><iframe class=\"house-map\" src=\"https:\/\/www.google.com\/maps\/embed?pb=!1m18!1m12!1m3!1d3000.732892876228!2d-7.770332684188927!3d41.22759097927929!2m3!1f0!2f0!3f0!3m2!1i1024!2i768!4f13.1!3m3!1m2!1s0x0%3A0x0!2zNDHCsDEzJzM5LjMiTiA3wrA0NicwNS4zIlc!5e0!3m2!1spt-PT!2spt!4v1536573197555\" allowfullscreen><\/iframe><\/p>\n<div id=\"house-social-links-menu-cta\">\n<p style=\"text-align: justify;\"><strong>Fa\u00e7a agora a sua reserva:<\/strong><\/p>\n<\/div>\n<div id=\"house-social-links-menu\" class=\"social-navigation\">\n<div class=\"menu-social-links-menu-container\">\n<ul id=\"menu-social-links-menu\" class=\"social-links-menu\">\n<li class=\"menu-item menu-item-type-post_type menu-item-object-page\"><a href=\"mailto:reservas@dourox1.com?subject=Reservation\/Reserva @ Quinta da Pousada\" target=\"_blank\" rel=\"noopener noreferrer\"><span class=\"screen-reader-text\">Booking.com<\/span><i class=\"social-link-icon icon-email\" aria-hidden=\"true\"><\/i><\/a><\/li>\n<li class=\"menu-item menu-item-type-post_type menu-item-object-page\"><a href=\"https:\/\/www.booking.com\/hotel\/pt\/quinta-da-pousada.pt-pt.html\" target=\"_blank\" rel=\"noopener noreferrer\"><span class=\"screen-reader-text\">Booking.com<\/span><i class=\"social-link-icon icon-booking\" aria-hidden=\"true\"><\/i><\/a><\/li>\n<li class=\"menu-item menu-item-type-custom menu-item-object-custom\"><a href=\"https:\/\/dourox1.com\/quinta-da-pousada-airbnb\/\" target=\"_blank\" rel=\"noopener noreferrer\"><span class=\"screen-reader-text\">Airbnb<\/span><i class=\"social-link-icon icon-airbnb\" aria-hidden=\"true\"><\/i><\/a><\/li>\n<\/ul>\n<\/div>\n<\/div>\n<div class=\"clearfix\"><\/div>\n","protected":false},"excerpt":{"rendered":"<p>Quinta da Pousada \u00e9 um lugar m\u00e1gico situado na mais antiga Regi\u00e3o Demarcada do mundo, o Douro, com uma localiza\u00e7\u00e3o que permite aos h\u00f3spedes um contacto \u00fanico com as vinhas da propriedade, num espa\u00e7o que respira tradi\u00e7\u00e3o, podendo desfrutar de uma experi\u00eancia \u00fanica. Os apreciadores de vinho, podem encontrar uma gama de atividades de enoturismo, &hellip; <\/p>\n<p class=\"link-more\"><a href=\"https:\/\/dourox1.com\/pt\/quinta-da-pousada\/\" class=\"more-link\">Continuar a ler <span class=\"screen-reader-text\">&#8220;Quinta da Pousada&#8221;<\/span><\/a><\/p>\n","protected":false},"author":3,"featured_media":606,"parent":0,"menu_order":0,"comment_status":"closed","ping_status":"closed","template":"","meta":{"footnotes":""},"categories":[34],"class_list":["post-599","page","type-page","status-publish","has-post-thumbnail","hentry","category-alojamento"],"translation":{"provider":"WPGlobus","version":"2.7.1","language":"pt","enabled_languages":["en","pt"],"languages":{"en":{"title":true,"content":true,"excerpt":false},"pt":{"title":true,"content":true,"excerpt":false}}},"yoast_head":"<!-- This site is optimized with the Yoast SEO plugin v26.9 - https:\/\/yoast.com\/product\/yoast-seo-wordpress\/ -->\n<title>Quinta da Pousada - Douro X1<\/title>\n<meta name=\"description\" content=\"Os h\u00f3spedes desfrutam de um contacto \u00fanico com as vinhas da propriedade, num espa\u00e7o que respira tradi\u00e7\u00e3o, podendo desfrutar de uma experi\u00eancia \u00fanica.\" \/>\n<meta name=\"robots\" content=\"index, follow, max-snippet:-1, max-image-preview:large, max-video-preview:-1\" \/>\n<link rel=\"canonical\" href=\"https:\/\/dourox1.com\/quinta-da-pousada\/\" \/>\n<meta property=\"og:locale\" content=\"pt_PT\" \/>\n<meta property=\"og:type\" content=\"article\" \/>\n<meta property=\"og:title\" content=\"Quinta da Pousada - Douro X1\" \/>\n<meta property=\"og:description\" content=\"Os h\u00f3spedes desfrutam de um contacto \u00fanico com as vinhas da propriedade, num espa\u00e7o que respira tradi\u00e7\u00e3o, podendo desfrutar de uma experi\u00eancia \u00fanica.\" \/>\n<meta property=\"og:url\" content=\"https:\/\/dourox1.com\/quinta-da-pousada\/\" \/>\n<meta property=\"og:site_name\" content=\"Douro X1\" \/>\n<meta property=\"article:modified_time\" content=\"2019-08-12T15:54:02+00:00\" \/>\n<meta property=\"og:image\" content=\"https:\/\/dourox1.com\/wp-content\/uploads\/2018\/07\/quinta-da-pousada-1.jpg\" \/>\n\t<meta property=\"og:image:width\" content=\"1920\" \/>\n\t<meta property=\"og:image:height\" content=\"1280\" \/>\n\t<meta property=\"og:image:type\" content=\"image\/jpeg\" \/>\n<meta name=\"twitter:card\" content=\"summary_large_image\" \/>\n<meta name=\"twitter:label1\" content=\"Tempo estimado de leitura\" \/>\n\t<meta name=\"twitter:data1\" content=\"1 minuto\" \/>\n<script type=\"application\/ld+json\" class=\"yoast-schema-graph\">{\"@context\":\"https:\/\/schema.org\",\"@graph\":[{\"@type\":\"WebPage\",\"@id\":\"https:\/\/dourox1.com\/quinta-da-pousada\/\",\"url\":\"https:\/\/dourox1.com\/quinta-da-pousada\/\",\"name\":\"Quinta da Pousada - Douro X1\",\"isPartOf\":{\"@id\":\"https:\/\/dourox1.com\/#website\"},\"primaryImageOfPage\":{\"@id\":\"https:\/\/dourox1.com\/quinta-da-pousada\/#primaryimage\"},\"image\":{\"@id\":\"https:\/\/dourox1.com\/quinta-da-pousada\/#primaryimage\"},\"thumbnailUrl\":\"https:\/\/dourox1.com\/wp-content\/uploads\/2018\/07\/quinta-da-pousada-1.jpg\",\"datePublished\":\"2018-07-05T09:39:08+00:00\",\"dateModified\":\"2019-08-12T15:54:02+00:00\",\"description\":\"Os h\u00f3spedes desfrutam de um contacto \u00fanico com as vinhas da propriedade, num espa\u00e7o que respira tradi\u00e7\u00e3o, podendo desfrutar de uma experi\u00eancia \u00fanica.\",\"breadcrumb\":{\"@id\":\"https:\/\/dourox1.com\/quinta-da-pousada\/#breadcrumb\"},\"inLanguage\":\"pt-PT\",\"potentialAction\":[{\"@type\":\"ReadAction\",\"target\":[\"https:\/\/dourox1.com\/quinta-da-pousada\/\"]}]},{\"@type\":\"ImageObject\",\"inLanguage\":\"pt-PT\",\"@id\":\"https:\/\/dourox1.com\/quinta-da-pousada\/#primaryimage\",\"url\":\"https:\/\/dourox1.com\/wp-content\/uploads\/2018\/07\/quinta-da-pousada-1.jpg\",\"contentUrl\":\"https:\/\/dourox1.com\/wp-content\/uploads\/2018\/07\/quinta-da-pousada-1.jpg\",\"width\":1920,\"height\":1280,\"caption\":\"Quinta da Pousada\"},{\"@type\":\"BreadcrumbList\",\"@id\":\"https:\/\/dourox1.com\/quinta-da-pousada\/#breadcrumb\",\"itemListElement\":[{\"@type\":\"ListItem\",\"position\":1,\"name\":\"Home\",\"item\":\"https:\/\/dourox1.com\/\"},{\"@type\":\"ListItem\",\"position\":2,\"name\":\"Quinta da Pousada\"}]},{\"@type\":\"WebSite\",\"@id\":\"https:\/\/dourox1.com\/#website\",\"url\":\"https:\/\/dourox1.com\/\",\"name\":\"Douro X1\",\"description\":\"Venha e descubra os tesouros escondidos do Douro\",\"publisher\":{\"@id\":\"https:\/\/dourox1.com\/#organization\"},\"potentialAction\":[{\"@type\":\"SearchAction\",\"target\":{\"@type\":\"EntryPoint\",\"urlTemplate\":\"https:\/\/dourox1.com\/?s={search_term_string}\"},\"query-input\":{\"@type\":\"PropertyValueSpecification\",\"valueRequired\":true,\"valueName\":\"search_term_string\"}}],\"inLanguage\":\"pt-PT\"},{\"@type\":\"Organization\",\"@id\":\"https:\/\/dourox1.com\/#organization\",\"name\":\"Douro X1\",\"url\":\"https:\/\/dourox1.com\/\",\"logo\":{\"@type\":\"ImageObject\",\"inLanguage\":\"pt-PT\",\"@id\":\"https:\/\/dourox1.com\/#\/schema\/logo\/image\/\",\"url\":\"https:\/\/dourox1.com\/wp-content\/uploads\/2018\/06\/logo250.png\",\"contentUrl\":\"https:\/\/dourox1.com\/wp-content\/uploads\/2018\/06\/logo250.png\",\"width\":250,\"height\":250,\"caption\":\"Douro X1\"},\"image\":{\"@id\":\"https:\/\/dourox1.com\/#\/schema\/logo\/image\/\"}}]}<\/script>\n<!-- \/ Yoast SEO plugin. -->","yoast_head_json":{"title":"Quinta da Pousada - Douro X1","description":"Os h\u00f3spedes desfrutam de um contacto \u00fanico com as vinhas da propriedade, num espa\u00e7o que respira tradi\u00e7\u00e3o, podendo desfrutar de uma experi\u00eancia \u00fanica.","robots":{"index":"index","follow":"follow","max-snippet":"max-snippet:-1","max-image-preview":"max-image-preview:large","max-video-preview":"max-video-preview:-1"},"canonical":"https:\/\/dourox1.com\/quinta-da-pousada\/","og_locale":"pt_PT","og_type":"article","og_title":"Quinta da Pousada - Douro X1","og_description":"Os h\u00f3spedes desfrutam de um contacto \u00fanico com as vinhas da propriedade, num espa\u00e7o que respira tradi\u00e7\u00e3o, podendo desfrutar de uma experi\u00eancia \u00fanica.","og_url":"https:\/\/dourox1.com\/quinta-da-pousada\/","og_site_name":"Douro X1","article_modified_time":"2019-08-12T15:54:02+00:00","og_image":[{"width":1920,"height":1280,"url":"https:\/\/dourox1.com\/wp-content\/uploads\/2018\/07\/quinta-da-pousada-1.jpg","type":"image\/jpeg"}],"twitter_card":"summary_large_image","twitter_misc":{"Tempo estimado de leitura":"1 minuto"},"schema":{"@context":"https:\/\/schema.org","@graph":[{"@type":"WebPage","@id":"https:\/\/dourox1.com\/quinta-da-pousada\/","url":"https:\/\/dourox1.com\/quinta-da-pousada\/","name":"Quinta da Pousada - Douro X1","isPartOf":{"@id":"https:\/\/dourox1.com\/#website"},"primaryImageOfPage":{"@id":"https:\/\/dourox1.com\/quinta-da-pousada\/#primaryimage"},"image":{"@id":"https:\/\/dourox1.com\/quinta-da-pousada\/#primaryimage"},"thumbnailUrl":"https:\/\/dourox1.com\/wp-content\/uploads\/2018\/07\/quinta-da-pousada-1.jpg","datePublished":"2018-07-05T09:39:08+00:00","dateModified":"2019-08-12T15:54:02+00:00","description":"Os h\u00f3spedes desfrutam de um contacto \u00fanico com as vinhas da propriedade, num espa\u00e7o que respira tradi\u00e7\u00e3o, podendo desfrutar de uma experi\u00eancia \u00fanica.","breadcrumb":{"@id":"https:\/\/dourox1.com\/quinta-da-pousada\/#breadcrumb"},"inLanguage":"pt-PT","potentialAction":[{"@type":"ReadAction","target":["https:\/\/dourox1.com\/quinta-da-pousada\/"]}]},{"@type":"ImageObject","inLanguage":"pt-PT","@id":"https:\/\/dourox1.com\/quinta-da-pousada\/#primaryimage","url":"https:\/\/dourox1.com\/wp-content\/uploads\/2018\/07\/quinta-da-pousada-1.jpg","contentUrl":"https:\/\/dourox1.com\/wp-content\/uploads\/2018\/07\/quinta-da-pousada-1.jpg","width":1920,"height":1280,"caption":"Quinta da Pousada"},{"@type":"BreadcrumbList","@id":"https:\/\/dourox1.com\/quinta-da-pousada\/#breadcrumb","itemListElement":[{"@type":"ListItem","position":1,"name":"Home","item":"https:\/\/dourox1.com\/"},{"@type":"ListItem","position":2,"name":"Quinta da Pousada"}]},{"@type":"WebSite","@id":"https:\/\/dourox1.com\/#website","url":"https:\/\/dourox1.com\/","name":"Douro X1","description":"Venha e descubra os tesouros escondidos do Douro","publisher":{"@id":"https:\/\/dourox1.com\/#organization"},"potentialAction":[{"@type":"SearchAction","target":{"@type":"EntryPoint","urlTemplate":"https:\/\/dourox1.com\/?s={search_term_string}"},"query-input":{"@type":"PropertyValueSpecification","valueRequired":true,"valueName":"search_term_string"}}],"inLanguage":"pt-PT"},{"@type":"Organization","@id":"https:\/\/dourox1.com\/#organization","name":"Douro X1","url":"https:\/\/dourox1.com\/","logo":{"@type":"ImageObject","inLanguage":"pt-PT","@id":"https:\/\/dourox1.com\/#\/schema\/logo\/image\/","url":"https:\/\/dourox1.com\/wp-content\/uploads\/2018\/06\/logo250.png","contentUrl":"https:\/\/dourox1.com\/wp-content\/uploads\/2018\/06\/logo250.png","width":250,"height":250,"caption":"Douro X1"},"image":{"@id":"https:\/\/dourox1.com\/#\/schema\/logo\/image\/"}}]}},"jetpack_sharing_enabled":true,"jetpack_shortlink":"https:\/\/wp.me\/P9ZEo4-9F","_links":{"self":[{"href":"https:\/\/dourox1.com\/pt\/wp-json\/wp\/v2\/pages\/599","targetHints":{"allow":["GET"]}}],"collection":[{"href":"https:\/\/dourox1.com\/pt\/wp-json\/wp\/v2\/pages"}],"about":[{"href":"https:\/\/dourox1.com\/pt\/wp-json\/wp\/v2\/types\/page"}],"author":[{"embeddable":true,"href":"https:\/\/dourox1.com\/pt\/wp-json\/wp\/v2\/users\/3"}],"replies":[{"embeddable":true,"href":"https:\/\/dourox1.com\/pt\/wp-json\/wp\/v2\/comments?post=599"}],"version-history":[{"count":5,"href":"https:\/\/dourox1.com\/pt\/wp-json\/wp\/v2\/pages\/599\/revisions"}],"predecessor-version":[{"id":1263,"href":"https:\/\/dourox1.com\/pt\/wp-json\/wp\/v2\/pages\/599\/revisions\/1263"}],"wp:featuredmedia":[{"embeddable":true,"href":"https:\/\/dourox1.com\/pt\/wp-json\/wp\/v2\/media\/606"}],"wp:attachment":[{"href":"https:\/\/dourox1.com\/pt\/wp-json\/wp\/v2\/media?parent=599"}],"wp:term":[{"taxonomy":"category","embeddable":true,"href":"https:\/\/dourox1.com\/pt\/wp-json\/wp\/v2\/categories?post=599"}],"curies":[{"name":"wp","href":"https:\/\/api.w.org\/{rel}","templated":true}]}}