{"id":638,"date":"2018-07-05T09:50:06","date_gmt":"2018-07-05T09:50:06","guid":{"rendered":"https:\/\/dourox1.com\/?page_id=638"},"modified":"2019-08-12T15:53:29","modified_gmt":"2019-08-12T15:53:29","slug":"casas-do-vale","status":"publish","type":"page","link":"https:\/\/dourox1.com\/pt\/casas-do-vale\/","title":{"rendered":"Casas do Vale"},"content":{"rendered":"<p>Nas <strong>Casas do Vale<\/strong> os h\u00f3spedes t\u00eam o privil\u00e9gio de ficar alojados num espa\u00e7o com mais de 100 anos de hist\u00f3ria vit\u00edcola, para onde se transportaram as uvas em cestos de vime e se pisaram as mesmas a p\u00e9, em lagares de granito, ainda vis\u00edveis no espa\u00e7o. Os h\u00f3spedes s\u00e3o recebidos com uma \u00fanica e inesquec\u00edvel prova de vinho de Porto com mais de 50 anos.<\/p>\n<p><strong>Quem aqui fica alojado vive e respira o Douro.<\/strong><\/p>\n<p style=\"text-align: justify;\"><strong>Onde nos encontrar:<\/strong><\/p>\n<p><iframe class=\"house-map\" src=\"https:\/\/www.google.com\/maps\/embed?pb=!1m18!1m12!1m3!1d20201.506247115674!2d-7.811293708084779!3d41.178780738120025!2m3!1f0!2f0!3f0!3m2!1i1024!2i768!4f13.1!3m3!1m2!1s0x0%3A0x0!2zNDHCsDEwJzU1LjEiTiA3wrA0OCcwMC4yIlc!5e0!3m2!1spt-PT!2spt!4v1536573100156\" allowfullscreen><\/iframe><\/p>\n<div id=\"house-social-links-menu-cta\">\n<p style=\"text-align: justify;\"><strong>Fa\u00e7a agora a sua reserva:<\/strong><\/p>\n<\/div>\n<p>Casa do Vale 1<\/p>\n<div id=\"house-social-links-menu\" class=\"social-navigation\">\n<div class=\"menu-social-links-menu-container\">\n<ul id=\"menu-social-links-menu\" class=\"social-links-menu\">\n<li class=\"menu-item menu-item-type-post_type menu-item-object-page\"><a href=\"mailto:reservas@dourox1.com?subject=Reservation\/Reserva @ Casa do Vale 2\" target=\"_blank\" rel=\"noopener noreferrer\"><span class=\"screen-reader-text\">Booking.com<\/span><i class=\"social-link-icon icon-email\" aria-hidden=\"true\"><\/i><\/a><\/li>\n<li class=\"menu-item menu-item-type-post_type menu-item-object-page\"><a href=\"https:\/\/www.booking.com\/hotel\/pt\/casa-do-vale-peso-da-regua.pt-pt.html\" target=\"_blank\" rel=\"noopener noreferrer\"><span class=\"screen-reader-text\">Booking.com<\/span><i class=\"social-link-icon icon-booking\" aria-hidden=\"true\"><\/i><\/a><\/li>\n<li class=\"menu-item menu-item-type-custom menu-item-object-custom\"><a href=\"https:\/\/www.airbnb.pt\/rooms\/4819529\" target=\"_blank\" rel=\"noopener noreferrer\"><span class=\"screen-reader-text\">Airbnb<\/span><i class=\"social-link-icon icon-airbnb\" aria-hidden=\"true\"><\/i><\/a><\/li>\n<\/ul>\n<\/div>\n<\/div>\n<div class=\"clearfix\"><\/div>\n<p>Casa do Vale 2<\/p>\n<div id=\"house-social-links-menu\" class=\"social-navigation\">\n<div class=\"menu-social-links-menu-container\">\n<ul id=\"menu-social-links-menu\" class=\"social-links-menu\">\n<li class=\"menu-item menu-item-type-post_type menu-item-object-page\"><a href=\"mailto:reservas@dourox1.com?subject=Reservation\/Reserva @ Casa do Vale 2\" target=\"_blank\" rel=\"noopener noreferrer\"><span class=\"screen-reader-text\">Booking.com<\/span><i class=\"social-link-icon icon-email\" aria-hidden=\"true\"><\/i><\/a><\/li>\n<li class=\"menu-item menu-item-type-post_type menu-item-object-page\"><a href=\"https:\/\/www.booking.com\/hotel\/pt\/casa-do-vale-2.pt-pt.html\" target=\"_blank\" rel=\"noopener noreferrer\"><span class=\"screen-reader-text\">Booking.com<\/span><i class=\"social-link-icon icon-booking\" aria-hidden=\"true\"><\/i><\/a><\/li>\n<li class=\"menu-item menu-item-type-custom menu-item-object-custom\"><a href=\"https:\/\/www.airbnb.pt\/rooms\/4817877\" target=\"_blank\" rel=\"noopener noreferrer\"><span class=\"screen-reader-text\">Airbnb<\/span><i class=\"social-link-icon icon-airbnb\" aria-hidden=\"true\"><\/i><\/a><\/li>\n<\/ul>\n<\/div>\n<\/div>\n<div class=\"clearfix\"><\/div>\n","protected":false},"excerpt":{"rendered":"<p>Nas Casas do Vale os h\u00f3spedes t\u00eam o privil\u00e9gio de ficar alojados num espa\u00e7o com mais de 100 anos de hist\u00f3ria vit\u00edcola, para onde se transportaram as uvas em cestos de vime e se pisaram as mesmas a p\u00e9, em lagares de granito, ainda vis\u00edveis no espa\u00e7o. Os h\u00f3spedes s\u00e3o recebidos com uma \u00fanica e &hellip; <\/p>\n<p class=\"link-more\"><a href=\"https:\/\/dourox1.com\/pt\/casas-do-vale\/\" class=\"more-link\">Continuar a ler <span class=\"screen-reader-text\">&#8220;Casas do Vale&#8221;<\/span><\/a><\/p>\n","protected":false},"author":3,"featured_media":639,"parent":0,"menu_order":0,"comment_status":"closed","ping_status":"closed","template":"","meta":{"footnotes":""},"categories":[34],"class_list":["post-638","page","type-page","status-publish","has-post-thumbnail","hentry","category-alojamento"],"translation":{"provider":"WPGlobus","version":"2.7.1","language":"pt","enabled_languages":["en","pt"],"languages":{"en":{"title":true,"content":true,"excerpt":false},"pt":{"title":true,"content":true,"excerpt":false}}},"yoast_head":"<!-- This site is optimized with the Yoast SEO plugin v26.9 - https:\/\/yoast.com\/product\/yoast-seo-wordpress\/ -->\n<title>Casas do Vale - Douro X1<\/title>\n<meta name=\"description\" content=\"Os h\u00f3spedes t\u00eam o privil\u00e9gio de ficar alojados num espa\u00e7o com mais de 100 anos de hist\u00f3ria vit\u00edcola. Quem aqui fica alojado vive e respira o Douro.\" \/>\n<meta name=\"robots\" content=\"index, follow, max-snippet:-1, max-image-preview:large, max-video-preview:-1\" \/>\n<link rel=\"canonical\" href=\"https:\/\/dourox1.com\/casas-do-vale\/\" \/>\n<meta property=\"og:locale\" content=\"pt_PT\" \/>\n<meta property=\"og:type\" content=\"article\" \/>\n<meta property=\"og:title\" content=\"Casas do Vale - Douro X1\" \/>\n<meta property=\"og:description\" content=\"Os h\u00f3spedes t\u00eam o privil\u00e9gio de ficar alojados num espa\u00e7o com mais de 100 anos de hist\u00f3ria vit\u00edcola. Quem aqui fica alojado vive e respira o Douro.\" \/>\n<meta property=\"og:url\" content=\"https:\/\/dourox1.com\/casas-do-vale\/\" \/>\n<meta property=\"og:site_name\" content=\"Douro X1\" \/>\n<meta property=\"article:modified_time\" content=\"2019-08-12T15:53:29+00:00\" \/>\n<meta property=\"og:image\" content=\"https:\/\/dourox1.com\/wp-content\/uploads\/2018\/07\/casa-do-vale-1.jpg\" \/>\n\t<meta property=\"og:image:width\" content=\"1920\" \/>\n\t<meta property=\"og:image:height\" content=\"1280\" \/>\n\t<meta property=\"og:image:type\" content=\"image\/jpeg\" \/>\n<meta name=\"twitter:card\" content=\"summary_large_image\" \/>\n<meta name=\"twitter:label1\" content=\"Tempo estimado de leitura\" \/>\n\t<meta name=\"twitter:data1\" content=\"1 minuto\" \/>\n<script type=\"application\/ld+json\" class=\"yoast-schema-graph\">{\"@context\":\"https:\/\/schema.org\",\"@graph\":[{\"@type\":\"WebPage\",\"@id\":\"https:\/\/dourox1.com\/casas-do-vale\/\",\"url\":\"https:\/\/dourox1.com\/casas-do-vale\/\",\"name\":\"Casas do Vale - Douro X1\",\"isPartOf\":{\"@id\":\"https:\/\/dourox1.com\/#website\"},\"primaryImageOfPage\":{\"@id\":\"https:\/\/dourox1.com\/casas-do-vale\/#primaryimage\"},\"image\":{\"@id\":\"https:\/\/dourox1.com\/casas-do-vale\/#primaryimage\"},\"thumbnailUrl\":\"https:\/\/dourox1.com\/wp-content\/uploads\/2018\/07\/casa-do-vale-1.jpg\",\"datePublished\":\"2018-07-05T09:50:06+00:00\",\"dateModified\":\"2019-08-12T15:53:29+00:00\",\"description\":\"Os h\u00f3spedes t\u00eam o privil\u00e9gio de ficar alojados num espa\u00e7o com mais de 100 anos de hist\u00f3ria vit\u00edcola. Quem aqui fica alojado vive e respira o Douro.\",\"breadcrumb\":{\"@id\":\"https:\/\/dourox1.com\/casas-do-vale\/#breadcrumb\"},\"inLanguage\":\"pt-PT\",\"potentialAction\":[{\"@type\":\"ReadAction\",\"target\":[\"https:\/\/dourox1.com\/casas-do-vale\/\"]}]},{\"@type\":\"ImageObject\",\"inLanguage\":\"pt-PT\",\"@id\":\"https:\/\/dourox1.com\/casas-do-vale\/#primaryimage\",\"url\":\"https:\/\/dourox1.com\/wp-content\/uploads\/2018\/07\/casa-do-vale-1.jpg\",\"contentUrl\":\"https:\/\/dourox1.com\/wp-content\/uploads\/2018\/07\/casa-do-vale-1.jpg\",\"width\":1920,\"height\":1280,\"caption\":\"Casas do Vale\"},{\"@type\":\"BreadcrumbList\",\"@id\":\"https:\/\/dourox1.com\/casas-do-vale\/#breadcrumb\",\"itemListElement\":[{\"@type\":\"ListItem\",\"position\":1,\"name\":\"Home\",\"item\":\"https:\/\/dourox1.com\/\"},{\"@type\":\"ListItem\",\"position\":2,\"name\":\"Casas do Vale\"}]},{\"@type\":\"WebSite\",\"@id\":\"https:\/\/dourox1.com\/#website\",\"url\":\"https:\/\/dourox1.com\/\",\"name\":\"Douro X1\",\"description\":\"Venha e descubra os tesouros escondidos do Douro\",\"publisher\":{\"@id\":\"https:\/\/dourox1.com\/#organization\"},\"potentialAction\":[{\"@type\":\"SearchAction\",\"target\":{\"@type\":\"EntryPoint\",\"urlTemplate\":\"https:\/\/dourox1.com\/?s={search_term_string}\"},\"query-input\":{\"@type\":\"PropertyValueSpecification\",\"valueRequired\":true,\"valueName\":\"search_term_string\"}}],\"inLanguage\":\"pt-PT\"},{\"@type\":\"Organization\",\"@id\":\"https:\/\/dourox1.com\/#organization\",\"name\":\"Douro X1\",\"url\":\"https:\/\/dourox1.com\/\",\"logo\":{\"@type\":\"ImageObject\",\"inLanguage\":\"pt-PT\",\"@id\":\"https:\/\/dourox1.com\/#\/schema\/logo\/image\/\",\"url\":\"https:\/\/dourox1.com\/wp-content\/uploads\/2018\/06\/logo250.png\",\"contentUrl\":\"https:\/\/dourox1.com\/wp-content\/uploads\/2018\/06\/logo250.png\",\"width\":250,\"height\":250,\"caption\":\"Douro X1\"},\"image\":{\"@id\":\"https:\/\/dourox1.com\/#\/schema\/logo\/image\/\"}}]}<\/script>\n<!-- \/ Yoast SEO plugin. -->","yoast_head_json":{"title":"Casas do Vale - Douro X1","description":"Os h\u00f3spedes t\u00eam o privil\u00e9gio de ficar alojados num espa\u00e7o com mais de 100 anos de hist\u00f3ria vit\u00edcola. Quem aqui fica alojado vive e respira o Douro.","robots":{"index":"index","follow":"follow","max-snippet":"max-snippet:-1","max-image-preview":"max-image-preview:large","max-video-preview":"max-video-preview:-1"},"canonical":"https:\/\/dourox1.com\/casas-do-vale\/","og_locale":"pt_PT","og_type":"article","og_title":"Casas do Vale - Douro X1","og_description":"Os h\u00f3spedes t\u00eam o privil\u00e9gio de ficar alojados num espa\u00e7o com mais de 100 anos de hist\u00f3ria vit\u00edcola. Quem aqui fica alojado vive e respira o Douro.","og_url":"https:\/\/dourox1.com\/casas-do-vale\/","og_site_name":"Douro X1","article_modified_time":"2019-08-12T15:53:29+00:00","og_image":[{"width":1920,"height":1280,"url":"https:\/\/dourox1.com\/wp-content\/uploads\/2018\/07\/casa-do-vale-1.jpg","type":"image\/jpeg"}],"twitter_card":"summary_large_image","twitter_misc":{"Tempo estimado de leitura":"1 minuto"},"schema":{"@context":"https:\/\/schema.org","@graph":[{"@type":"WebPage","@id":"https:\/\/dourox1.com\/casas-do-vale\/","url":"https:\/\/dourox1.com\/casas-do-vale\/","name":"Casas do Vale - Douro X1","isPartOf":{"@id":"https:\/\/dourox1.com\/#website"},"primaryImageOfPage":{"@id":"https:\/\/dourox1.com\/casas-do-vale\/#primaryimage"},"image":{"@id":"https:\/\/dourox1.com\/casas-do-vale\/#primaryimage"},"thumbnailUrl":"https:\/\/dourox1.com\/wp-content\/uploads\/2018\/07\/casa-do-vale-1.jpg","datePublished":"2018-07-05T09:50:06+00:00","dateModified":"2019-08-12T15:53:29+00:00","description":"Os h\u00f3spedes t\u00eam o privil\u00e9gio de ficar alojados num espa\u00e7o com mais de 100 anos de hist\u00f3ria vit\u00edcola. Quem aqui fica alojado vive e respira o Douro.","breadcrumb":{"@id":"https:\/\/dourox1.com\/casas-do-vale\/#breadcrumb"},"inLanguage":"pt-PT","potentialAction":[{"@type":"ReadAction","target":["https:\/\/dourox1.com\/casas-do-vale\/"]}]},{"@type":"ImageObject","inLanguage":"pt-PT","@id":"https:\/\/dourox1.com\/casas-do-vale\/#primaryimage","url":"https:\/\/dourox1.com\/wp-content\/uploads\/2018\/07\/casa-do-vale-1.jpg","contentUrl":"https:\/\/dourox1.com\/wp-content\/uploads\/2018\/07\/casa-do-vale-1.jpg","width":1920,"height":1280,"caption":"Casas do Vale"},{"@type":"BreadcrumbList","@id":"https:\/\/dourox1.com\/casas-do-vale\/#breadcrumb","itemListElement":[{"@type":"ListItem","position":1,"name":"Home","item":"https:\/\/dourox1.com\/"},{"@type":"ListItem","position":2,"name":"Casas do Vale"}]},{"@type":"WebSite","@id":"https:\/\/dourox1.com\/#website","url":"https:\/\/dourox1.com\/","name":"Douro X1","description":"Venha e descubra os tesouros escondidos do Douro","publisher":{"@id":"https:\/\/dourox1.com\/#organization"},"potentialAction":[{"@type":"SearchAction","target":{"@type":"EntryPoint","urlTemplate":"https:\/\/dourox1.com\/?s={search_term_string}"},"query-input":{"@type":"PropertyValueSpecification","valueRequired":true,"valueName":"search_term_string"}}],"inLanguage":"pt-PT"},{"@type":"Organization","@id":"https:\/\/dourox1.com\/#organization","name":"Douro X1","url":"https:\/\/dourox1.com\/","logo":{"@type":"ImageObject","inLanguage":"pt-PT","@id":"https:\/\/dourox1.com\/#\/schema\/logo\/image\/","url":"https:\/\/dourox1.com\/wp-content\/uploads\/2018\/06\/logo250.png","contentUrl":"https:\/\/dourox1.com\/wp-content\/uploads\/2018\/06\/logo250.png","width":250,"height":250,"caption":"Douro X1"},"image":{"@id":"https:\/\/dourox1.com\/#\/schema\/logo\/image\/"}}]}},"jetpack_sharing_enabled":true,"jetpack_shortlink":"https:\/\/wp.me\/P9ZEo4-ai","_links":{"self":[{"href":"https:\/\/dourox1.com\/pt\/wp-json\/wp\/v2\/pages\/638","targetHints":{"allow":["GET"]}}],"collection":[{"href":"https:\/\/dourox1.com\/pt\/wp-json\/wp\/v2\/pages"}],"about":[{"href":"https:\/\/dourox1.com\/pt\/wp-json\/wp\/v2\/types\/page"}],"author":[{"embeddable":true,"href":"https:\/\/dourox1.com\/pt\/wp-json\/wp\/v2\/users\/3"}],"replies":[{"embeddable":true,"href":"https:\/\/dourox1.com\/pt\/wp-json\/wp\/v2\/comments?post=638"}],"version-history":[{"count":5,"href":"https:\/\/dourox1.com\/pt\/wp-json\/wp\/v2\/pages\/638\/revisions"}],"predecessor-version":[{"id":1261,"href":"https:\/\/dourox1.com\/pt\/wp-json\/wp\/v2\/pages\/638\/revisions\/1261"}],"wp:featuredmedia":[{"embeddable":true,"href":"https:\/\/dourox1.com\/pt\/wp-json\/wp\/v2\/media\/639"}],"wp:attachment":[{"href":"https:\/\/dourox1.com\/pt\/wp-json\/wp\/v2\/media?parent=638"}],"wp:term":[{"taxonomy":"category","embeddable":true,"href":"https:\/\/dourox1.com\/pt\/wp-json\/wp\/v2\/categories?post=638"}],"curies":[{"name":"wp","href":"https:\/\/api.w.org\/{rel}","templated":true}]}}