{"id":713,"date":"2018-07-05T11:16:21","date_gmt":"2018-07-05T11:16:21","guid":{"rendered":"https:\/\/dourox1.com\/?page_id=713"},"modified":"2019-08-12T15:53:51","modified_gmt":"2019-08-12T15:53:51","slug":"casa-do-rio","status":"publish","type":"page","link":"https:\/\/dourox1.com\/pt\/casa-do-rio\/","title":{"rendered":"Casa do Rio"},"content":{"rendered":"<p><strong>A casa do Rio<\/strong> \u00e9 uma Casa com tra\u00e7a antiga, situada na marginal do Rio Douro, que permite uma estadia inesquec\u00edvel juntando tradi\u00e7\u00e3o e o charme num espa\u00e7o \u00fanico, possui uma localiza\u00e7\u00e3o prestigiada permitindo aos nossos h\u00f3spedes desfrutar de tudo o que est\u00e1 circundante.<\/p>\n<p style=\"text-align: justify;\"><strong>Onde nos encontrar:<\/strong><\/p>\n<p><iframe class=\"house-map\" src=\"https:\/\/www.google.com\/maps\/embed?pb=!1m18!1m12!1m3!1d3003.807483990188!2d-7.791421684190528!3d41.16055197928564!2m3!1f0!2f0!3f0!3m2!1i1024!2i768!4f13.1!3m3!1m2!1s0x0%3A0x0!2zNDHCsDA5JzM4LjAiTiA3wrA0NycyMS4yIlc!5e0!3m2!1spt-PT!2spt!4v1536573234569\" allowfullscreen><\/iframe><\/p>\n<div id=\"house-social-links-menu-cta\">\n<p style=\"text-align: justify;\"><strong>Fa\u00e7a agora a sua reserva:<\/strong><\/p>\n<\/div>\n<div id=\"house-social-links-menu\" class=\"social-navigation\">\n<div class=\"menu-social-links-menu-container\">\n<ul id=\"menu-social-links-menu\" class=\"social-links-menu\">\n<li class=\"menu-item menu-item-type-post_type menu-item-object-page\"><a href=\"mailto:reservas@dourox1.com?subject=Reservation\/Reserva @ Casa do Rio\" target=\"_blank\" rel=\"noopener noreferrer\"><span class=\"screen-reader-text\">Booking.com<\/span><i class=\"social-link-icon icon-email\" aria-hidden=\"true\"><\/i><\/a><\/li>\n<li class=\"menu-item menu-item-type-post_type menu-item-object-page\"><a href=\"https:\/\/www.booking.com\/hotel\/pt\/casa-do-rio-peso-da-regua.pt-pt.html\" target=\"_blank\" rel=\"noopener noreferrer\"><span class=\"screen-reader-text\">Booking.com<\/span><i class=\"social-link-icon icon-booking\" aria-hidden=\"true\"><\/i><\/a><\/li>\n<li class=\"menu-item menu-item-type-custom menu-item-object-custom\"><a href=\"https:\/\/www.airbnb.com\/rooms\/show\/18196371\" target=\"_blank\" rel=\"noopener noreferrer\"><span class=\"screen-reader-text\">Airbnb<\/span><i class=\"social-link-icon icon-airbnb\" aria-hidden=\"true\"><\/i><\/a><\/li>\n<\/ul>\n<\/div>\n<\/div>\n<div class=\"clearfix\"><\/div>\n","protected":false},"excerpt":{"rendered":"<p>A casa do Rio \u00e9 uma Casa com tra\u00e7a antiga, situada na marginal do Rio Douro, que permite uma estadia inesquec\u00edvel juntando tradi\u00e7\u00e3o e o charme num espa\u00e7o \u00fanico, possui uma localiza\u00e7\u00e3o prestigiada permitindo aos nossos h\u00f3spedes desfrutar de tudo o que est\u00e1 circundante. Onde nos encontrar: Fa\u00e7a agora a sua reserva: Booking.com Booking.com Airbnb<\/p>\n","protected":false},"author":3,"featured_media":926,"parent":0,"menu_order":0,"comment_status":"closed","ping_status":"closed","template":"","meta":{"footnotes":""},"categories":[34],"class_list":["post-713","page","type-page","status-publish","has-post-thumbnail","hentry","category-alojamento"],"translation":{"provider":"WPGlobus","version":"2.7.1","language":"pt","enabled_languages":["en","pt"],"languages":{"en":{"title":true,"content":true,"excerpt":false},"pt":{"title":true,"content":true,"excerpt":false}}},"yoast_head":"<!-- This site is optimized with the Yoast SEO plugin v26.9 - https:\/\/yoast.com\/product\/yoast-seo-wordpress\/ -->\n<title>Casa do Rio - Douro X1<\/title>\n<meta name=\"description\" content=\"Uma Casa com tra\u00e7a antiga, situada na marginal do Rio Douro, que permite uma estadia inesquec\u00edvel juntando tradi\u00e7\u00e3o e o charme num espa\u00e7o \u00fanico.\" \/>\n<meta name=\"robots\" content=\"index, follow, max-snippet:-1, max-image-preview:large, max-video-preview:-1\" \/>\n<link rel=\"canonical\" href=\"https:\/\/dourox1.com\/casa-do-rio\/\" \/>\n<meta property=\"og:locale\" content=\"pt_PT\" \/>\n<meta property=\"og:type\" content=\"article\" \/>\n<meta property=\"og:title\" content=\"Casa do Rio - Douro X1\" \/>\n<meta property=\"og:description\" content=\"Uma Casa com tra\u00e7a antiga, situada na marginal do Rio Douro, que permite uma estadia inesquec\u00edvel juntando tradi\u00e7\u00e3o e o charme num espa\u00e7o \u00fanico.\" \/>\n<meta property=\"og:url\" content=\"https:\/\/dourox1.com\/casa-do-rio\/\" \/>\n<meta property=\"og:site_name\" content=\"Douro X1\" \/>\n<meta property=\"article:modified_time\" content=\"2019-08-12T15:53:51+00:00\" \/>\n<meta property=\"og:image\" content=\"https:\/\/dourox1.com\/wp-content\/uploads\/2018\/09\/casa-do-rio-0.jpg\" \/>\n\t<meta property=\"og:image:width\" content=\"1920\" \/>\n\t<meta property=\"og:image:height\" content=\"1200\" \/>\n\t<meta property=\"og:image:type\" content=\"image\/jpeg\" \/>\n<meta name=\"twitter:card\" content=\"summary_large_image\" \/>\n<meta name=\"twitter:label1\" content=\"Tempo estimado de leitura\" \/>\n\t<meta name=\"twitter:data1\" content=\"1 minuto\" \/>\n<script type=\"application\/ld+json\" class=\"yoast-schema-graph\">{\"@context\":\"https:\/\/schema.org\",\"@graph\":[{\"@type\":\"WebPage\",\"@id\":\"https:\/\/dourox1.com\/casa-do-rio\/\",\"url\":\"https:\/\/dourox1.com\/casa-do-rio\/\",\"name\":\"Casa do Rio - Douro X1\",\"isPartOf\":{\"@id\":\"https:\/\/dourox1.com\/#website\"},\"primaryImageOfPage\":{\"@id\":\"https:\/\/dourox1.com\/casa-do-rio\/#primaryimage\"},\"image\":{\"@id\":\"https:\/\/dourox1.com\/casa-do-rio\/#primaryimage\"},\"thumbnailUrl\":\"https:\/\/dourox1.com\/wp-content\/uploads\/2018\/09\/casa-do-rio-0.jpg\",\"datePublished\":\"2018-07-05T11:16:21+00:00\",\"dateModified\":\"2019-08-12T15:53:51+00:00\",\"description\":\"Uma Casa com tra\u00e7a antiga, situada na marginal do Rio Douro, que permite uma estadia inesquec\u00edvel juntando tradi\u00e7\u00e3o e o charme num espa\u00e7o \u00fanico.\",\"breadcrumb\":{\"@id\":\"https:\/\/dourox1.com\/casa-do-rio\/#breadcrumb\"},\"inLanguage\":\"pt-PT\",\"potentialAction\":[{\"@type\":\"ReadAction\",\"target\":[\"https:\/\/dourox1.com\/casa-do-rio\/\"]}]},{\"@type\":\"ImageObject\",\"inLanguage\":\"pt-PT\",\"@id\":\"https:\/\/dourox1.com\/casa-do-rio\/#primaryimage\",\"url\":\"https:\/\/dourox1.com\/wp-content\/uploads\/2018\/09\/casa-do-rio-0.jpg\",\"contentUrl\":\"https:\/\/dourox1.com\/wp-content\/uploads\/2018\/09\/casa-do-rio-0.jpg\",\"width\":1920,\"height\":1200,\"caption\":\"Casa do Rio\"},{\"@type\":\"BreadcrumbList\",\"@id\":\"https:\/\/dourox1.com\/casa-do-rio\/#breadcrumb\",\"itemListElement\":[{\"@type\":\"ListItem\",\"position\":1,\"name\":\"Home\",\"item\":\"https:\/\/dourox1.com\/\"},{\"@type\":\"ListItem\",\"position\":2,\"name\":\"Casa do Rio\"}]},{\"@type\":\"WebSite\",\"@id\":\"https:\/\/dourox1.com\/#website\",\"url\":\"https:\/\/dourox1.com\/\",\"name\":\"Douro X1\",\"description\":\"Venha e descubra os tesouros escondidos do Douro\",\"publisher\":{\"@id\":\"https:\/\/dourox1.com\/#organization\"},\"potentialAction\":[{\"@type\":\"SearchAction\",\"target\":{\"@type\":\"EntryPoint\",\"urlTemplate\":\"https:\/\/dourox1.com\/?s={search_term_string}\"},\"query-input\":{\"@type\":\"PropertyValueSpecification\",\"valueRequired\":true,\"valueName\":\"search_term_string\"}}],\"inLanguage\":\"pt-PT\"},{\"@type\":\"Organization\",\"@id\":\"https:\/\/dourox1.com\/#organization\",\"name\":\"Douro X1\",\"url\":\"https:\/\/dourox1.com\/\",\"logo\":{\"@type\":\"ImageObject\",\"inLanguage\":\"pt-PT\",\"@id\":\"https:\/\/dourox1.com\/#\/schema\/logo\/image\/\",\"url\":\"https:\/\/dourox1.com\/wp-content\/uploads\/2018\/06\/logo250.png\",\"contentUrl\":\"https:\/\/dourox1.com\/wp-content\/uploads\/2018\/06\/logo250.png\",\"width\":250,\"height\":250,\"caption\":\"Douro X1\"},\"image\":{\"@id\":\"https:\/\/dourox1.com\/#\/schema\/logo\/image\/\"}}]}<\/script>\n<!-- \/ Yoast SEO plugin. -->","yoast_head_json":{"title":"Casa do Rio - Douro X1","description":"Uma Casa com tra\u00e7a antiga, situada na marginal do Rio Douro, que permite uma estadia inesquec\u00edvel juntando tradi\u00e7\u00e3o e o charme num espa\u00e7o \u00fanico.","robots":{"index":"index","follow":"follow","max-snippet":"max-snippet:-1","max-image-preview":"max-image-preview:large","max-video-preview":"max-video-preview:-1"},"canonical":"https:\/\/dourox1.com\/casa-do-rio\/","og_locale":"pt_PT","og_type":"article","og_title":"Casa do Rio - Douro X1","og_description":"Uma Casa com tra\u00e7a antiga, situada na marginal do Rio Douro, que permite uma estadia inesquec\u00edvel juntando tradi\u00e7\u00e3o e o charme num espa\u00e7o \u00fanico.","og_url":"https:\/\/dourox1.com\/casa-do-rio\/","og_site_name":"Douro X1","article_modified_time":"2019-08-12T15:53:51+00:00","og_image":[{"width":1920,"height":1200,"url":"https:\/\/dourox1.com\/wp-content\/uploads\/2018\/09\/casa-do-rio-0.jpg","type":"image\/jpeg"}],"twitter_card":"summary_large_image","twitter_misc":{"Tempo estimado de leitura":"1 minuto"},"schema":{"@context":"https:\/\/schema.org","@graph":[{"@type":"WebPage","@id":"https:\/\/dourox1.com\/casa-do-rio\/","url":"https:\/\/dourox1.com\/casa-do-rio\/","name":"Casa do Rio - Douro X1","isPartOf":{"@id":"https:\/\/dourox1.com\/#website"},"primaryImageOfPage":{"@id":"https:\/\/dourox1.com\/casa-do-rio\/#primaryimage"},"image":{"@id":"https:\/\/dourox1.com\/casa-do-rio\/#primaryimage"},"thumbnailUrl":"https:\/\/dourox1.com\/wp-content\/uploads\/2018\/09\/casa-do-rio-0.jpg","datePublished":"2018-07-05T11:16:21+00:00","dateModified":"2019-08-12T15:53:51+00:00","description":"Uma Casa com tra\u00e7a antiga, situada na marginal do Rio Douro, que permite uma estadia inesquec\u00edvel juntando tradi\u00e7\u00e3o e o charme num espa\u00e7o \u00fanico.","breadcrumb":{"@id":"https:\/\/dourox1.com\/casa-do-rio\/#breadcrumb"},"inLanguage":"pt-PT","potentialAction":[{"@type":"ReadAction","target":["https:\/\/dourox1.com\/casa-do-rio\/"]}]},{"@type":"ImageObject","inLanguage":"pt-PT","@id":"https:\/\/dourox1.com\/casa-do-rio\/#primaryimage","url":"https:\/\/dourox1.com\/wp-content\/uploads\/2018\/09\/casa-do-rio-0.jpg","contentUrl":"https:\/\/dourox1.com\/wp-content\/uploads\/2018\/09\/casa-do-rio-0.jpg","width":1920,"height":1200,"caption":"Casa do Rio"},{"@type":"BreadcrumbList","@id":"https:\/\/dourox1.com\/casa-do-rio\/#breadcrumb","itemListElement":[{"@type":"ListItem","position":1,"name":"Home","item":"https:\/\/dourox1.com\/"},{"@type":"ListItem","position":2,"name":"Casa do Rio"}]},{"@type":"WebSite","@id":"https:\/\/dourox1.com\/#website","url":"https:\/\/dourox1.com\/","name":"Douro X1","description":"Venha e descubra os tesouros escondidos do Douro","publisher":{"@id":"https:\/\/dourox1.com\/#organization"},"potentialAction":[{"@type":"SearchAction","target":{"@type":"EntryPoint","urlTemplate":"https:\/\/dourox1.com\/?s={search_term_string}"},"query-input":{"@type":"PropertyValueSpecification","valueRequired":true,"valueName":"search_term_string"}}],"inLanguage":"pt-PT"},{"@type":"Organization","@id":"https:\/\/dourox1.com\/#organization","name":"Douro X1","url":"https:\/\/dourox1.com\/","logo":{"@type":"ImageObject","inLanguage":"pt-PT","@id":"https:\/\/dourox1.com\/#\/schema\/logo\/image\/","url":"https:\/\/dourox1.com\/wp-content\/uploads\/2018\/06\/logo250.png","contentUrl":"https:\/\/dourox1.com\/wp-content\/uploads\/2018\/06\/logo250.png","width":250,"height":250,"caption":"Douro X1"},"image":{"@id":"https:\/\/dourox1.com\/#\/schema\/logo\/image\/"}}]}},"jetpack_sharing_enabled":true,"jetpack_shortlink":"https:\/\/wp.me\/P9ZEo4-bv","_links":{"self":[{"href":"https:\/\/dourox1.com\/pt\/wp-json\/wp\/v2\/pages\/713","targetHints":{"allow":["GET"]}}],"collection":[{"href":"https:\/\/dourox1.com\/pt\/wp-json\/wp\/v2\/pages"}],"about":[{"href":"https:\/\/dourox1.com\/pt\/wp-json\/wp\/v2\/types\/page"}],"author":[{"embeddable":true,"href":"https:\/\/dourox1.com\/pt\/wp-json\/wp\/v2\/users\/3"}],"replies":[{"embeddable":true,"href":"https:\/\/dourox1.com\/pt\/wp-json\/wp\/v2\/comments?post=713"}],"version-history":[{"count":5,"href":"https:\/\/dourox1.com\/pt\/wp-json\/wp\/v2\/pages\/713\/revisions"}],"predecessor-version":[{"id":1258,"href":"https:\/\/dourox1.com\/pt\/wp-json\/wp\/v2\/pages\/713\/revisions\/1258"}],"wp:featuredmedia":[{"embeddable":true,"href":"https:\/\/dourox1.com\/pt\/wp-json\/wp\/v2\/media\/926"}],"wp:attachment":[{"href":"https:\/\/dourox1.com\/pt\/wp-json\/wp\/v2\/media?parent=713"}],"wp:term":[{"taxonomy":"category","embeddable":true,"href":"https:\/\/dourox1.com\/pt\/wp-json\/wp\/v2\/categories?post=713"}],"curies":[{"name":"wp","href":"https:\/\/api.w.org\/{rel}","templated":true}]}}