{"id":799,"date":"2018-07-06T11:17:46","date_gmt":"2018-07-06T11:17:46","guid":{"rendered":"https:\/\/dourox1.com\/?page_id=799"},"modified":"2018-07-06T11:17:46","modified_gmt":"2018-07-06T11:17:46","slug":"quinta-da-pousada-airbnb","status":"publish","type":"page","link":"https:\/\/dourox1.com\/pt\/quinta-da-pousada-airbnb\/","title":{"rendered":"Quinta da Pousada &#8211; Airbnb"},"content":{"rendered":"<div id='gallery-2' class='gallery galleryid-799 gallery-columns-3 gallery-size-thumbnail'><figure class='gallery-item'>\n\t\t\t<div class='gallery-icon landscape'>\n\t\t\t\t<a href=\"https:\/\/www.airbnb.com\/rooms\/24956469\" class=\"no-lightbox\"><img loading=\"lazy\" decoding=\"async\" width=\"150\" height=\"150\" src=\"https:\/\/dourox1.com\/wp-content\/uploads\/2018\/07\/feel-the-history-bedroom-1-150x150.jpg\" class=\"attachment-thumbnail size-thumbnail\" alt=\"Quinta da Pousada Airbnb - Feel the history bedroom 1\" aria-describedby=\"gallery-2-806\" srcset=\"https:\/\/dourox1.com\/wp-content\/uploads\/2018\/07\/feel-the-history-bedroom-1-150x150.jpg 150w, https:\/\/dourox1.com\/wp-content\/uploads\/2018\/07\/feel-the-history-bedroom-1-100x100.jpg 100w\" sizes=\"auto, 100vw\" \/><\/a>\n\t\t\t<\/div>\n\t\t\t\t<figcaption class='wp-caption-text gallery-caption' id='gallery-2-806'>\n\t\t\t\tFeel the history bedroom 1\n\t\t\t\t<\/figcaption><\/figure><figure class='gallery-item'>\n\t\t\t<div class='gallery-icon landscape'>\n\t\t\t\t<a href=\"https:\/\/www.airbnb.com\/rooms\/25332258\" class=\"no-lightbox\"><img loading=\"lazy\" decoding=\"async\" width=\"150\" height=\"150\" src=\"https:\/\/dourox1.com\/wp-content\/uploads\/2018\/07\/feel-the-history-bedroom-2-150x150.jpg\" class=\"attachment-thumbnail size-thumbnail\" alt=\"Quinta da Pousada Airbnb - Feel the history bedroom 2\" aria-describedby=\"gallery-2-807\" srcset=\"https:\/\/dourox1.com\/wp-content\/uploads\/2018\/07\/feel-the-history-bedroom-2-150x150.jpg 150w, https:\/\/dourox1.com\/wp-content\/uploads\/2018\/07\/feel-the-history-bedroom-2-100x100.jpg 100w\" sizes=\"auto, 100vw\" \/><\/a>\n\t\t\t<\/div>\n\t\t\t\t<figcaption class='wp-caption-text gallery-caption' id='gallery-2-807'>\n\t\t\t\tFeel the history bedroom 2\n\t\t\t\t<\/figcaption><\/figure><figure class='gallery-item'>\n\t\t\t<div class='gallery-icon landscape'>\n\t\t\t\t<a href=\"https:\/\/www.airbnb.com\/rooms\/25332814\" class=\"no-lightbox\"><img loading=\"lazy\" decoding=\"async\" width=\"150\" height=\"150\" src=\"https:\/\/dourox1.com\/wp-content\/uploads\/2018\/07\/feel-the-history-bedroom-3-150x150.jpg\" class=\"attachment-thumbnail size-thumbnail\" alt=\"Quinta da Pousada Airbnb - Feel the history bedroom 3\" aria-describedby=\"gallery-2-808\" srcset=\"https:\/\/dourox1.com\/wp-content\/uploads\/2018\/07\/feel-the-history-bedroom-3-150x150.jpg 150w, https:\/\/dourox1.com\/wp-content\/uploads\/2018\/07\/feel-the-history-bedroom-3-100x100.jpg 100w\" sizes=\"auto, 100vw\" \/><\/a>\n\t\t\t<\/div>\n\t\t\t\t<figcaption class='wp-caption-text gallery-caption' id='gallery-2-808'>\n\t\t\t\tFeel the history bedroom 3\n\t\t\t\t<\/figcaption><\/figure><figure class='gallery-item'>\n\t\t\t<div class='gallery-icon landscape'>\n\t\t\t\t<a href=\"https:\/\/www.airbnb.com\/rooms\/24954012\" class=\"no-lightbox\"><img loading=\"lazy\" decoding=\"async\" width=\"150\" height=\"150\" src=\"https:\/\/dourox1.com\/wp-content\/uploads\/2018\/07\/lagar-150x150.jpg\" class=\"attachment-thumbnail size-thumbnail\" alt=\"Quinta da Pousada Airbnb - Lagar\" aria-describedby=\"gallery-2-801\" srcset=\"https:\/\/dourox1.com\/wp-content\/uploads\/2018\/07\/lagar-150x150.jpg 150w, https:\/\/dourox1.com\/wp-content\/uploads\/2018\/07\/lagar-100x100.jpg 100w\" sizes=\"auto, 100vw\" \/><\/a>\n\t\t\t<\/div>\n\t\t\t\t<figcaption class='wp-caption-text gallery-caption' id='gallery-2-801'>\n\t\t\t\tO Lagar\n\t\t\t\t<\/figcaption><\/figure><figure class='gallery-item'>\n\t\t\t<div class='gallery-icon landscape'>\n\t\t\t\t<a href=\"https:\/\/www.airbnb.com\/rooms\/24952560\" class=\"no-lightbox\"><img loading=\"lazy\" decoding=\"async\" width=\"150\" height=\"150\" src=\"https:\/\/dourox1.com\/wp-content\/uploads\/2018\/07\/pipas-150x150.jpg\" class=\"attachment-thumbnail size-thumbnail\" alt=\"Quinta da Pousada Airbnb - Pipas\" aria-describedby=\"gallery-2-802\" srcset=\"https:\/\/dourox1.com\/wp-content\/uploads\/2018\/07\/pipas-150x150.jpg 150w, https:\/\/dourox1.com\/wp-content\/uploads\/2018\/07\/pipas-100x100.jpg 100w\" sizes=\"auto, 100vw\" \/><\/a>\n\t\t\t<\/div>\n\t\t\t\t<figcaption class='wp-caption-text gallery-caption' id='gallery-2-802'>\n\t\t\t\tAs Pipas\n\t\t\t\t<\/figcaption><\/figure><figure class='gallery-item'>\n\t\t\t<div class='gallery-icon landscape'>\n\t\t\t\t<a href=\"https:\/\/www.airbnb.com\/rooms\/24935053\" class=\"no-lightbox\"><img loading=\"lazy\" decoding=\"async\" width=\"150\" height=\"150\" src=\"https:\/\/dourox1.com\/wp-content\/uploads\/2018\/07\/pipos-150x150.jpg\" class=\"attachment-thumbnail size-thumbnail\" alt=\"Quinta da Pousada Airbnb - Pipos\" aria-describedby=\"gallery-2-803\" srcset=\"https:\/\/dourox1.com\/wp-content\/uploads\/2018\/07\/pipos-150x150.jpg 150w, https:\/\/dourox1.com\/wp-content\/uploads\/2018\/07\/pipos-100x100.jpg 100w\" sizes=\"auto, 100vw\" \/><\/a>\n\t\t\t<\/div>\n\t\t\t\t<figcaption class='wp-caption-text gallery-caption' id='gallery-2-803'>\n\t\t\t\tOs Pipos\n\t\t\t\t<\/figcaption><\/figure><figure class='gallery-item'>\n\t\t\t<div class='gallery-icon landscape'>\n\t\t\t\t<a href=\"https:\/\/www.airbnb.com\/rooms\/19368584\" class=\"no-lightbox\"><img loading=\"lazy\" decoding=\"async\" width=\"150\" height=\"150\" src=\"https:\/\/dourox1.com\/wp-content\/uploads\/2018\/07\/vineyard-house-150x150.jpg\" class=\"attachment-thumbnail size-thumbnail\" alt=\"Quinta da Pousada Airbnb - Vineyard house\" aria-describedby=\"gallery-2-804\" srcset=\"https:\/\/dourox1.com\/wp-content\/uploads\/2018\/07\/vineyard-house-150x150.jpg 150w, https:\/\/dourox1.com\/wp-content\/uploads\/2018\/07\/vineyard-house-100x100.jpg 100w\" sizes=\"auto, 100vw\" \/><\/a>\n\t\t\t<\/div>\n\t\t\t\t<figcaption class='wp-caption-text gallery-caption' id='gallery-2-804'>\n\t\t\t\tVineyard house\n\t\t\t\t<\/figcaption><\/figure>\n\t\t<\/div>\n\n","protected":false},"excerpt":{"rendered":"","protected":false},"author":3,"featured_media":0,"parent":0,"menu_order":0,"comment_status":"closed","ping_status":"closed","template":"","meta":{"footnotes":""},"categories":[],"class_list":["post-799","page","type-page","status-publish","hentry"],"translation":{"provider":"WPGlobus","version":"2.7.1","language":"pt","enabled_languages":["en","pt"],"languages":{"en":{"title":true,"content":true,"excerpt":false},"pt":{"title":true,"content":true,"excerpt":false}}},"yoast_head":"<!-- This site is optimized with the Yoast SEO plugin v26.9 - https:\/\/yoast.com\/product\/yoast-seo-wordpress\/ -->\n<title>Quinta da Pousada - Airbnb - Douro X1<\/title>\n<meta name=\"description\" content=\"Utilize o Airbnb para fazer uma reserva num lugar m\u00e1gico que respira tradi\u00e7\u00e3o, podendo desfrutar de uma experi\u00eancia \u00fanica.\" \/>\n<meta name=\"robots\" content=\"index, follow, max-snippet:-1, max-image-preview:large, max-video-preview:-1\" \/>\n<link rel=\"canonical\" href=\"https:\/\/dourox1.com\/quinta-da-pousada-airbnb\/\" \/>\n<meta property=\"og:locale\" content=\"pt_PT\" \/>\n<meta property=\"og:type\" content=\"article\" \/>\n<meta property=\"og:title\" content=\"Quinta da Pousada - Airbnb - Douro X1\" \/>\n<meta property=\"og:description\" content=\"Utilize o Airbnb para fazer uma reserva num lugar m\u00e1gico que respira tradi\u00e7\u00e3o, podendo desfrutar de uma experi\u00eancia \u00fanica.\" \/>\n<meta property=\"og:url\" content=\"https:\/\/dourox1.com\/quinta-da-pousada-airbnb\/\" \/>\n<meta property=\"og:site_name\" content=\"Douro X1\" \/>\n<meta property=\"og:image\" content=\"https:\/\/dourox1.com\/wp-content\/uploads\/2018\/07\/feel-the-history-bedroom-1-150x150.jpg\" \/>\n<meta name=\"twitter:card\" content=\"summary_large_image\" \/>\n<script type=\"application\/ld+json\" class=\"yoast-schema-graph\">{\"@context\":\"https:\/\/schema.org\",\"@graph\":[{\"@type\":\"WebPage\",\"@id\":\"https:\/\/dourox1.com\/quinta-da-pousada-airbnb\/\",\"url\":\"https:\/\/dourox1.com\/quinta-da-pousada-airbnb\/\",\"name\":\"Quinta da Pousada - Airbnb - Douro X1\",\"isPartOf\":{\"@id\":\"https:\/\/dourox1.com\/#website\"},\"datePublished\":\"2018-07-06T11:17:46+00:00\",\"description\":\"Utilize o Airbnb para fazer uma reserva num lugar m\u00e1gico que respira tradi\u00e7\u00e3o, podendo desfrutar de uma experi\u00eancia \u00fanica. \",\"breadcrumb\":{\"@id\":\"https:\/\/dourox1.com\/quinta-da-pousada-airbnb\/#breadcrumb\"},\"inLanguage\":\"pt-PT\",\"potentialAction\":[{\"@type\":\"ReadAction\",\"target\":[\"https:\/\/dourox1.com\/quinta-da-pousada-airbnb\/\"]}]},{\"@type\":\"BreadcrumbList\",\"@id\":\"https:\/\/dourox1.com\/quinta-da-pousada-airbnb\/#breadcrumb\",\"itemListElement\":[{\"@type\":\"ListItem\",\"position\":1,\"name\":\"Home\",\"item\":\"https:\/\/dourox1.com\/\"},{\"@type\":\"ListItem\",\"position\":2,\"name\":\"Quinta da Pousada &#8211; Airbnb\"}]},{\"@type\":\"WebSite\",\"@id\":\"https:\/\/dourox1.com\/#website\",\"url\":\"https:\/\/dourox1.com\/\",\"name\":\"Douro X1\",\"description\":\"Venha e descubra os tesouros escondidos do Douro\",\"publisher\":{\"@id\":\"https:\/\/dourox1.com\/#organization\"},\"potentialAction\":[{\"@type\":\"SearchAction\",\"target\":{\"@type\":\"EntryPoint\",\"urlTemplate\":\"https:\/\/dourox1.com\/?s={search_term_string}\"},\"query-input\":{\"@type\":\"PropertyValueSpecification\",\"valueRequired\":true,\"valueName\":\"search_term_string\"}}],\"inLanguage\":\"pt-PT\"},{\"@type\":\"Organization\",\"@id\":\"https:\/\/dourox1.com\/#organization\",\"name\":\"Douro X1\",\"url\":\"https:\/\/dourox1.com\/\",\"logo\":{\"@type\":\"ImageObject\",\"inLanguage\":\"pt-PT\",\"@id\":\"https:\/\/dourox1.com\/#\/schema\/logo\/image\/\",\"url\":\"https:\/\/dourox1.com\/wp-content\/uploads\/2018\/06\/logo250.png\",\"contentUrl\":\"https:\/\/dourox1.com\/wp-content\/uploads\/2018\/06\/logo250.png\",\"width\":250,\"height\":250,\"caption\":\"Douro X1\"},\"image\":{\"@id\":\"https:\/\/dourox1.com\/#\/schema\/logo\/image\/\"}}]}<\/script>\n<!-- \/ Yoast SEO plugin. -->","yoast_head_json":{"title":"Quinta da Pousada - Airbnb - Douro X1","description":"Utilize o Airbnb para fazer uma reserva num lugar m\u00e1gico que respira tradi\u00e7\u00e3o, podendo desfrutar de uma experi\u00eancia \u00fanica.","robots":{"index":"index","follow":"follow","max-snippet":"max-snippet:-1","max-image-preview":"max-image-preview:large","max-video-preview":"max-video-preview:-1"},"canonical":"https:\/\/dourox1.com\/quinta-da-pousada-airbnb\/","og_locale":"pt_PT","og_type":"article","og_title":"Quinta da Pousada - Airbnb - Douro X1","og_description":"Utilize o Airbnb para fazer uma reserva num lugar m\u00e1gico que respira tradi\u00e7\u00e3o, podendo desfrutar de uma experi\u00eancia \u00fanica.","og_url":"https:\/\/dourox1.com\/quinta-da-pousada-airbnb\/","og_site_name":"Douro X1","og_image":[{"url":"https:\/\/dourox1.com\/wp-content\/uploads\/2018\/07\/feel-the-history-bedroom-1-150x150.jpg","type":"","width":"","height":""}],"twitter_card":"summary_large_image","schema":{"@context":"https:\/\/schema.org","@graph":[{"@type":"WebPage","@id":"https:\/\/dourox1.com\/quinta-da-pousada-airbnb\/","url":"https:\/\/dourox1.com\/quinta-da-pousada-airbnb\/","name":"Quinta da Pousada - Airbnb - Douro X1","isPartOf":{"@id":"https:\/\/dourox1.com\/#website"},"datePublished":"2018-07-06T11:17:46+00:00","description":"Utilize o Airbnb para fazer uma reserva num lugar m\u00e1gico que respira tradi\u00e7\u00e3o, podendo desfrutar de uma experi\u00eancia \u00fanica. ","breadcrumb":{"@id":"https:\/\/dourox1.com\/quinta-da-pousada-airbnb\/#breadcrumb"},"inLanguage":"pt-PT","potentialAction":[{"@type":"ReadAction","target":["https:\/\/dourox1.com\/quinta-da-pousada-airbnb\/"]}]},{"@type":"BreadcrumbList","@id":"https:\/\/dourox1.com\/quinta-da-pousada-airbnb\/#breadcrumb","itemListElement":[{"@type":"ListItem","position":1,"name":"Home","item":"https:\/\/dourox1.com\/"},{"@type":"ListItem","position":2,"name":"Quinta da Pousada &#8211; Airbnb"}]},{"@type":"WebSite","@id":"https:\/\/dourox1.com\/#website","url":"https:\/\/dourox1.com\/","name":"Douro X1","description":"Venha e descubra os tesouros escondidos do Douro","publisher":{"@id":"https:\/\/dourox1.com\/#organization"},"potentialAction":[{"@type":"SearchAction","target":{"@type":"EntryPoint","urlTemplate":"https:\/\/dourox1.com\/?s={search_term_string}"},"query-input":{"@type":"PropertyValueSpecification","valueRequired":true,"valueName":"search_term_string"}}],"inLanguage":"pt-PT"},{"@type":"Organization","@id":"https:\/\/dourox1.com\/#organization","name":"Douro X1","url":"https:\/\/dourox1.com\/","logo":{"@type":"ImageObject","inLanguage":"pt-PT","@id":"https:\/\/dourox1.com\/#\/schema\/logo\/image\/","url":"https:\/\/dourox1.com\/wp-content\/uploads\/2018\/06\/logo250.png","contentUrl":"https:\/\/dourox1.com\/wp-content\/uploads\/2018\/06\/logo250.png","width":250,"height":250,"caption":"Douro X1"},"image":{"@id":"https:\/\/dourox1.com\/#\/schema\/logo\/image\/"}}]}},"jetpack_sharing_enabled":true,"jetpack_shortlink":"https:\/\/wp.me\/P9ZEo4-cT","_links":{"self":[{"href":"https:\/\/dourox1.com\/pt\/wp-json\/wp\/v2\/pages\/799","targetHints":{"allow":["GET"]}}],"collection":[{"href":"https:\/\/dourox1.com\/pt\/wp-json\/wp\/v2\/pages"}],"about":[{"href":"https:\/\/dourox1.com\/pt\/wp-json\/wp\/v2\/types\/page"}],"author":[{"embeddable":true,"href":"https:\/\/dourox1.com\/pt\/wp-json\/wp\/v2\/users\/3"}],"replies":[{"embeddable":true,"href":"https:\/\/dourox1.com\/pt\/wp-json\/wp\/v2\/comments?post=799"}],"version-history":[{"count":2,"href":"https:\/\/dourox1.com\/pt\/wp-json\/wp\/v2\/pages\/799\/revisions"}],"predecessor-version":[{"id":859,"href":"https:\/\/dourox1.com\/pt\/wp-json\/wp\/v2\/pages\/799\/revisions\/859"}],"wp:attachment":[{"href":"https:\/\/dourox1.com\/pt\/wp-json\/wp\/v2\/media?parent=799"}],"wp:term":[{"taxonomy":"category","embeddable":true,"href":"https:\/\/dourox1.com\/pt\/wp-json\/wp\/v2\/categories?post=799"}],"curies":[{"name":"wp","href":"https:\/\/api.w.org\/{rel}","templated":true}]}}