{"id":9,"date":"2018-05-22T08:37:17","date_gmt":"2018-05-22T08:37:17","guid":{"rendered":"https:\/\/dourox1.com\/?page_id=9"},"modified":"2018-07-05T08:35:53","modified_gmt":"2018-07-05T08:35:53","slug":"home","status":"publish","type":"page","link":"https:\/\/dourox1.com\/pt\/","title":{"rendered":"Venha e descubra os tesouros escondidos do Douro"},"content":{"rendered":"<p>A Douro X1 surge no in\u00edcio de 2017, tornando o sonho em realidade.<\/p>\n<p>Ant\u00f3nio Silva, Engenheiro Agr\u00f3nomo, cresceu no meio dos vinhedos ouvindo as mais belas hist\u00f3rias e mem\u00f3rias contadas pelo seu Av\u00f4 Serafim e seu pai Jos\u00e9. \u00c9 a estes que Ant\u00f3nio deve todo o seu Ser, e a quem prometeu continuar a cultivar o maior tesouro que lhe foi legado: as suas vinhas.<\/p>\n<p>O seu lado empreendedor, sempre impulsionado pela sua esposa Marinete, levaram-no a querer seguir o seu caminho, aliando o turismo \u00e0 vinha e ao vinho, de forma a partilhar com o Mundo um pouco da sua hist\u00f3ria e das mem\u00f3rias das suas gentes.<\/p>\n<p>A Douro X1 \u00e9 fruto de uma paix\u00e3o e do desejo de criar espa\u00e7os \u00fanicos e especiais para uma estadia no Douro onde relembramos as nossas origens.<\/p>\n<p>Em cada parede das nossas casas recuamos no tempo, sentindo o xisto ou o cheiro do vinho proveniente do lagar enquanto se descansa.<\/p>\n<p>Connosco pode reencontrar o equil\u00edbrio perfeito entre o corpo, a mente e a alma acompanhado de um bom vinho do Porto.<\/p>\n<p><strong>Uma experi\u00eancia \u00fanica.<\/strong><\/p>\n","protected":false},"excerpt":{"rendered":"<p>A Douro X1 surge no in\u00edcio de 2017, tornando o sonho em realidade.<\/p>\n<p>Ant\u00f3nio Silva, Engenheiro Agr\u00f3nomo, cresceu no meio dos vinhedos ouvindo as mais belas hist\u00f3rias e mem\u00f3rias contadas pelo seu Av\u00f4 Serafim e seu pai Jos\u00e9. \u00c9 a estes que Ant\u00f3nio deve todo o seu Ser, e a quem prometeu continuar a cultivar o maior tesouro que lhe foi legado: as suas vinhas.<\/p>\n<p>O seu lado empreendedor, sempre impulsionado pela sua esposa Marinete, levaram-no a querer seguir o seu caminho, aliando o turismo \u00e0 vinha e ao vinho, de forma a partilhar com o Mundo um pouco da sua hist\u00f3ria e das mem\u00f3rias das suas gentes.<\/p>\n<p>A Douro X1 \u00e9 fruto de uma paix\u00e3o e do desejo de criar espa\u00e7os \u00fanicos e especiais para uma estadia no Douro onde relembramos as nossas origens.<\/p>\n<p>Em cada parede das nossas casas recuamos no tempo, sentindo o xisto ou o cheiro do vinho proveniente do lagar enquanto se descansa.<\/p>\n<p>Connosco pode reencontrar o equil\u00edbrio perfeito entre o corpo, a mente e a alma acompanhado de um bom vinho do Porto.<\/p>\n<p><strong>Uma experi\u00eancia \u00fanica.<\/strong><\/p>\n","protected":false},"author":3,"featured_media":0,"parent":0,"menu_order":0,"comment_status":"closed","ping_status":"closed","template":"","meta":{"footnotes":""},"categories":[],"class_list":["post-9","page","type-page","status-publish","hentry"],"translation":{"provider":"WPGlobus","version":"2.7.1","language":"pt","enabled_languages":["en","pt"],"languages":{"en":{"title":true,"content":true,"excerpt":true},"pt":{"title":true,"content":true,"excerpt":true}}},"yoast_head":"<!-- This site is optimized with the Yoast SEO plugin v26.9 - https:\/\/yoast.com\/product\/yoast-seo-wordpress\/ -->\n<title>Venha e descubra os tesouros escondidos do Douro - Douro X1<\/title>\n<meta name=\"description\" content=\"A Douro X1 \u00e9 fruto de uma paix\u00e3o e do desejo de criar espa\u00e7os \u00fanicos e especiais para uma estadia no Douro onde relembramos as nossas origens. Visite-nos!\" \/>\n<meta name=\"robots\" content=\"index, follow, max-snippet:-1, max-image-preview:large, max-video-preview:-1\" \/>\n<link rel=\"canonical\" href=\"https:\/\/dourox1.com\/\" \/>\n<meta property=\"og:locale\" content=\"pt_PT\" \/>\n<meta property=\"og:type\" content=\"article\" \/>\n<meta property=\"og:title\" content=\"Venha e descubra os tesouros escondidos do Douro - Douro X1\" \/>\n<meta property=\"og:description\" content=\"A Douro X1 \u00e9 fruto de uma paix\u00e3o e do desejo de criar espa\u00e7os \u00fanicos e especiais para uma estadia no Douro onde relembramos as nossas origens. Visite-nos!\" \/>\n<meta property=\"og:url\" content=\"https:\/\/dourox1.com\/\" \/>\n<meta property=\"og:site_name\" content=\"Douro X1\" \/>\n<meta property=\"article:modified_time\" content=\"2018-07-05T08:35:53+00:00\" \/>\n<meta name=\"twitter:card\" content=\"summary_large_image\" \/>\n<meta name=\"twitter:label1\" content=\"Tempo estimado de leitura\" \/>\n\t<meta name=\"twitter:data1\" content=\"2 minutos\" \/>\n<script type=\"application\/ld+json\" class=\"yoast-schema-graph\">{\"@context\":\"https:\/\/schema.org\",\"@graph\":[{\"@type\":\"WebPage\",\"@id\":\"https:\/\/dourox1.com\/\",\"url\":\"https:\/\/dourox1.com\/\",\"name\":\"Venha e descubra os tesouros escondidos do Douro - Douro X1\",\"isPartOf\":{\"@id\":\"https:\/\/dourox1.com\/#website\"},\"datePublished\":\"2018-05-22T08:37:17+00:00\",\"dateModified\":\"2018-07-05T08:35:53+00:00\",\"description\":\"A Douro X1 \u00e9 fruto de uma paix\u00e3o e do desejo de criar espa\u00e7os \u00fanicos e especiais para uma estadia no Douro onde relembramos as nossas origens. Visite-nos!\",\"breadcrumb\":{\"@id\":\"https:\/\/dourox1.com\/#breadcrumb\"},\"inLanguage\":\"pt-PT\",\"potentialAction\":[{\"@type\":\"ReadAction\",\"target\":[\"https:\/\/dourox1.com\/\"]}]},{\"@type\":\"BreadcrumbList\",\"@id\":\"https:\/\/dourox1.com\/#breadcrumb\",\"itemListElement\":[{\"@type\":\"ListItem\",\"position\":1,\"name\":\"Home\",\"item\":\"https:\/\/dourox1.com\/\"},{\"@type\":\"ListItem\",\"position\":2,\"name\":\"Come and discover the hidden gems of Douro!\"}]},{\"@type\":\"WebSite\",\"@id\":\"https:\/\/dourox1.com\/#website\",\"url\":\"https:\/\/dourox1.com\/\",\"name\":\"Douro X1\",\"description\":\"Venha e descubra os tesouros escondidos do Douro\",\"publisher\":{\"@id\":\"https:\/\/dourox1.com\/#organization\"},\"potentialAction\":[{\"@type\":\"SearchAction\",\"target\":{\"@type\":\"EntryPoint\",\"urlTemplate\":\"https:\/\/dourox1.com\/?s={search_term_string}\"},\"query-input\":{\"@type\":\"PropertyValueSpecification\",\"valueRequired\":true,\"valueName\":\"search_term_string\"}}],\"inLanguage\":\"pt-PT\"},{\"@type\":\"Organization\",\"@id\":\"https:\/\/dourox1.com\/#organization\",\"name\":\"Douro X1\",\"url\":\"https:\/\/dourox1.com\/\",\"logo\":{\"@type\":\"ImageObject\",\"inLanguage\":\"pt-PT\",\"@id\":\"https:\/\/dourox1.com\/#\/schema\/logo\/image\/\",\"url\":\"https:\/\/dourox1.com\/wp-content\/uploads\/2018\/06\/logo250.png\",\"contentUrl\":\"https:\/\/dourox1.com\/wp-content\/uploads\/2018\/06\/logo250.png\",\"width\":250,\"height\":250,\"caption\":\"Douro X1\"},\"image\":{\"@id\":\"https:\/\/dourox1.com\/#\/schema\/logo\/image\/\"}}]}<\/script>\n<!-- \/ Yoast SEO plugin. -->","yoast_head_json":{"title":"Venha e descubra os tesouros escondidos do Douro - Douro X1","description":"A Douro X1 \u00e9 fruto de uma paix\u00e3o e do desejo de criar espa\u00e7os \u00fanicos e especiais para uma estadia no Douro onde relembramos as nossas origens. Visite-nos!","robots":{"index":"index","follow":"follow","max-snippet":"max-snippet:-1","max-image-preview":"max-image-preview:large","max-video-preview":"max-video-preview:-1"},"canonical":"https:\/\/dourox1.com\/","og_locale":"pt_PT","og_type":"article","og_title":"Venha e descubra os tesouros escondidos do Douro - Douro X1","og_description":"A Douro X1 \u00e9 fruto de uma paix\u00e3o e do desejo de criar espa\u00e7os \u00fanicos e especiais para uma estadia no Douro onde relembramos as nossas origens. Visite-nos!","og_url":"https:\/\/dourox1.com\/","og_site_name":"Douro X1","article_modified_time":"2018-07-05T08:35:53+00:00","twitter_card":"summary_large_image","twitter_misc":{"Tempo estimado de leitura":"2 minutos"},"schema":{"@context":"https:\/\/schema.org","@graph":[{"@type":"WebPage","@id":"https:\/\/dourox1.com\/","url":"https:\/\/dourox1.com\/","name":"Venha e descubra os tesouros escondidos do Douro - Douro X1","isPartOf":{"@id":"https:\/\/dourox1.com\/#website"},"datePublished":"2018-05-22T08:37:17+00:00","dateModified":"2018-07-05T08:35:53+00:00","description":"A Douro X1 \u00e9 fruto de uma paix\u00e3o e do desejo de criar espa\u00e7os \u00fanicos e especiais para uma estadia no Douro onde relembramos as nossas origens. Visite-nos!","breadcrumb":{"@id":"https:\/\/dourox1.com\/#breadcrumb"},"inLanguage":"pt-PT","potentialAction":[{"@type":"ReadAction","target":["https:\/\/dourox1.com\/"]}]},{"@type":"BreadcrumbList","@id":"https:\/\/dourox1.com\/#breadcrumb","itemListElement":[{"@type":"ListItem","position":1,"name":"Home","item":"https:\/\/dourox1.com\/"},{"@type":"ListItem","position":2,"name":"Come and discover the hidden gems of Douro!"}]},{"@type":"WebSite","@id":"https:\/\/dourox1.com\/#website","url":"https:\/\/dourox1.com\/","name":"Douro X1","description":"Venha e descubra os tesouros escondidos do Douro","publisher":{"@id":"https:\/\/dourox1.com\/#organization"},"potentialAction":[{"@type":"SearchAction","target":{"@type":"EntryPoint","urlTemplate":"https:\/\/dourox1.com\/?s={search_term_string}"},"query-input":{"@type":"PropertyValueSpecification","valueRequired":true,"valueName":"search_term_string"}}],"inLanguage":"pt-PT"},{"@type":"Organization","@id":"https:\/\/dourox1.com\/#organization","name":"Douro X1","url":"https:\/\/dourox1.com\/","logo":{"@type":"ImageObject","inLanguage":"pt-PT","@id":"https:\/\/dourox1.com\/#\/schema\/logo\/image\/","url":"https:\/\/dourox1.com\/wp-content\/uploads\/2018\/06\/logo250.png","contentUrl":"https:\/\/dourox1.com\/wp-content\/uploads\/2018\/06\/logo250.png","width":250,"height":250,"caption":"Douro X1"},"image":{"@id":"https:\/\/dourox1.com\/#\/schema\/logo\/image\/"}}]}},"jetpack_sharing_enabled":true,"jetpack_shortlink":"https:\/\/wp.me\/P9ZEo4-9","_links":{"self":[{"href":"https:\/\/dourox1.com\/pt\/wp-json\/wp\/v2\/pages\/9","targetHints":{"allow":["GET"]}}],"collection":[{"href":"https:\/\/dourox1.com\/pt\/wp-json\/wp\/v2\/pages"}],"about":[{"href":"https:\/\/dourox1.com\/pt\/wp-json\/wp\/v2\/types\/page"}],"author":[{"embeddable":true,"href":"https:\/\/dourox1.com\/pt\/wp-json\/wp\/v2\/users\/3"}],"replies":[{"embeddable":true,"href":"https:\/\/dourox1.com\/pt\/wp-json\/wp\/v2\/comments?post=9"}],"version-history":[{"count":4,"href":"https:\/\/dourox1.com\/pt\/wp-json\/wp\/v2\/pages\/9\/revisions"}],"predecessor-version":[{"id":586,"href":"https:\/\/dourox1.com\/pt\/wp-json\/wp\/v2\/pages\/9\/revisions\/586"}],"wp:attachment":[{"href":"https:\/\/dourox1.com\/pt\/wp-json\/wp\/v2\/media?parent=9"}],"wp:term":[{"taxonomy":"category","embeddable":true,"href":"https:\/\/dourox1.com\/pt\/wp-json\/wp\/v2\/categories?post=9"}],"curies":[{"name":"wp","href":"https:\/\/api.w.org\/{rel}","templated":true}]}}